{"id":10894,"date":"2020-11-30T07:36:22","date_gmt":"2020-11-30T12:36:22","guid":{"rendered":"https:\/\/www.duboischemicals.com\/\/water-treatment\/automotive\/"},"modified":"2021-02-12T10:09:04","modified_gmt":"2021-02-12T15:09:04","slug":"automotive","status":"publish","type":"page","link":"https:\/\/www.duboischemicals.com\/water-treatment\/fr\/industries\/automotive\/","title":{"rendered":"Automobile"},"content":{"rendered":"<h2>Automobile<\/h2>\n<p>DuBois a depuis longtemps propos\u00e9 des solutions pour l&rsquo;eau et les eaux us\u00e9es, non seulement aux trois grands fabricants, mais aux fournisseurs de premier, deuxi\u00e8me et troisi\u00e8me niveaux de l&rsquo;Am\u00e9rique du Nord. Les produits chimiques innovants et les repr\u00e9sentants du service \u00e0 la client\u00e8le comp\u00e9tents de DuBois minimiseront le tartre, la corrosion et l&rsquo;activit\u00e9 microbienne dans vos syst\u00e8mes d&rsquo;eau.<\/p>\n<p>Les tendances r\u00e9centes dans l&rsquo;industrie automobile ont mis l&rsquo;accent sur la r\u00e9duction de la consommation d&rsquo;eau dans les installations de fabrication. R\u00e9duire la consommation d&rsquo;eau permet non seulement d&rsquo;\u00e9conomiser de l&rsquo;argent, mais aussi de cr\u00e9er un processus de fabrication durable. Gr\u00e2ce \u00e0 <a href=\"http:\/\/www.duboischemicals.com\/\/water-treatment\/equipment\/automation-control\/monitrol\/\">Monitrol<\/a>, \u00e0 PBB et \u00e0 d&rsquo;autres produits chimiques innovants, nos repr\u00e9sentants disposent des outils n\u00e9cessaires pour minimiser l&rsquo;utilisation de l&rsquo;eau et la consommation d&rsquo;\u00e9nergie dans vos syst\u00e8mes d&rsquo;eau trait\u00e9e.<\/p>\n<p>\u00c0 l\u2019aboutissement des processus de <a href=\"http:\/\/www.duboischemicals.com\/\/manufacturing\/fr\/\">fabrication<\/a>, DuBois propose \u00e9galement des solutions de traitement des eaux us\u00e9es qui permettent de r\u00e9aliser des \u00e9conomies d&rsquo;eau en encourageant la r\u00e9utilisation de l&rsquo;eau tout en minimisant les autres co\u00fbts d&rsquo;\u00e9limination en aidant \u00e0 r\u00e9pondre aux exigences relatives aux rejets.<\/p>\n<p>En plus de r\u00e9pondre \u00e0 vos besoins en mati\u00e8re d&rsquo;eau et d&rsquo;eaux us\u00e9es, DuBois peut vous faire r\u00e9aliser des \u00e9conomies suppl\u00e9mentaires gr\u00e2ce \u00e0 ses produits chimiques innovants de nettoyage et de traitement de surface. DuBois propose des produits pour le refroidissement, le traitement thermique, la phosphatation, le traitement au zirconium, le nettoyage en cours de processus, les traitements antirouilles, le travail des m\u00e9taux et les produits chimiques de lavage. Tout comme nos solutions en mati\u00e8re d&rsquo;eau et d&rsquo;eaux us\u00e9es, ces produits chimiques industriels offrent \u00e9galement des possibilit\u00e9s de r\u00e9duire les co\u00fbts li\u00e9s \u00e0 la consommation d&rsquo;eau et d&rsquo;\u00e9nergie.<\/p>\n<p>DuBois offre une valeur que peu de gens peuvent \u00e9galer en proposant des produits chimiques qui peuvent \u00eatre utilis\u00e9s tout au long de votre op\u00e9ration. En particulier, recevoir vos produits chimiques de nettoyage et de traitement en m\u00eame temps que vos produits chimiques pour les eaux us\u00e9es cr\u00e9e une synergie qui peut r\u00e9duire consid\u00e9rablement les co\u00fbts et offrir des possibilit\u00e9s de r\u00e9utilisation et de minimisation de l&rsquo;eau.<\/p>\n<p><strong>Produits et technologies\u00a0:<\/strong><\/p>\n<ul>\n<li><a href=\"http:\/\/www.duboischemicals.com\/\/water-treatment\/products\/cooling-water-treatment\/\">Traitement de l&rsquo;eau de refroidissement<\/a><\/li>\n<li><a href=\"http:\/\/www.duboischemicals.com\/\/water-treatment\/products\/legionella-control\/\">Lutte contre les l\u00e9gionelles<\/a><\/li>\n<li><a href=\"http:\/\/www.duboischemicals.com\/\/water-treatment\/products\/closed-loop-treatment\/\">Traitement en syst\u00e8me ferm\u00e9<\/a><\/li>\n<li><a href=\"http:\/\/www.duboischemicals.com\/\/water-treatment\/products\/boiler-water-treatment\/\">Traitement de l&rsquo;eau de chaudi\u00e8re<\/a><\/li>\n<li><a href=\"http:\/\/www.duboischemicals.com\/\/water-treatment\/products\/wastewater-treatment\/\">Traitement des eaux us\u00e9es<\/a><\/li>\n<li><a href=\"http:\/\/www.duboischemicals.com\/\/water-treatment\/service-support\/water-management-programs\/\">Programmes de traitement des eaux<\/a><\/li>\n<li><a href=\"http:\/\/www.duboischemicals.com\/\/water-treatment\/equipment\/automation-control\/\">Automatisation et contr\u00f4le<\/a><\/li>\n<li><a href=\"http:\/\/www.duboischemicals.com\/\/water-treatment\/products\/paintbooth-maintenance\/\">Entretien des cabines de peinture<\/a><\/li>\n<li><a href=\"http:\/\/www.duboischemicals.com\/\/water-treatment\/service-support\/data-management\/\">Gestion des donn\u00e9es DuBois<\/a><\/li>\n<\/ul>\n<p><strong>\u00c9tude de cas\u00a0:<\/strong><\/p>\n<p><a href=\"https:\/\/www.duboischemicals.com\/water-treatment\/fr\/resources\/case-studies\/installation-of-monitrol-water-management-program-at-midwest-automotive-customer-results-in-80-water-and-15-chemical-usage-reductions\/\">Plan global de gestion de l&rsquo;eau\u00a0\u2013 Industrie automobile<\/a><\/p>\n","protected":false},"excerpt":{"rendered":"<p>Automobile DuBois a depuis longtemps propos\u00e9 des solutions pour l&rsquo;eau et les eaux us\u00e9es, non seulement aux trois grands fabricants, mais aux fournisseurs de premier, deuxi\u00e8me et troisi\u00e8me niveaux de l&rsquo;Am\u00e9rique du Nord. Les produits&#8230;<\/p>\n","protected":false},"author":220,"featured_media":0,"parent":10909,"menu_order":10,"comment_status":"closed","ping_status":"closed","template":"","meta":{"_acf_changed":false,"footnotes":""},"class_list":["post-10894","page","type-page","status-publish","hentry"],"acf":[],"yoast_head":"<!-- This site is optimized with the Yoast SEO plugin v26.8 - https:\/\/yoast.com\/product\/yoast-seo-wordpress\/ -->\n<title>Automobile - Traitement des eaux<\/title>\n<meta name=\"robots\" content=\"index, follow, max-snippet:-1, max-image-preview:large, max-video-preview:-1\" \/>\n<link rel=\"canonical\" href=\"https:\/\/www.duboischemicals.com\/water-treatment\/fr\/industries\/automotive\/\" \/>\n<meta property=\"og:locale\" content=\"fr_FR\" \/>\n<meta property=\"og:type\" content=\"article\" \/>\n<meta property=\"og:title\" content=\"Automobile - Traitement des eaux\" \/>\n<meta property=\"og:description\" content=\"Automobile DuBois a depuis longtemps propos\u00e9 des solutions pour l&rsquo;eau et les eaux us\u00e9es, non seulement aux trois grands fabricants, mais aux fournisseurs de premier, deuxi\u00e8me et troisi\u00e8me niveaux de l&rsquo;Am\u00e9rique du Nord. Les produits...\" \/>\n<meta property=\"og:url\" content=\"https:\/\/www.duboischemicals.com\/water-treatment\/fr\/industries\/automotive\/\" \/>\n<meta property=\"og:site_name\" content=\"Traitement des eaux\" \/>\n<meta property=\"article:modified_time\" content=\"2021-02-12T15:09:04+00:00\" \/>\n<meta name=\"twitter:card\" content=\"summary_large_image\" \/>\n<meta name=\"twitter:label1\" content=\"Dur\u00e9e de lecture estim\u00e9e\" \/>\n\t<meta name=\"twitter:data1\" content=\"2 minutes\" \/>\n<script type=\"application\/ld+json\" class=\"yoast-schema-graph\">{\"@context\":\"https:\/\/schema.org\",\"@graph\":[{\"@type\":\"WebPage\",\"@id\":\"https:\/\/www.duboischemicals.com\/water-treatment\/fr\/industries\/automotive\/\",\"url\":\"https:\/\/www.duboischemicals.com\/water-treatment\/fr\/industries\/automotive\/\",\"name\":\"Automobile - Traitement des eaux\",\"isPartOf\":{\"@id\":\"https:\/\/www.duboischemicals.com\/water-treatment\/fr\/#website\"},\"datePublished\":\"2020-11-30T12:36:22+00:00\",\"dateModified\":\"2021-02-12T15:09:04+00:00\",\"breadcrumb\":{\"@id\":\"https:\/\/www.duboischemicals.com\/water-treatment\/fr\/industries\/automotive\/#breadcrumb\"},\"inLanguage\":\"fr-FR\",\"potentialAction\":[{\"@type\":\"ReadAction\",\"target\":[\"https:\/\/www.duboischemicals.com\/water-treatment\/fr\/industries\/automotive\/\"]}]},{\"@type\":\"BreadcrumbList\",\"@id\":\"https:\/\/www.duboischemicals.com\/water-treatment\/fr\/industries\/automotive\/#breadcrumb\",\"itemListElement\":[{\"@type\":\"ListItem\",\"position\":1,\"name\":\"Accueil\",\"item\":\"https:\/\/www.duboischemicals.com\/water-treatment\/fr\/\"},{\"@type\":\"ListItem\",\"position\":2,\"name\":\"Industries\",\"item\":\"https:\/\/www.duboischemicals.com\/water-treatment\/fr\/industries\/\"},{\"@type\":\"ListItem\",\"position\":3,\"name\":\"Automobile\"}]},{\"@type\":\"WebSite\",\"@id\":\"https:\/\/www.duboischemicals.com\/water-treatment\/fr\/#website\",\"url\":\"https:\/\/www.duboischemicals.com\/water-treatment\/fr\/\",\"name\":\"Traitement des eaux\",\"description\":\"\",\"potentialAction\":[{\"@type\":\"SearchAction\",\"target\":{\"@type\":\"EntryPoint\",\"urlTemplate\":\"https:\/\/www.duboischemicals.com\/water-treatment\/fr\/?s={search_term_string}\"},\"query-input\":{\"@type\":\"PropertyValueSpecification\",\"valueRequired\":true,\"valueName\":\"search_term_string\"}}],\"inLanguage\":\"fr-FR\"}]}<\/script>\n<!-- \/ Yoast SEO plugin. -->","yoast_head_json":{"title":"Automobile - Traitement des eaux","robots":{"index":"index","follow":"follow","max-snippet":"max-snippet:-1","max-image-preview":"max-image-preview:large","max-video-preview":"max-video-preview:-1"},"canonical":"https:\/\/www.duboischemicals.com\/water-treatment\/fr\/industries\/automotive\/","og_locale":"fr_FR","og_type":"article","og_title":"Automobile - Traitement des eaux","og_description":"Automobile DuBois a depuis longtemps propos\u00e9 des solutions pour l&rsquo;eau et les eaux us\u00e9es, non seulement aux trois grands fabricants, mais aux fournisseurs de premier, deuxi\u00e8me et troisi\u00e8me niveaux de l&rsquo;Am\u00e9rique du Nord. Les produits...","og_url":"https:\/\/www.duboischemicals.com\/water-treatment\/fr\/industries\/automotive\/","og_site_name":"Traitement des eaux","article_modified_time":"2021-02-12T15:09:04+00:00","twitter_card":"summary_large_image","twitter_misc":{"Dur\u00e9e de lecture estim\u00e9e":"2 minutes"},"schema":{"@context":"https:\/\/schema.org","@graph":[{"@type":"WebPage","@id":"https:\/\/www.duboischemicals.com\/water-treatment\/fr\/industries\/automotive\/","url":"https:\/\/www.duboischemicals.com\/water-treatment\/fr\/industries\/automotive\/","name":"Automobile - Traitement des eaux","isPartOf":{"@id":"https:\/\/www.duboischemicals.com\/water-treatment\/fr\/#website"},"datePublished":"2020-11-30T12:36:22+00:00","dateModified":"2021-02-12T15:09:04+00:00","breadcrumb":{"@id":"https:\/\/www.duboischemicals.com\/water-treatment\/fr\/industries\/automotive\/#breadcrumb"},"inLanguage":"fr-FR","potentialAction":[{"@type":"ReadAction","target":["https:\/\/www.duboischemicals.com\/water-treatment\/fr\/industries\/automotive\/"]}]},{"@type":"BreadcrumbList","@id":"https:\/\/www.duboischemicals.com\/water-treatment\/fr\/industries\/automotive\/#breadcrumb","itemListElement":[{"@type":"ListItem","position":1,"name":"Accueil","item":"https:\/\/www.duboischemicals.com\/water-treatment\/fr\/"},{"@type":"ListItem","position":2,"name":"Industries","item":"https:\/\/www.duboischemicals.com\/water-treatment\/fr\/industries\/"},{"@type":"ListItem","position":3,"name":"Automobile"}]},{"@type":"WebSite","@id":"https:\/\/www.duboischemicals.com\/water-treatment\/fr\/#website","url":"https:\/\/www.duboischemicals.com\/water-treatment\/fr\/","name":"Traitement des eaux","description":"","potentialAction":[{"@type":"SearchAction","target":{"@type":"EntryPoint","urlTemplate":"https:\/\/www.duboischemicals.com\/water-treatment\/fr\/?s={search_term_string}"},"query-input":{"@type":"PropertyValueSpecification","valueRequired":true,"valueName":"search_term_string"}}],"inLanguage":"fr-FR"}]}},"_links":{"self":[{"href":"https:\/\/www.duboischemicals.com\/water-treatment\/fr\/wp-json\/wp\/v2\/pages\/10894","targetHints":{"allow":["GET"]}}],"collection":[{"href":"https:\/\/www.duboischemicals.com\/water-treatment\/fr\/wp-json\/wp\/v2\/pages"}],"about":[{"href":"https:\/\/www.duboischemicals.com\/water-treatment\/fr\/wp-json\/wp\/v2\/types\/page"}],"author":[{"embeddable":true,"href":"https:\/\/www.duboischemicals.com\/water-treatment\/fr\/wp-json\/wp\/v2\/users\/220"}],"replies":[{"embeddable":true,"href":"https:\/\/www.duboischemicals.com\/water-treatment\/fr\/wp-json\/wp\/v2\/comments?post=10894"}],"version-history":[{"count":5,"href":"https:\/\/www.duboischemicals.com\/water-treatment\/fr\/wp-json\/wp\/v2\/pages\/10894\/revisions"}],"predecessor-version":[{"id":11619,"href":"https:\/\/www.duboischemicals.com\/water-treatment\/fr\/wp-json\/wp\/v2\/pages\/10894\/revisions\/11619"}],"up":[{"embeddable":true,"href":"https:\/\/www.duboischemicals.com\/water-treatment\/fr\/wp-json\/wp\/v2\/pages\/10909"}],"wp:attachment":[{"href":"https:\/\/www.duboischemicals.com\/water-treatment\/fr\/wp-json\/wp\/v2\/media?parent=10894"}],"curies":[{"name":"wp","href":"https:\/\/api.w.org\/{rel}","templated":true}]}}