{"id":10895,"date":"2020-11-30T07:36:23","date_gmt":"2020-11-30T12:36:23","guid":{"rendered":"https:\/\/www.duboischemicals.com\/\/water-treatment\/institutional-laundries\/"},"modified":"2021-02-03T08:36:16","modified_gmt":"2021-02-03T13:36:16","slug":"institutional-laundries","status":"publish","type":"page","link":"https:\/\/www.duboischemicals.com\/water-treatment\/fr\/industries\/institutional-laundries\/","title":{"rendered":"Blanchisseries institutionnelles"},"content":{"rendered":"<h2>Blanchisseries industrielles<\/h2>\n<p>DuBois propose des solutions innovantes pour le traitement des syst\u00e8mes d&rsquo;eau de chaudi\u00e8res ainsi que pour le traitement des eaux us\u00e9es dans les buanderies commerciales. Apr\u00e8s l&rsquo;\u00e9valuation initiale de vos syst\u00e8mes de chaudi\u00e8res et de traitement des eaux us\u00e9es, DuBois \u00e9laborera des solutions pour r\u00e9duire la consommation d&rsquo;eau et d&rsquo;\u00e9nergie de ces syst\u00e8mes.<\/p>\n<p>La gamme innovante de traitement de chaudi\u00e8res de DuBois contribue \u00e0 promouvoir l&rsquo;\u00e9conomie d&rsquo;\u00e9nergie et d&rsquo;eau en r\u00e9duisant l&rsquo;entartrage et la corrosion dans le syst\u00e8me. Les repr\u00e9sentants de service experts de DuBois aident \u00e9galement \u00e0 surveiller le syst\u00e8me, ce qui lui permet de fonctionner avec une efficacit\u00e9 maximale et de r\u00e9aliser plus d&rsquo;\u00e9conomies d&rsquo;eau et d&rsquo;\u00e9nergie.<\/p>\n<p>Apr\u00e8s une premi\u00e8re \u00e9valuation, DuBois pr\u00e9l\u00e8vera des \u00e9chantillons de vos eaux<br \/>\nus\u00e9es et effectuera des tests en laboratoire afin d&rsquo;\u00e9laborer un programme de produits<br \/>\nchimiques qui r\u00e9pondra \u00e0 vos besoins d&rsquo;\u00e9conomie d&rsquo;eau et r\u00e9duira les niveaux des substances dans vos eaux us\u00e9es pour r\u00e9pondre aux exigences relatives aux rejets. Gr\u00e2ce \u00e0 ses produits chimiques innovants ainsi qu\u2019\u00e0 son savoir-faire dans le domaine des eaux us\u00e9es, DuBois poss\u00e8de une exp\u00e9rience de longue date dans la fourniture de solutions pour les syst\u00e8mes de traitement des eaux us\u00e9es des buanderies, qui r\u00e9duisent l&rsquo;utilisation de produits chimiques tout en diminuant les co\u00fbts des eaux et des eaux us\u00e9es.<\/p>\n<p><strong>Produits et technologies\u00a0:<\/strong><\/p>\n<ul>\n<li><a href=\"http:\/\/www.duboischemicals.com\/\/water-treatment\/products\/wastewater-treatment\/\">Traitement des eaux us\u00e9es<\/a><\/li>\n<li><a href=\"http:\/\/www.duboischemicals.com\/\/water-treatment\/products\/boiler-water-treatment\/\">Traitement de l&rsquo;eau de chaudi\u00e8re<\/a><\/li>\n<li><a href=\"http:\/\/www.duboischemicals.com\/\/water-treatment\/products\/cooling-water-treatment\/\">Traitement de l&rsquo;eau de refroidissement<\/a><\/li>\n<li><a href=\"http:\/\/www.duboischemicals.com\/\/water-treatment\/products\/legionella-control\/\">Lutte contre les l\u00e9gionelles<\/a><\/li>\n<li><a href=\"http:\/\/www.duboischemicals.com\/\/water-treatment\/products\/closed-loop-treatment\/\">Traitement en syst\u00e8me ferm\u00e9<\/a><\/li>\n<li><a href=\"http:\/\/www.duboischemicals.com\/\/water-treatment\/service-support\/water-management-programs\/\">Programmes de traitement des eaux<\/a><\/li>\n<li><a href=\"http:\/\/www.duboischemicals.com\/\/water-treatment\/equipment\/automation-control\/\">Automatisation et contr\u00f4le<\/a><\/li>\n<li><a href=\"http:\/\/www.duboischemicals.com\/\/water-treatment\/service-support\/data-management\/\">Gestion des donn\u00e9es DuBois<\/a><\/li>\n<\/ul>\n<p><strong>\u00c9tude de cas\u00a0:<\/strong><\/p>\n<ul>\n<li><a href=\"http:\/\/www.duboischemicals.com\/\/water-treatment\/resources\/case-studies\/large-national-industrial-laundry-sees-significant-gains-in-wastewater-process-after-process-and-chemical-improvements-installed-by-dubois\/\"> \u00c9tude de cas des installations de buanderie<\/a><\/li>\n<\/ul>\n","protected":false},"excerpt":{"rendered":"<p>Blanchisseries industrielles DuBois propose des solutions innovantes pour le traitement des syst\u00e8mes d&rsquo;eau de chaudi\u00e8res ainsi que pour le traitement des eaux us\u00e9es dans les buanderies commerciales. Apr\u00e8s l&rsquo;\u00e9valuation initiale de vos syst\u00e8mes de chaudi\u00e8res&#8230;<\/p>\n","protected":false},"author":220,"featured_media":0,"parent":10909,"menu_order":11,"comment_status":"closed","ping_status":"closed","template":"","meta":{"_acf_changed":false,"footnotes":""},"class_list":["post-10895","page","type-page","status-publish","hentry"],"acf":[],"yoast_head":"<!-- This site is optimized with the Yoast SEO plugin v26.8 - https:\/\/yoast.com\/product\/yoast-seo-wordpress\/ -->\n<title>Blanchisseries institutionnelles - Traitement des eaux<\/title>\n<meta name=\"robots\" content=\"index, follow, max-snippet:-1, max-image-preview:large, max-video-preview:-1\" \/>\n<link rel=\"canonical\" href=\"https:\/\/www.duboischemicals.com\/water-treatment\/fr\/industries\/institutional-laundries\/\" \/>\n<meta property=\"og:locale\" content=\"fr_FR\" \/>\n<meta property=\"og:type\" content=\"article\" \/>\n<meta property=\"og:title\" content=\"Blanchisseries institutionnelles - Traitement des eaux\" \/>\n<meta property=\"og:description\" content=\"Blanchisseries industrielles DuBois propose des solutions innovantes pour le traitement des syst\u00e8mes d&rsquo;eau de chaudi\u00e8res ainsi que pour le traitement des eaux us\u00e9es dans les buanderies commerciales. Apr\u00e8s l&rsquo;\u00e9valuation initiale de vos syst\u00e8mes de chaudi\u00e8res...\" \/>\n<meta property=\"og:url\" content=\"https:\/\/www.duboischemicals.com\/water-treatment\/fr\/industries\/institutional-laundries\/\" \/>\n<meta property=\"og:site_name\" content=\"Traitement des eaux\" \/>\n<meta property=\"article:modified_time\" content=\"2021-02-03T13:36:16+00:00\" \/>\n<meta name=\"twitter:card\" content=\"summary_large_image\" \/>\n<meta name=\"twitter:label1\" content=\"Dur\u00e9e de lecture estim\u00e9e\" \/>\n\t<meta name=\"twitter:data1\" content=\"2 minutes\" \/>\n<script type=\"application\/ld+json\" class=\"yoast-schema-graph\">{\"@context\":\"https:\/\/schema.org\",\"@graph\":[{\"@type\":\"WebPage\",\"@id\":\"https:\/\/www.duboischemicals.com\/water-treatment\/fr\/industries\/institutional-laundries\/\",\"url\":\"https:\/\/www.duboischemicals.com\/water-treatment\/fr\/industries\/institutional-laundries\/\",\"name\":\"Blanchisseries institutionnelles - Traitement des eaux\",\"isPartOf\":{\"@id\":\"https:\/\/www.duboischemicals.com\/water-treatment\/fr\/#website\"},\"datePublished\":\"2020-11-30T12:36:23+00:00\",\"dateModified\":\"2021-02-03T13:36:16+00:00\",\"breadcrumb\":{\"@id\":\"https:\/\/www.duboischemicals.com\/water-treatment\/fr\/industries\/institutional-laundries\/#breadcrumb\"},\"inLanguage\":\"fr-FR\",\"potentialAction\":[{\"@type\":\"ReadAction\",\"target\":[\"https:\/\/www.duboischemicals.com\/water-treatment\/fr\/industries\/institutional-laundries\/\"]}]},{\"@type\":\"BreadcrumbList\",\"@id\":\"https:\/\/www.duboischemicals.com\/water-treatment\/fr\/industries\/institutional-laundries\/#breadcrumb\",\"itemListElement\":[{\"@type\":\"ListItem\",\"position\":1,\"name\":\"Accueil\",\"item\":\"https:\/\/www.duboischemicals.com\/water-treatment\/fr\/\"},{\"@type\":\"ListItem\",\"position\":2,\"name\":\"Industries\",\"item\":\"https:\/\/www.duboischemicals.com\/water-treatment\/fr\/industries\/\"},{\"@type\":\"ListItem\",\"position\":3,\"name\":\"Blanchisseries institutionnelles\"}]},{\"@type\":\"WebSite\",\"@id\":\"https:\/\/www.duboischemicals.com\/water-treatment\/fr\/#website\",\"url\":\"https:\/\/www.duboischemicals.com\/water-treatment\/fr\/\",\"name\":\"Traitement des eaux\",\"description\":\"\",\"potentialAction\":[{\"@type\":\"SearchAction\",\"target\":{\"@type\":\"EntryPoint\",\"urlTemplate\":\"https:\/\/www.duboischemicals.com\/water-treatment\/fr\/?s={search_term_string}\"},\"query-input\":{\"@type\":\"PropertyValueSpecification\",\"valueRequired\":true,\"valueName\":\"search_term_string\"}}],\"inLanguage\":\"fr-FR\"}]}<\/script>\n<!-- \/ Yoast SEO plugin. -->","yoast_head_json":{"title":"Blanchisseries institutionnelles - Traitement des eaux","robots":{"index":"index","follow":"follow","max-snippet":"max-snippet:-1","max-image-preview":"max-image-preview:large","max-video-preview":"max-video-preview:-1"},"canonical":"https:\/\/www.duboischemicals.com\/water-treatment\/fr\/industries\/institutional-laundries\/","og_locale":"fr_FR","og_type":"article","og_title":"Blanchisseries institutionnelles - Traitement des eaux","og_description":"Blanchisseries industrielles DuBois propose des solutions innovantes pour le traitement des syst\u00e8mes d&rsquo;eau de chaudi\u00e8res ainsi que pour le traitement des eaux us\u00e9es dans les buanderies commerciales. Apr\u00e8s l&rsquo;\u00e9valuation initiale de vos syst\u00e8mes de chaudi\u00e8res...","og_url":"https:\/\/www.duboischemicals.com\/water-treatment\/fr\/industries\/institutional-laundries\/","og_site_name":"Traitement des eaux","article_modified_time":"2021-02-03T13:36:16+00:00","twitter_card":"summary_large_image","twitter_misc":{"Dur\u00e9e de lecture estim\u00e9e":"2 minutes"},"schema":{"@context":"https:\/\/schema.org","@graph":[{"@type":"WebPage","@id":"https:\/\/www.duboischemicals.com\/water-treatment\/fr\/industries\/institutional-laundries\/","url":"https:\/\/www.duboischemicals.com\/water-treatment\/fr\/industries\/institutional-laundries\/","name":"Blanchisseries institutionnelles - Traitement des eaux","isPartOf":{"@id":"https:\/\/www.duboischemicals.com\/water-treatment\/fr\/#website"},"datePublished":"2020-11-30T12:36:23+00:00","dateModified":"2021-02-03T13:36:16+00:00","breadcrumb":{"@id":"https:\/\/www.duboischemicals.com\/water-treatment\/fr\/industries\/institutional-laundries\/#breadcrumb"},"inLanguage":"fr-FR","potentialAction":[{"@type":"ReadAction","target":["https:\/\/www.duboischemicals.com\/water-treatment\/fr\/industries\/institutional-laundries\/"]}]},{"@type":"BreadcrumbList","@id":"https:\/\/www.duboischemicals.com\/water-treatment\/fr\/industries\/institutional-laundries\/#breadcrumb","itemListElement":[{"@type":"ListItem","position":1,"name":"Accueil","item":"https:\/\/www.duboischemicals.com\/water-treatment\/fr\/"},{"@type":"ListItem","position":2,"name":"Industries","item":"https:\/\/www.duboischemicals.com\/water-treatment\/fr\/industries\/"},{"@type":"ListItem","position":3,"name":"Blanchisseries institutionnelles"}]},{"@type":"WebSite","@id":"https:\/\/www.duboischemicals.com\/water-treatment\/fr\/#website","url":"https:\/\/www.duboischemicals.com\/water-treatment\/fr\/","name":"Traitement des eaux","description":"","potentialAction":[{"@type":"SearchAction","target":{"@type":"EntryPoint","urlTemplate":"https:\/\/www.duboischemicals.com\/water-treatment\/fr\/?s={search_term_string}"},"query-input":{"@type":"PropertyValueSpecification","valueRequired":true,"valueName":"search_term_string"}}],"inLanguage":"fr-FR"}]}},"_links":{"self":[{"href":"https:\/\/www.duboischemicals.com\/water-treatment\/fr\/wp-json\/wp\/v2\/pages\/10895","targetHints":{"allow":["GET"]}}],"collection":[{"href":"https:\/\/www.duboischemicals.com\/water-treatment\/fr\/wp-json\/wp\/v2\/pages"}],"about":[{"href":"https:\/\/www.duboischemicals.com\/water-treatment\/fr\/wp-json\/wp\/v2\/types\/page"}],"author":[{"embeddable":true,"href":"https:\/\/www.duboischemicals.com\/water-treatment\/fr\/wp-json\/wp\/v2\/users\/220"}],"replies":[{"embeddable":true,"href":"https:\/\/www.duboischemicals.com\/water-treatment\/fr\/wp-json\/wp\/v2\/comments?post=10895"}],"version-history":[{"count":3,"href":"https:\/\/www.duboischemicals.com\/water-treatment\/fr\/wp-json\/wp\/v2\/pages\/10895\/revisions"}],"predecessor-version":[{"id":11498,"href":"https:\/\/www.duboischemicals.com\/water-treatment\/fr\/wp-json\/wp\/v2\/pages\/10895\/revisions\/11498"}],"up":[{"embeddable":true,"href":"https:\/\/www.duboischemicals.com\/water-treatment\/fr\/wp-json\/wp\/v2\/pages\/10909"}],"wp:attachment":[{"href":"https:\/\/www.duboischemicals.com\/water-treatment\/fr\/wp-json\/wp\/v2\/media?parent=10895"}],"curies":[{"name":"wp","href":"https:\/\/api.w.org\/{rel}","templated":true}]}}