{"id":10899,"date":"2020-11-30T07:36:24","date_gmt":"2020-11-30T12:36:24","guid":{"rendered":"https:\/\/www.duboischemicals.com\/\/water-treatment\/products\/"},"modified":"2021-02-11T06:55:17","modified_gmt":"2021-02-11T11:55:17","slug":"products","status":"publish","type":"page","link":"https:\/\/www.duboischemicals.com\/water-treatment\/fr\/products\/","title":{"rendered":"Produits"},"content":{"rendered":"<p>DuBois a d\u00e9velopp\u00e9 une gamme de produits tr\u00e8s compl\u00e8te pour r\u00e9pondre \u00e0 la plupart des applications de traitement des eaux.\u00a0 Nos produits innovants sont con\u00e7us pour minimiser la consommation d&rsquo;eau, d&rsquo;\u00e9nergie et de produits chimiques, tout en r\u00e9pondant \u00e0 vos objectifs d&rsquo;\u00e9vacuation des eaux us\u00e9es ou de fourniture de syst\u00e8mes de refroidissement et de chaudi\u00e8res exempts d&rsquo;entartrage, de corrosion et de d\u00e9veloppement de bact\u00e9ries.<span data-ccp-props=\"{&quot;201341983&quot;:0,&quot;335559739&quot;:200,&quot;335559740&quot;:276}\">\u00a0<\/span><\/p>\n<p>DuBois est fi\u00e8re de proposer des produits pour les applications de traitement des eaux suivantes\u00a0:<\/p>\n","protected":false},"excerpt":{"rendered":"<p>DuBois a d\u00e9velopp\u00e9 une gamme de produits tr\u00e8s compl\u00e8te pour r\u00e9pondre \u00e0 la plupart des applications de traitement des eaux.\u00a0 Nos produits innovants sont con\u00e7us pour minimiser la consommation d&rsquo;eau, d&rsquo;\u00e9nergie et de produits chimiques,&#8230;<\/p>\n","protected":false},"author":220,"featured_media":9231,"parent":0,"menu_order":0,"comment_status":"closed","ping_status":"closed","template":"template-prodinfo.php","meta":{"_acf_changed":false,"footnotes":""},"class_list":["post-10899","page","type-page","status-publish","has-post-thumbnail","hentry"],"acf":[],"yoast_head":"<!-- This site is optimized with the Yoast SEO plugin v26.8 - https:\/\/yoast.com\/product\/yoast-seo-wordpress\/ -->\n<title>Produits - Traitement des eaux<\/title>\n<meta name=\"robots\" content=\"index, follow, max-snippet:-1, max-image-preview:large, max-video-preview:-1\" \/>\n<link rel=\"canonical\" href=\"https:\/\/www.duboischemicals.com\/water-treatment\/fr\/products\/\" \/>\n<meta property=\"og:locale\" content=\"fr_FR\" \/>\n<meta property=\"og:type\" content=\"article\" \/>\n<meta property=\"og:title\" content=\"Produits - Traitement des eaux\" \/>\n<meta property=\"og:description\" content=\"DuBois a d\u00e9velopp\u00e9 une gamme de produits tr\u00e8s compl\u00e8te pour r\u00e9pondre \u00e0 la plupart des applications de traitement des eaux.\u00a0 Nos produits innovants sont con\u00e7us pour minimiser la consommation d&rsquo;eau, d&rsquo;\u00e9nergie et de produits chimiques,...\" \/>\n<meta property=\"og:url\" content=\"https:\/\/www.duboischemicals.com\/water-treatment\/fr\/products\/\" \/>\n<meta property=\"og:site_name\" content=\"Traitement des eaux\" \/>\n<meta property=\"article:modified_time\" content=\"2021-02-11T11:55:17+00:00\" \/>\n<meta property=\"og:image\" content=\"https:\/\/www.duboischemicals.com\/water-treatment\/wp-content\/uploads\/sites\/5\/2018\/10\/waterTreatment.png\" \/>\n\t<meta property=\"og:image:width\" content=\"460\" \/>\n\t<meta property=\"og:image:height\" content=\"460\" \/>\n\t<meta property=\"og:image:type\" content=\"image\/png\" \/>\n<meta name=\"twitter:card\" content=\"summary_large_image\" \/>\n<script type=\"application\/ld+json\" class=\"yoast-schema-graph\">{\"@context\":\"https:\/\/schema.org\",\"@graph\":[{\"@type\":\"WebPage\",\"@id\":\"https:\/\/www.duboischemicals.com\/water-treatment\/fr\/products\/\",\"url\":\"https:\/\/www.duboischemicals.com\/water-treatment\/fr\/products\/\",\"name\":\"Produits - Traitement des eaux\",\"isPartOf\":{\"@id\":\"https:\/\/www.duboischemicals.com\/water-treatment\/fr\/#website\"},\"primaryImageOfPage\":{\"@id\":\"https:\/\/www.duboischemicals.com\/water-treatment\/fr\/products\/#primaryimage\"},\"image\":{\"@id\":\"https:\/\/www.duboischemicals.com\/water-treatment\/fr\/products\/#primaryimage\"},\"thumbnailUrl\":\"https:\/\/www.duboischemicals.com\/water-treatment\/wp-content\/uploads\/sites\/5\/2018\/10\/waterTreatment.png\",\"datePublished\":\"2020-11-30T12:36:24+00:00\",\"dateModified\":\"2021-02-11T11:55:17+00:00\",\"breadcrumb\":{\"@id\":\"https:\/\/www.duboischemicals.com\/water-treatment\/fr\/products\/#breadcrumb\"},\"inLanguage\":\"fr-FR\",\"potentialAction\":[{\"@type\":\"ReadAction\",\"target\":[\"https:\/\/www.duboischemicals.com\/water-treatment\/fr\/products\/\"]}]},{\"@type\":\"ImageObject\",\"inLanguage\":\"fr-FR\",\"@id\":\"https:\/\/www.duboischemicals.com\/water-treatment\/fr\/products\/#primaryimage\",\"url\":\"https:\/\/www.duboischemicals.com\/water-treatment\/wp-content\/uploads\/sites\/5\/2018\/10\/waterTreatment.png\",\"contentUrl\":\"https:\/\/www.duboischemicals.com\/water-treatment\/wp-content\/uploads\/sites\/5\/2018\/10\/waterTreatment.png\",\"width\":460,\"height\":460},{\"@type\":\"BreadcrumbList\",\"@id\":\"https:\/\/www.duboischemicals.com\/water-treatment\/fr\/products\/#breadcrumb\",\"itemListElement\":[{\"@type\":\"ListItem\",\"position\":1,\"name\":\"Accueil\",\"item\":\"https:\/\/www.duboischemicals.com\/water-treatment\/fr\/\"},{\"@type\":\"ListItem\",\"position\":2,\"name\":\"Produits\"}]},{\"@type\":\"WebSite\",\"@id\":\"https:\/\/www.duboischemicals.com\/water-treatment\/fr\/#website\",\"url\":\"https:\/\/www.duboischemicals.com\/water-treatment\/fr\/\",\"name\":\"Traitement des eaux\",\"description\":\"\",\"potentialAction\":[{\"@type\":\"SearchAction\",\"target\":{\"@type\":\"EntryPoint\",\"urlTemplate\":\"https:\/\/www.duboischemicals.com\/water-treatment\/fr\/?s={search_term_string}\"},\"query-input\":{\"@type\":\"PropertyValueSpecification\",\"valueRequired\":true,\"valueName\":\"search_term_string\"}}],\"inLanguage\":\"fr-FR\"}]}<\/script>\n<!-- \/ Yoast SEO plugin. -->","yoast_head_json":{"title":"Produits - Traitement des eaux","robots":{"index":"index","follow":"follow","max-snippet":"max-snippet:-1","max-image-preview":"max-image-preview:large","max-video-preview":"max-video-preview:-1"},"canonical":"https:\/\/www.duboischemicals.com\/water-treatment\/fr\/products\/","og_locale":"fr_FR","og_type":"article","og_title":"Produits - Traitement des eaux","og_description":"DuBois a d\u00e9velopp\u00e9 une gamme de produits tr\u00e8s compl\u00e8te pour r\u00e9pondre \u00e0 la plupart des applications de traitement des eaux.\u00a0 Nos produits innovants sont con\u00e7us pour minimiser la consommation d&rsquo;eau, d&rsquo;\u00e9nergie et de produits chimiques,...","og_url":"https:\/\/www.duboischemicals.com\/water-treatment\/fr\/products\/","og_site_name":"Traitement des eaux","article_modified_time":"2021-02-11T11:55:17+00:00","og_image":[{"width":460,"height":460,"url":"https:\/\/www.duboischemicals.com\/water-treatment\/wp-content\/uploads\/sites\/5\/2018\/10\/waterTreatment.png","type":"image\/png"}],"twitter_card":"summary_large_image","schema":{"@context":"https:\/\/schema.org","@graph":[{"@type":"WebPage","@id":"https:\/\/www.duboischemicals.com\/water-treatment\/fr\/products\/","url":"https:\/\/www.duboischemicals.com\/water-treatment\/fr\/products\/","name":"Produits - Traitement des eaux","isPartOf":{"@id":"https:\/\/www.duboischemicals.com\/water-treatment\/fr\/#website"},"primaryImageOfPage":{"@id":"https:\/\/www.duboischemicals.com\/water-treatment\/fr\/products\/#primaryimage"},"image":{"@id":"https:\/\/www.duboischemicals.com\/water-treatment\/fr\/products\/#primaryimage"},"thumbnailUrl":"https:\/\/www.duboischemicals.com\/water-treatment\/wp-content\/uploads\/sites\/5\/2018\/10\/waterTreatment.png","datePublished":"2020-11-30T12:36:24+00:00","dateModified":"2021-02-11T11:55:17+00:00","breadcrumb":{"@id":"https:\/\/www.duboischemicals.com\/water-treatment\/fr\/products\/#breadcrumb"},"inLanguage":"fr-FR","potentialAction":[{"@type":"ReadAction","target":["https:\/\/www.duboischemicals.com\/water-treatment\/fr\/products\/"]}]},{"@type":"ImageObject","inLanguage":"fr-FR","@id":"https:\/\/www.duboischemicals.com\/water-treatment\/fr\/products\/#primaryimage","url":"https:\/\/www.duboischemicals.com\/water-treatment\/wp-content\/uploads\/sites\/5\/2018\/10\/waterTreatment.png","contentUrl":"https:\/\/www.duboischemicals.com\/water-treatment\/wp-content\/uploads\/sites\/5\/2018\/10\/waterTreatment.png","width":460,"height":460},{"@type":"BreadcrumbList","@id":"https:\/\/www.duboischemicals.com\/water-treatment\/fr\/products\/#breadcrumb","itemListElement":[{"@type":"ListItem","position":1,"name":"Accueil","item":"https:\/\/www.duboischemicals.com\/water-treatment\/fr\/"},{"@type":"ListItem","position":2,"name":"Produits"}]},{"@type":"WebSite","@id":"https:\/\/www.duboischemicals.com\/water-treatment\/fr\/#website","url":"https:\/\/www.duboischemicals.com\/water-treatment\/fr\/","name":"Traitement des eaux","description":"","potentialAction":[{"@type":"SearchAction","target":{"@type":"EntryPoint","urlTemplate":"https:\/\/www.duboischemicals.com\/water-treatment\/fr\/?s={search_term_string}"},"query-input":{"@type":"PropertyValueSpecification","valueRequired":true,"valueName":"search_term_string"}}],"inLanguage":"fr-FR"}]}},"_links":{"self":[{"href":"https:\/\/www.duboischemicals.com\/water-treatment\/fr\/wp-json\/wp\/v2\/pages\/10899","targetHints":{"allow":["GET"]}}],"collection":[{"href":"https:\/\/www.duboischemicals.com\/water-treatment\/fr\/wp-json\/wp\/v2\/pages"}],"about":[{"href":"https:\/\/www.duboischemicals.com\/water-treatment\/fr\/wp-json\/wp\/v2\/types\/page"}],"author":[{"embeddable":true,"href":"https:\/\/www.duboischemicals.com\/water-treatment\/fr\/wp-json\/wp\/v2\/users\/220"}],"replies":[{"embeddable":true,"href":"https:\/\/www.duboischemicals.com\/water-treatment\/fr\/wp-json\/wp\/v2\/comments?post=10899"}],"version-history":[{"count":3,"href":"https:\/\/www.duboischemicals.com\/water-treatment\/fr\/wp-json\/wp\/v2\/pages\/10899\/revisions"}],"predecessor-version":[{"id":11527,"href":"https:\/\/www.duboischemicals.com\/water-treatment\/fr\/wp-json\/wp\/v2\/pages\/10899\/revisions\/11527"}],"wp:featuredmedia":[{"embeddable":true,"href":"https:\/\/www.duboischemicals.com\/water-treatment\/fr\/wp-json\/wp\/v2\/media\/9231"}],"wp:attachment":[{"href":"https:\/\/www.duboischemicals.com\/water-treatment\/fr\/wp-json\/wp\/v2\/media?parent=10899"}],"curies":[{"name":"wp","href":"https:\/\/api.w.org\/{rel}","templated":true}]}}