{"id":10920,"date":"2020-11-30T07:36:32","date_gmt":"2020-11-30T12:36:32","guid":{"rendered":"https:\/\/www.duboischemicals.com\/\/water-treatment\/industries\/commercial-buildings\/"},"modified":"2021-02-03T08:36:16","modified_gmt":"2021-02-03T13:36:16","slug":"commercial-buildings","status":"publish","type":"page","link":"https:\/\/www.duboischemicals.com\/water-treatment\/fr\/industries\/commercial-buildings\/","title":{"rendered":"B\u00e2timents commerciaux"},"content":{"rendered":"<h2>B\u00e2timents commerciaux<\/h2>\n<p>L&rsquo;exp\u00e9rience de DuBois se distingue lorsqu&rsquo;il s&rsquo;agit de r\u00e9pondre aux besoins de traitement des eaux des b\u00e2timents commerciaux. Notre objectif est de minimiser vos co\u00fbts d&rsquo;exploitation pour votre programme de traitement de l&rsquo;eau en maximisant l&rsquo;efficacit\u00e9 op\u00e9rationnelle et la dur\u00e9e de vie des \u00e9quipements tout en minimisant la consommation d&rsquo;eau et d&rsquo;\u00e9nergie.<\/p>\n<p>La plateforme innovante de produits chimiques et d&rsquo;\u00e9quipements Monitrol de DuBois offre des syst\u00e8mes de transfert de chaleur exempts de corrosion et de tartre. Combin\u00e9 au service sur site des experts de DuBois, Monitrol offre \u00e0 nos clients la tranquillit\u00e9 d&rsquo;esprit et des r\u00e9sultats pr\u00e9visibles et fiables.<\/p>\n<p>La gamme de produits de chaudi\u00e8re et de refroidissement DuBois PBB offre les m\u00eames produits chimiques innovants de contr\u00f4le du tartre et de la corrosion qu&rsquo;un liquide, mais dans un format de poudre pratique \u00e0 utiliser. PBB est s\u00fbr \u00e0 utiliser, minimise l&#8217;empreinte chimique et est simple \u00e0 alimenter, car il utilise les pompes d&rsquo;alimentation en produits chimiques existantes. PBB est la gamme de produits de choix pour les syst\u00e8mes dans les zones difficiles d&rsquo;acc\u00e8s o\u00f9 il est difficile de livrer des barils et des bacs de produits chimiques.<\/p>\n<p>Bien qu&rsquo;elle ait toujours \u00e9t\u00e9 un sujet de pr\u00e9occupation dans les syst\u00e8mes de refroidissement, la pr\u00e9vention de la Legionella suscite aujourd&rsquo;hui plus d&rsquo;attention que jamais. Les installations commerciales doivent concevoir des plans de lutte contre la Legionella pour leurs syst\u00e8mes d&rsquo;eau de refroidissement. DuBois est un expert de premier plan en mati\u00e8re de gestion de la l\u00e9gionelle et peut vous aider \u00e0 \u00e9laborer et \u00e0 mettre en \u0153uvre des plans de gestion de la Legionella. En outre, DuBois propose plusieurs innovations technologiques pour permettre de lutter contre la l\u00e9gionelle dans votre installation, notamment des microbiocides pour les syst\u00e8mes d&rsquo;eau, la filtration Nephros et la g\u00e9n\u00e9ration de monochloramine Sanipur pour la d\u00e9sinfection secondaire de votre installation d&rsquo;eau.<\/p>\n<p><strong>Produits et technologies\u00a0:<\/strong><\/p>\n<ul>\n<li><a href=\"http:\/\/www.duboischemicals.com\/\/water-treatment\/products\/cooling-water-treatment\/\">Traitement de l&rsquo;eau de refroidissement<\/a><\/li>\n<li><a href=\"http:\/\/www.duboischemicals.com\/\/water-treatment\/products\/legionella-control\/\">Lutte contre les l\u00e9gionelles<\/a><\/li>\n<li><a href=\"http:\/\/www.duboischemicals.com\/\/water-treatment\/products\/closed-loop-treatment\/\">Traitement en syst\u00e8me ferm\u00e9<\/a><\/li>\n<li><a href=\"http:\/\/www.duboischemicals.com\/\/water-treatment\/products\/boiler-water-treatment\/\">Traitement de l&rsquo;eau de chaudi\u00e8re<\/a><\/li>\n<li><a href=\"http:\/\/www.duboischemicals.com\/\/water-treatment\/products\/wastewater-treatment\/\">Traitement des eaux us\u00e9es<\/a><\/li>\n<li><a href=\"http:\/\/www.duboischemicals.com\/\/water-treatment\/service-support\/water-management-programs\/\">Programmes de traitement des eaux<\/a><\/li>\n<li><a href=\"http:\/\/www.duboischemicals.com\/\/water-treatment\/equipment\/automation-control\/\">Automatisation et contr\u00f4le<\/a><\/li>\n<li><a href=\"http:\/\/www.duboischemicals.com\/\/water-treatment\/equipment\/pbb\/\">Poudre emball\u00e9e en format \u00ab\u00a0Bag in a Box\u00a0\u00bb <\/a><\/li>\n<li><a href=\"http:\/\/www.duboischemicals.com\/\/water-treatment\/service-support\/data-management\/\">Gestion des donn\u00e9es DuBois<\/a><\/li>\n<\/ul>\n","protected":false},"excerpt":{"rendered":"<p>B\u00e2timents commerciaux L&rsquo;exp\u00e9rience de DuBois se distingue lorsqu&rsquo;il s&rsquo;agit de r\u00e9pondre aux besoins de traitement des eaux des b\u00e2timents commerciaux. Notre objectif est de minimiser vos co\u00fbts d&rsquo;exploitation pour votre programme de traitement de l&rsquo;eau&#8230;<\/p>\n","protected":false},"author":220,"featured_media":0,"parent":10909,"menu_order":1,"comment_status":"closed","ping_status":"closed","template":"","meta":{"_acf_changed":false,"footnotes":""},"class_list":["post-10920","page","type-page","status-publish","hentry"],"acf":[],"yoast_head":"<!-- This site is optimized with the Yoast SEO plugin v26.8 - https:\/\/yoast.com\/product\/yoast-seo-wordpress\/ -->\n<title>B\u00e2timents commerciaux - Traitement des eaux<\/title>\n<meta name=\"robots\" content=\"index, follow, max-snippet:-1, max-image-preview:large, max-video-preview:-1\" \/>\n<link rel=\"canonical\" href=\"https:\/\/www.duboischemicals.com\/water-treatment\/fr\/industries\/commercial-buildings\/\" \/>\n<meta property=\"og:locale\" content=\"fr_FR\" \/>\n<meta property=\"og:type\" content=\"article\" \/>\n<meta property=\"og:title\" content=\"B\u00e2timents commerciaux - Traitement des eaux\" \/>\n<meta property=\"og:description\" content=\"B\u00e2timents commerciaux L&rsquo;exp\u00e9rience de DuBois se distingue lorsqu&rsquo;il s&rsquo;agit de r\u00e9pondre aux besoins de traitement des eaux des b\u00e2timents commerciaux. Notre objectif est de minimiser vos co\u00fbts d&rsquo;exploitation pour votre programme de traitement de l&rsquo;eau...\" \/>\n<meta property=\"og:url\" content=\"https:\/\/www.duboischemicals.com\/water-treatment\/fr\/industries\/commercial-buildings\/\" \/>\n<meta property=\"og:site_name\" content=\"Traitement des eaux\" \/>\n<meta property=\"article:modified_time\" content=\"2021-02-03T13:36:16+00:00\" \/>\n<meta name=\"twitter:card\" content=\"summary_large_image\" \/>\n<meta name=\"twitter:label1\" content=\"Dur\u00e9e de lecture estim\u00e9e\" \/>\n\t<meta name=\"twitter:data1\" content=\"2 minutes\" \/>\n<script type=\"application\/ld+json\" class=\"yoast-schema-graph\">{\"@context\":\"https:\/\/schema.org\",\"@graph\":[{\"@type\":\"WebPage\",\"@id\":\"https:\/\/www.duboischemicals.com\/water-treatment\/fr\/industries\/commercial-buildings\/\",\"url\":\"https:\/\/www.duboischemicals.com\/water-treatment\/fr\/industries\/commercial-buildings\/\",\"name\":\"B\u00e2timents commerciaux - Traitement des eaux\",\"isPartOf\":{\"@id\":\"https:\/\/www.duboischemicals.com\/water-treatment\/fr\/#website\"},\"datePublished\":\"2020-11-30T12:36:32+00:00\",\"dateModified\":\"2021-02-03T13:36:16+00:00\",\"breadcrumb\":{\"@id\":\"https:\/\/www.duboischemicals.com\/water-treatment\/fr\/industries\/commercial-buildings\/#breadcrumb\"},\"inLanguage\":\"fr-FR\",\"potentialAction\":[{\"@type\":\"ReadAction\",\"target\":[\"https:\/\/www.duboischemicals.com\/water-treatment\/fr\/industries\/commercial-buildings\/\"]}]},{\"@type\":\"BreadcrumbList\",\"@id\":\"https:\/\/www.duboischemicals.com\/water-treatment\/fr\/industries\/commercial-buildings\/#breadcrumb\",\"itemListElement\":[{\"@type\":\"ListItem\",\"position\":1,\"name\":\"Accueil\",\"item\":\"https:\/\/www.duboischemicals.com\/water-treatment\/fr\/\"},{\"@type\":\"ListItem\",\"position\":2,\"name\":\"Industries\",\"item\":\"https:\/\/www.duboischemicals.com\/water-treatment\/fr\/industries\/\"},{\"@type\":\"ListItem\",\"position\":3,\"name\":\"B\u00e2timents commerciaux\"}]},{\"@type\":\"WebSite\",\"@id\":\"https:\/\/www.duboischemicals.com\/water-treatment\/fr\/#website\",\"url\":\"https:\/\/www.duboischemicals.com\/water-treatment\/fr\/\",\"name\":\"Traitement des eaux\",\"description\":\"\",\"potentialAction\":[{\"@type\":\"SearchAction\",\"target\":{\"@type\":\"EntryPoint\",\"urlTemplate\":\"https:\/\/www.duboischemicals.com\/water-treatment\/fr\/?s={search_term_string}\"},\"query-input\":{\"@type\":\"PropertyValueSpecification\",\"valueRequired\":true,\"valueName\":\"search_term_string\"}}],\"inLanguage\":\"fr-FR\"}]}<\/script>\n<!-- \/ Yoast SEO plugin. -->","yoast_head_json":{"title":"B\u00e2timents commerciaux - Traitement des eaux","robots":{"index":"index","follow":"follow","max-snippet":"max-snippet:-1","max-image-preview":"max-image-preview:large","max-video-preview":"max-video-preview:-1"},"canonical":"https:\/\/www.duboischemicals.com\/water-treatment\/fr\/industries\/commercial-buildings\/","og_locale":"fr_FR","og_type":"article","og_title":"B\u00e2timents commerciaux - Traitement des eaux","og_description":"B\u00e2timents commerciaux L&rsquo;exp\u00e9rience de DuBois se distingue lorsqu&rsquo;il s&rsquo;agit de r\u00e9pondre aux besoins de traitement des eaux des b\u00e2timents commerciaux. Notre objectif est de minimiser vos co\u00fbts d&rsquo;exploitation pour votre programme de traitement de l&rsquo;eau...","og_url":"https:\/\/www.duboischemicals.com\/water-treatment\/fr\/industries\/commercial-buildings\/","og_site_name":"Traitement des eaux","article_modified_time":"2021-02-03T13:36:16+00:00","twitter_card":"summary_large_image","twitter_misc":{"Dur\u00e9e de lecture estim\u00e9e":"2 minutes"},"schema":{"@context":"https:\/\/schema.org","@graph":[{"@type":"WebPage","@id":"https:\/\/www.duboischemicals.com\/water-treatment\/fr\/industries\/commercial-buildings\/","url":"https:\/\/www.duboischemicals.com\/water-treatment\/fr\/industries\/commercial-buildings\/","name":"B\u00e2timents commerciaux - Traitement des eaux","isPartOf":{"@id":"https:\/\/www.duboischemicals.com\/water-treatment\/fr\/#website"},"datePublished":"2020-11-30T12:36:32+00:00","dateModified":"2021-02-03T13:36:16+00:00","breadcrumb":{"@id":"https:\/\/www.duboischemicals.com\/water-treatment\/fr\/industries\/commercial-buildings\/#breadcrumb"},"inLanguage":"fr-FR","potentialAction":[{"@type":"ReadAction","target":["https:\/\/www.duboischemicals.com\/water-treatment\/fr\/industries\/commercial-buildings\/"]}]},{"@type":"BreadcrumbList","@id":"https:\/\/www.duboischemicals.com\/water-treatment\/fr\/industries\/commercial-buildings\/#breadcrumb","itemListElement":[{"@type":"ListItem","position":1,"name":"Accueil","item":"https:\/\/www.duboischemicals.com\/water-treatment\/fr\/"},{"@type":"ListItem","position":2,"name":"Industries","item":"https:\/\/www.duboischemicals.com\/water-treatment\/fr\/industries\/"},{"@type":"ListItem","position":3,"name":"B\u00e2timents commerciaux"}]},{"@type":"WebSite","@id":"https:\/\/www.duboischemicals.com\/water-treatment\/fr\/#website","url":"https:\/\/www.duboischemicals.com\/water-treatment\/fr\/","name":"Traitement des eaux","description":"","potentialAction":[{"@type":"SearchAction","target":{"@type":"EntryPoint","urlTemplate":"https:\/\/www.duboischemicals.com\/water-treatment\/fr\/?s={search_term_string}"},"query-input":{"@type":"PropertyValueSpecification","valueRequired":true,"valueName":"search_term_string"}}],"inLanguage":"fr-FR"}]}},"_links":{"self":[{"href":"https:\/\/www.duboischemicals.com\/water-treatment\/fr\/wp-json\/wp\/v2\/pages\/10920","targetHints":{"allow":["GET"]}}],"collection":[{"href":"https:\/\/www.duboischemicals.com\/water-treatment\/fr\/wp-json\/wp\/v2\/pages"}],"about":[{"href":"https:\/\/www.duboischemicals.com\/water-treatment\/fr\/wp-json\/wp\/v2\/types\/page"}],"author":[{"embeddable":true,"href":"https:\/\/www.duboischemicals.com\/water-treatment\/fr\/wp-json\/wp\/v2\/users\/220"}],"replies":[{"embeddable":true,"href":"https:\/\/www.duboischemicals.com\/water-treatment\/fr\/wp-json\/wp\/v2\/comments?post=10920"}],"version-history":[{"count":3,"href":"https:\/\/www.duboischemicals.com\/water-treatment\/fr\/wp-json\/wp\/v2\/pages\/10920\/revisions"}],"predecessor-version":[{"id":11499,"href":"https:\/\/www.duboischemicals.com\/water-treatment\/fr\/wp-json\/wp\/v2\/pages\/10920\/revisions\/11499"}],"up":[{"embeddable":true,"href":"https:\/\/www.duboischemicals.com\/water-treatment\/fr\/wp-json\/wp\/v2\/pages\/10909"}],"wp:attachment":[{"href":"https:\/\/www.duboischemicals.com\/water-treatment\/fr\/wp-json\/wp\/v2\/media?parent=10920"}],"curies":[{"name":"wp","href":"https:\/\/api.w.org\/{rel}","templated":true}]}}