{"id":10925,"date":"2020-11-30T07:36:33","date_gmt":"2020-11-30T12:36:33","guid":{"rendered":"https:\/\/www.duboischemicals.com\/\/water-treatment\/products\/water-safety\/"},"modified":"2021-09-09T19:25:14","modified_gmt":"2021-09-09T23:25:14","slug":"water-safety","status":"publish","type":"page","link":"https:\/\/www.duboischemicals.com\/water-treatment\/fr\/products\/water-safety\/","title":{"rendered":"Salubrit\u00e9 de l&rsquo;eau"},"content":{"rendered":"<p>Bien qu\u2019il s\u2019agisse d\u2019une pr\u00e9occupation centrale en ce qui a trait au traitement des syst\u00e8mes d\u2019eau depuis des d\u00e9cennies, la gestion des risques associ\u00e9s \u00e0 celles-ci ont rev\u00eatu une importance particuli\u00e8re au cours des derni\u00e8res ann\u00e9es. Des sp\u00e9cifications de l\u2019American Society of Heating, Refrigerating and Air-Conditioning Engineers (ASHRAE) aux recommandations du Center for Disease Control (CDC), en passant par les r\u00e8gles, lois et r\u00e9glementations des gouvernements, l\u2019\u00e9laboration de plans est d\u00e9sormais une exigence pour les propri\u00e9taires de b\u00e2timents \u00e9quip\u00e9s de syst\u00e8mes d\u2019eau, par exemple les tours de refroidissement, les fontaines, les spas et les syst\u00e8mes de distribution d\u2019eau chaude. \u00a0Gr\u00e2ce \u00e0 son programme de gestion des donn\u00e9es, des services et de gestion de l&rsquo;eau AquaAnalytics, DuBois dispose des outils n\u00e9cessaires pour \u00e9laborer, mettre en \u0153uvre et ex\u00e9cuter efficacement des plans de s\u00e9curit\u00e9 pour les eaux de votre installation.<\/p>\n<p><strong><u>Plan de s\u00e9curit\u00e9 des eaux ANSI\/ASHRAE 188<\/u><\/strong><\/p>\n<p>L&rsquo;approche AquaAnalytics d\u00e9termine les mesures de contr\u00f4le &#8211; quoi contr\u00f4ler et o\u00f9 &#8211; puis \u00e9labore un programme de surveillance et des actions correctives pour minimiser le risque de\u00a0<em>l\u00e9gionelles<\/em>.<\/p>\n<p>Nous pouvons vous aider \u00e0 \u00e9laborer un plan de s\u00e9curit\u00e9 des eaux personnalis\u00e9 pour votre installation afin de respecter la norme ANSI\/ASHRAE 188-2018, \u00ab\u00a0L\u00e9gionellose\u00a0: Gestion des risques pour les syst\u00e8mes des eaux des b\u00e2timents\u00a0\u00bb et m\u00e9morandum des Centers for Medicare &amp; Medicaid Services (CMS) S&amp;C 17-30 juin 02, 2017.<\/p>\n<p><strong><u>Conformit\u00e9<\/u><\/strong><\/p>\n<p>La norme ANSI\/ASHRAE 188 et le CMS stipulent que les installations doivent disposer d&rsquo;un plan de s\u00e9curit\u00e9 des eaux. AquaAnalytics vous assiste dans l&rsquo;ex\u00e9cution de votre plan et fournit un rapport de conformit\u00e9.<\/p>\n<p>Tous les membres de l&rsquo;\u00e9quipe de s\u00e9curit\u00e9 des eaux ont acc\u00e8s \u00e0 la version la plus r\u00e9cente du plan de s\u00e9curit\u00e9 des eaux, aux rapports de synth\u00e8se de v\u00e9rification, aux r\u00e9sultats d&rsquo;analyse et aux rapports de synth\u00e8se de validation.<\/p>\n<p>Le syst\u00e8me vous donne la tranquillit\u00e9 d&rsquo;esprit que les choses sont sous contr\u00f4le et que vos donn\u00e9es sont sauvegard\u00e9es et toujours disponibles.<\/p>\n<p><strong><u>Syst\u00e8me de gestion des t\u00e2ches<\/u><\/strong><\/p>\n<p>Les plans de salubrit\u00e9 de l&rsquo;eau sont souvent complexes\u00a0&#8211; impliquant plusieurs personnes, avec de nombreuses responsabilit\u00e9s de t\u00e2ches, \u00e0 des fr\u00e9quences vari\u00e9es. AquaAnalytics offre des vues personnalis\u00e9es de gestion des t\u00e2ches et des rappels automatiques de toutes les t\u00e2ches assign\u00e9es.<\/p>\n<p><strong><u>Une gamme compl\u00e8te de produits<\/u><\/strong><\/p>\n<p>En plus de la plateforme AquaAnalytics, DuBois offre une gamme compl\u00e8te de solutions pour vous aider \u00e0 minimiser le risque de l\u00e9gionelles dans votre b\u00e2timent, y compris:<\/p>\n<ul>\n<li>Microbicides oxydants et non oxydants<\/li>\n<li>\u00c9quipement de surveillance et de contr\u00f4le<\/li>\n<li>Filtration au point d&rsquo;utilisation<\/li>\n<li>\u00c9quipement de d\u00e9sinfection secondaire<\/li>\n<\/ul>\n<p><strong>Biblioth\u00e8que de ressources <em>Legionella<\/em>:<\/strong><\/p>\n<ul>\n<li><a href=\"https:\/\/www.duboischemicals.com\/water-treatment\/fr\/resources\/bibliotheque-de-ressources-legionella\/\">Biblioth\u00e8que de ressources <em>Legionella<\/em><\/a.<\/li>\n<\/ul>\n<p><strong>\u00c9tude de cas\u00a0:<\/strong><\/p>\n<p><a href=\"http:\/\/www.duboischemicals.com\/water-treatment\/resources\/case-studies\/legionella-management-plans-installed-across-multiple-locations-for-government-customer-in-new-york\/\">Plan de gestion de l&rsquo;eau contre les l\u00e9gionelles\u00a0&#8211; Secteur public<\/a><\/p>\n","protected":false},"excerpt":{"rendered":"<p>Bien qu\u2019il s\u2019agisse d\u2019une pr\u00e9occupation centrale en ce qui a trait au traitement des syst\u00e8mes d\u2019eau depuis des d\u00e9cennies, la gestion des risques associ\u00e9s \u00e0 celles-ci ont rev\u00eatu une importance particuli\u00e8re au cours des derni\u00e8res&#8230;<\/p>\n","protected":false},"author":220,"featured_media":12474,"parent":10899,"menu_order":1,"comment_status":"closed","ping_status":"closed","template":"template-prodinfo.php","meta":{"_acf_changed":false,"footnotes":""},"class_list":["post-10925","page","type-page","status-publish","has-post-thumbnail","hentry"],"acf":[],"yoast_head":"<!-- This site is optimized with the Yoast SEO plugin v26.8 - https:\/\/yoast.com\/product\/yoast-seo-wordpress\/ -->\n<title>Salubrit\u00e9 de l&#039;eau - Traitement des eaux<\/title>\n<meta name=\"robots\" content=\"index, follow, max-snippet:-1, max-image-preview:large, max-video-preview:-1\" \/>\n<link rel=\"canonical\" href=\"https:\/\/www.duboischemicals.com\/water-treatment\/fr\/products\/water-safety\/\" \/>\n<meta property=\"og:locale\" content=\"fr_FR\" \/>\n<meta property=\"og:type\" content=\"article\" \/>\n<meta property=\"og:title\" content=\"Salubrit\u00e9 de l&#039;eau - Traitement des eaux\" \/>\n<meta property=\"og:description\" content=\"Bien qu\u2019il s\u2019agisse d\u2019une pr\u00e9occupation centrale en ce qui a trait au traitement des syst\u00e8mes d\u2019eau depuis des d\u00e9cennies, la gestion des risques associ\u00e9s \u00e0 celles-ci ont rev\u00eatu une importance particuli\u00e8re au cours des derni\u00e8res...\" \/>\n<meta property=\"og:url\" content=\"https:\/\/www.duboischemicals.com\/water-treatment\/fr\/products\/water-safety\/\" \/>\n<meta property=\"og:site_name\" content=\"Traitement des eaux\" \/>\n<meta property=\"article:modified_time\" content=\"2021-09-09T23:25:14+00:00\" \/>\n<meta property=\"og:image\" content=\"https:\/\/www.duboischemicals.com\/water-treatment\/wp-content\/uploads\/sites\/5\/2018\/11\/GettyImages-500259859-Water-Treatment-Products-Legionella-Control.jpg\" \/>\n\t<meta property=\"og:image:width\" content=\"454\" \/>\n\t<meta property=\"og:image:height\" content=\"450\" \/>\n\t<meta property=\"og:image:type\" content=\"image\/jpeg\" \/>\n<meta name=\"twitter:card\" content=\"summary_large_image\" \/>\n<meta name=\"twitter:label1\" content=\"Dur\u00e9e de lecture estim\u00e9e\" \/>\n\t<meta name=\"twitter:data1\" content=\"2 minutes\" \/>\n<script type=\"application\/ld+json\" class=\"yoast-schema-graph\">{\"@context\":\"https:\/\/schema.org\",\"@graph\":[{\"@type\":\"WebPage\",\"@id\":\"https:\/\/www.duboischemicals.com\/water-treatment\/fr\/products\/water-safety\/\",\"url\":\"https:\/\/www.duboischemicals.com\/water-treatment\/fr\/products\/water-safety\/\",\"name\":\"Salubrit\u00e9 de l'eau - Traitement des eaux\",\"isPartOf\":{\"@id\":\"https:\/\/www.duboischemicals.com\/water-treatment\/fr\/#website\"},\"primaryImageOfPage\":{\"@id\":\"https:\/\/www.duboischemicals.com\/water-treatment\/fr\/products\/water-safety\/#primaryimage\"},\"image\":{\"@id\":\"https:\/\/www.duboischemicals.com\/water-treatment\/fr\/products\/water-safety\/#primaryimage\"},\"thumbnailUrl\":\"https:\/\/www.duboischemicals.com\/water-treatment\/wp-content\/uploads\/sites\/5\/2023\/06\/34.png\",\"datePublished\":\"2020-11-30T12:36:33+00:00\",\"dateModified\":\"2021-09-09T23:25:14+00:00\",\"breadcrumb\":{\"@id\":\"https:\/\/www.duboischemicals.com\/water-treatment\/fr\/products\/water-safety\/#breadcrumb\"},\"inLanguage\":\"fr-FR\",\"potentialAction\":[{\"@type\":\"ReadAction\",\"target\":[\"https:\/\/www.duboischemicals.com\/water-treatment\/fr\/products\/water-safety\/\"]}]},{\"@type\":\"ImageObject\",\"inLanguage\":\"fr-FR\",\"@id\":\"https:\/\/www.duboischemicals.com\/water-treatment\/fr\/products\/water-safety\/#primaryimage\",\"url\":\"https:\/\/www.duboischemicals.com\/water-treatment\/wp-content\/uploads\/sites\/5\/2023\/06\/34.png\",\"contentUrl\":\"https:\/\/www.duboischemicals.com\/water-treatment\/wp-content\/uploads\/sites\/5\/2023\/06\/34.png\",\"width\":450,\"height\":450,\"caption\":\"Water Safety Icon\"},{\"@type\":\"BreadcrumbList\",\"@id\":\"https:\/\/www.duboischemicals.com\/water-treatment\/fr\/products\/water-safety\/#breadcrumb\",\"itemListElement\":[{\"@type\":\"ListItem\",\"position\":1,\"name\":\"Accueil\",\"item\":\"https:\/\/www.duboischemicals.com\/water-treatment\/fr\/\"},{\"@type\":\"ListItem\",\"position\":2,\"name\":\"Produits\",\"item\":\"https:\/\/www.duboischemicals.com\/water-treatment\/fr\/products\/\"},{\"@type\":\"ListItem\",\"position\":3,\"name\":\"Salubrit\u00e9 de l&rsquo;eau\"}]},{\"@type\":\"WebSite\",\"@id\":\"https:\/\/www.duboischemicals.com\/water-treatment\/fr\/#website\",\"url\":\"https:\/\/www.duboischemicals.com\/water-treatment\/fr\/\",\"name\":\"Traitement des eaux\",\"description\":\"\",\"potentialAction\":[{\"@type\":\"SearchAction\",\"target\":{\"@type\":\"EntryPoint\",\"urlTemplate\":\"https:\/\/www.duboischemicals.com\/water-treatment\/fr\/?s={search_term_string}\"},\"query-input\":{\"@type\":\"PropertyValueSpecification\",\"valueRequired\":true,\"valueName\":\"search_term_string\"}}],\"inLanguage\":\"fr-FR\"}]}<\/script>\n<!-- \/ Yoast SEO plugin. -->","yoast_head_json":{"title":"Salubrit\u00e9 de l'eau - Traitement des eaux","robots":{"index":"index","follow":"follow","max-snippet":"max-snippet:-1","max-image-preview":"max-image-preview:large","max-video-preview":"max-video-preview:-1"},"canonical":"https:\/\/www.duboischemicals.com\/water-treatment\/fr\/products\/water-safety\/","og_locale":"fr_FR","og_type":"article","og_title":"Salubrit\u00e9 de l'eau - Traitement des eaux","og_description":"Bien qu\u2019il s\u2019agisse d\u2019une pr\u00e9occupation centrale en ce qui a trait au traitement des syst\u00e8mes d\u2019eau depuis des d\u00e9cennies, la gestion des risques associ\u00e9s \u00e0 celles-ci ont rev\u00eatu une importance particuli\u00e8re au cours des derni\u00e8res...","og_url":"https:\/\/www.duboischemicals.com\/water-treatment\/fr\/products\/water-safety\/","og_site_name":"Traitement des eaux","article_modified_time":"2021-09-09T23:25:14+00:00","og_image":[{"width":454,"height":450,"url":"https:\/\/www.duboischemicals.com\/water-treatment\/wp-content\/uploads\/sites\/5\/2018\/11\/GettyImages-500259859-Water-Treatment-Products-Legionella-Control.jpg","type":"image\/jpeg"}],"twitter_card":"summary_large_image","twitter_misc":{"Dur\u00e9e de lecture estim\u00e9e":"2 minutes"},"schema":{"@context":"https:\/\/schema.org","@graph":[{"@type":"WebPage","@id":"https:\/\/www.duboischemicals.com\/water-treatment\/fr\/products\/water-safety\/","url":"https:\/\/www.duboischemicals.com\/water-treatment\/fr\/products\/water-safety\/","name":"Salubrit\u00e9 de l'eau - Traitement des eaux","isPartOf":{"@id":"https:\/\/www.duboischemicals.com\/water-treatment\/fr\/#website"},"primaryImageOfPage":{"@id":"https:\/\/www.duboischemicals.com\/water-treatment\/fr\/products\/water-safety\/#primaryimage"},"image":{"@id":"https:\/\/www.duboischemicals.com\/water-treatment\/fr\/products\/water-safety\/#primaryimage"},"thumbnailUrl":"https:\/\/www.duboischemicals.com\/water-treatment\/wp-content\/uploads\/sites\/5\/2023\/06\/34.png","datePublished":"2020-11-30T12:36:33+00:00","dateModified":"2021-09-09T23:25:14+00:00","breadcrumb":{"@id":"https:\/\/www.duboischemicals.com\/water-treatment\/fr\/products\/water-safety\/#breadcrumb"},"inLanguage":"fr-FR","potentialAction":[{"@type":"ReadAction","target":["https:\/\/www.duboischemicals.com\/water-treatment\/fr\/products\/water-safety\/"]}]},{"@type":"ImageObject","inLanguage":"fr-FR","@id":"https:\/\/www.duboischemicals.com\/water-treatment\/fr\/products\/water-safety\/#primaryimage","url":"https:\/\/www.duboischemicals.com\/water-treatment\/wp-content\/uploads\/sites\/5\/2023\/06\/34.png","contentUrl":"https:\/\/www.duboischemicals.com\/water-treatment\/wp-content\/uploads\/sites\/5\/2023\/06\/34.png","width":450,"height":450,"caption":"Water Safety Icon"},{"@type":"BreadcrumbList","@id":"https:\/\/www.duboischemicals.com\/water-treatment\/fr\/products\/water-safety\/#breadcrumb","itemListElement":[{"@type":"ListItem","position":1,"name":"Accueil","item":"https:\/\/www.duboischemicals.com\/water-treatment\/fr\/"},{"@type":"ListItem","position":2,"name":"Produits","item":"https:\/\/www.duboischemicals.com\/water-treatment\/fr\/products\/"},{"@type":"ListItem","position":3,"name":"Salubrit\u00e9 de l&rsquo;eau"}]},{"@type":"WebSite","@id":"https:\/\/www.duboischemicals.com\/water-treatment\/fr\/#website","url":"https:\/\/www.duboischemicals.com\/water-treatment\/fr\/","name":"Traitement des eaux","description":"","potentialAction":[{"@type":"SearchAction","target":{"@type":"EntryPoint","urlTemplate":"https:\/\/www.duboischemicals.com\/water-treatment\/fr\/?s={search_term_string}"},"query-input":{"@type":"PropertyValueSpecification","valueRequired":true,"valueName":"search_term_string"}}],"inLanguage":"fr-FR"}]}},"_links":{"self":[{"href":"https:\/\/www.duboischemicals.com\/water-treatment\/fr\/wp-json\/wp\/v2\/pages\/10925","targetHints":{"allow":["GET"]}}],"collection":[{"href":"https:\/\/www.duboischemicals.com\/water-treatment\/fr\/wp-json\/wp\/v2\/pages"}],"about":[{"href":"https:\/\/www.duboischemicals.com\/water-treatment\/fr\/wp-json\/wp\/v2\/types\/page"}],"author":[{"embeddable":true,"href":"https:\/\/www.duboischemicals.com\/water-treatment\/fr\/wp-json\/wp\/v2\/users\/220"}],"replies":[{"embeddable":true,"href":"https:\/\/www.duboischemicals.com\/water-treatment\/fr\/wp-json\/wp\/v2\/comments?post=10925"}],"version-history":[{"count":6,"href":"https:\/\/www.duboischemicals.com\/water-treatment\/fr\/wp-json\/wp\/v2\/pages\/10925\/revisions"}],"predecessor-version":[{"id":12303,"href":"https:\/\/www.duboischemicals.com\/water-treatment\/fr\/wp-json\/wp\/v2\/pages\/10925\/revisions\/12303"}],"up":[{"embeddable":true,"href":"https:\/\/www.duboischemicals.com\/water-treatment\/fr\/wp-json\/wp\/v2\/pages\/10899"}],"wp:featuredmedia":[{"embeddable":true,"href":"https:\/\/www.duboischemicals.com\/water-treatment\/fr\/wp-json\/wp\/v2\/media\/12474"}],"wp:attachment":[{"href":"https:\/\/www.duboischemicals.com\/water-treatment\/fr\/wp-json\/wp\/v2\/media?parent=10925"}],"curies":[{"name":"wp","href":"https:\/\/api.w.org\/{rel}","templated":true}]}}