{"id":10926,"date":"2020-11-30T07:36:33","date_gmt":"2020-11-30T12:36:33","guid":{"rendered":"https:\/\/www.duboischemicals.com\/\/water-treatment\/products\/cooling-water-treatment\/"},"modified":"2021-02-03T08:36:27","modified_gmt":"2021-02-03T13:36:27","slug":"cooling-water-treatment","status":"publish","type":"page","link":"https:\/\/www.duboischemicals.com\/water-treatment\/fr\/products\/cooling-water-treatment\/","title":{"rendered":"Traitement de l&rsquo;eau de refroidissement"},"content":{"rendered":"\n<p>Les programmes de gestion\nde l\u2019eau de refroidissement de DuBois conjuguent un \u00e9quipement de pointe et des produits chimiques novateurs\n\u00e0 un service sup\u00e9rieur afin d\u2019obtenir des r\u00e9sultats fiables et pr\u00e9visibles dans votre\ntour de refroidissement.<\/p>\n\n<p class=\"has-medium-font-size\"><strong>Des programmes qui donnent des r\u00e9sultats!<\/strong><\/p>\n\n<p>Nos programmes de traitement de l&rsquo;eau de refroidissement bloquent la corrosion g\u00e9n\u00e9rale,\nemp\u00eachent la formation de tartre sur les surfaces d&rsquo;\u00e9change thermique, r\u00e9duisent au minimum les d\u00e9p\u00f4ts sur toutes\nles surfaces, emp\u00eachent l&rsquo;encrassement biologique et contr\u00f4lent les niveaux de bact\u00e9ries,\ny compris\u00a0<em>les l\u00e9gionelles<\/em>, dans l&rsquo;eau de recirculation.<\/p>\n\n<p>Le co\u00fbt de votre programme\nde gestion de l&rsquo;eau repr\u00e9sente environ 2 \u00e0 4\u00a0% des co\u00fbts d&rsquo;exploitation globaux\npour faire fonctionner votre syst\u00e8me de refroidissement. Une \u00e9chelle de 1\/32\u00a0po seulement peut augmenter\nla consommation d&rsquo;\u00e9lectricit\u00e9 des refroidisseurs de 27\u00a0%. C&rsquo;est pourquoi il est important d&rsquo;investir dans un\nprogramme bien con\u00e7u qui donne des r\u00e9sultats tout au long du cycle de vie des actifs.<\/p>\n\n<p>Nous mettons en \u0153uvre des solutions\n\u00e9prouv\u00e9es de r\u00e9duction de la consommation d&rsquo;eau qui compl\u00e8tent votre strat\u00e9gie globale de conservation\nde l&rsquo;eau. S&rsquo;ils sont disponibles dans votre r\u00e9gion, nos ing\u00e9nieurs peuvent vous aider \u00e0 obtenir\nune remise sur l&rsquo;eau des \u00e9gouts municipaux qui, dans de nombreux cas, peut payer la totalit\u00e9 de la facture\nde gestion de l&rsquo;eau.<\/p>\n\n<p>Notre logiciel exclusif et\nprim\u00e9* bas\u00e9 sur le nuage, AquaAnalytics, mesure nos performances \u00e0\nchaque \u00e9tape pour atteindre ou d\u00e9passer constamment nos objectifs de qualit\u00e9. AquaAnalytics utilise\nune logique sophistiqu\u00e9e pour pr\u00e9venir les mauvais r\u00e9sultats en menant des actions au sein de notre service enregistr\u00e9 ISO\n9001 pour corriger le probl\u00e8me. Nous effectuons des visites de service pratiques\nmensuelles et r\u00e9pondons le jour m\u00eame aux rapports de d\u00e9viations du programme.\u00a0 Renseignez-vous sur notre portail client en ligne et\nnotre application de journal de bord des op\u00e9rateurs, qui permettent d&rsquo;acc\u00e9der facilement \u00e0 des informations\nconsolid\u00e9es.<\/p>\n\n<p><em>*Lisez les articles sur notre prix dans les magazines num\u00e9riques\u00a0<a href=\"https:\/\/www.automationmag.com\/software\/erp\/5480-water-treatment-company-grows-300-per-cent-with-cloud-erp\">Manufacturing Automation<\/a>\u00a0ou\u00a0<a href=\"https:\/\/www.itbusiness.ca\/blog\/klenzoid-gets-operations-flowing-with-netsuite-crm\/49745\">itbusiness<\/a>.<\/em><\/p>\n\n<p>Une qualit\u00e9 d&rsquo;eau constante,\nmalgr\u00e9 des conditions d&rsquo;exploitation fluctuantes, est la cl\u00e9 du succ\u00e8s\ndu programme. C&rsquo;est pourquoi nous encourageons l&rsquo;utilisation d&rsquo;une automatisation fiable pour maintenir le\nprogramme sur la bonne voie entre les visites de service et pour vous avertir imm\u00e9diatement en cas du\nmoindre \u00e9cart.<\/p>\n\n<p>Les tours de refroidissement sont un\npoint de contr\u00f4le critique pour la gestion des risques li\u00e9s aux l\u00e9gionelles. En tant que votre conseiller de confiance,\nnous avons pour objectif de vous aider \u00e0 g\u00e9rer avec succ\u00e8s les changements r\u00e9glementaires locaux, r\u00e9gionaux et nationaux\net de veiller \u00e0 ce que vous disposiez d&rsquo;un plan de salubrit\u00e9 de l&rsquo;eau proactif\nqui respecte toutes les meilleures pratiques recommand\u00e9es par l&rsquo;industrie.<\/p>\n\n<p><strong>\u00c9tude de cas\u00a0:<\/strong><\/p>\n\n<ul class=\"wp-block-list\"><li><a href=\"http:\/\/www.duboischemicals.com\/\/water-treatment\/resources\/case-studies\/legionella-management-plans-installed-across-multiple-locations-for-government-customer-in-new-york\/\">Plan de gestion de l&rsquo;eau\ncontre les l\u00e9gionelles\u00a0\u2013 Installation gouvernementale<\/a><\/li><li><a href=\"https:\/\/www.duboischemicals.com\/water-treatment\/fr\/resources\/case-studies\/installation-of-monitrol-water-management-program-at-midwest-automotive-customer-results-in-80-water-and-15-chemical-usage-reductions\/\">Plan global\nde gestion de l&rsquo;eau\u00a0\u2013 Industrie automobile<\/a><\/li><\/ul>","protected":false},"excerpt":{"rendered":"<p>Les programmes de gestion de l\u2019eau de refroidissement de DuBois conjuguent un \u00e9quipement de pointe et des produits chimiques novateurs \u00e0 un service sup\u00e9rieur afin d\u2019obtenir des r\u00e9sultats fiables et pr\u00e9visibles dans votre tour de&#8230;<\/p>\n","protected":false},"author":220,"featured_media":12462,"parent":10899,"menu_order":2,"comment_status":"closed","ping_status":"closed","template":"template-prodinfo.php","meta":{"_acf_changed":false,"footnotes":""},"class_list":["post-10926","page","type-page","status-publish","has-post-thumbnail","hentry"],"acf":[],"yoast_head":"<!-- This site is optimized with the Yoast SEO plugin v26.8 - https:\/\/yoast.com\/product\/yoast-seo-wordpress\/ -->\n<title>Traitement de l&#039;eau de refroidissement - Traitement des eaux<\/title>\n<meta name=\"robots\" content=\"index, follow, max-snippet:-1, max-image-preview:large, max-video-preview:-1\" \/>\n<link rel=\"canonical\" href=\"https:\/\/www.duboischemicals.com\/water-treatment\/fr\/products\/cooling-water-treatment\/\" \/>\n<meta property=\"og:locale\" content=\"fr_FR\" \/>\n<meta property=\"og:type\" content=\"article\" \/>\n<meta property=\"og:title\" content=\"Traitement de l&#039;eau de refroidissement - Traitement des eaux\" \/>\n<meta property=\"og:description\" content=\"Les programmes de gestion de l\u2019eau de refroidissement de DuBois conjuguent un \u00e9quipement de pointe et des produits chimiques novateurs \u00e0 un service sup\u00e9rieur afin d\u2019obtenir des r\u00e9sultats fiables et pr\u00e9visibles dans votre tour de...\" \/>\n<meta property=\"og:url\" content=\"https:\/\/www.duboischemicals.com\/water-treatment\/fr\/products\/cooling-water-treatment\/\" \/>\n<meta property=\"og:site_name\" content=\"Traitement des eaux\" \/>\n<meta property=\"article:modified_time\" content=\"2021-02-03T13:36:27+00:00\" \/>\n<meta property=\"og:image\" content=\"https:\/\/www.duboischemicals.com\/water-treatment\/wp-content\/uploads\/sites\/5\/2018\/10\/iStock-484303482-Water-Treatment.jpg\" \/>\n\t<meta property=\"og:image:width\" content=\"454\" \/>\n\t<meta property=\"og:image:height\" content=\"450\" \/>\n\t<meta property=\"og:image:type\" content=\"image\/jpeg\" \/>\n<meta name=\"twitter:card\" content=\"summary_large_image\" \/>\n<meta name=\"twitter:label1\" content=\"Dur\u00e9e de lecture estim\u00e9e\" \/>\n\t<meta name=\"twitter:data1\" content=\"2 minutes\" \/>\n<script type=\"application\/ld+json\" class=\"yoast-schema-graph\">{\"@context\":\"https:\/\/schema.org\",\"@graph\":[{\"@type\":\"WebPage\",\"@id\":\"https:\/\/www.duboischemicals.com\/water-treatment\/fr\/products\/cooling-water-treatment\/\",\"url\":\"https:\/\/www.duboischemicals.com\/water-treatment\/fr\/products\/cooling-water-treatment\/\",\"name\":\"Traitement de l'eau de refroidissement - Traitement des eaux\",\"isPartOf\":{\"@id\":\"https:\/\/www.duboischemicals.com\/water-treatment\/fr\/#website\"},\"primaryImageOfPage\":{\"@id\":\"https:\/\/www.duboischemicals.com\/water-treatment\/fr\/products\/cooling-water-treatment\/#primaryimage\"},\"image\":{\"@id\":\"https:\/\/www.duboischemicals.com\/water-treatment\/fr\/products\/cooling-water-treatment\/#primaryimage\"},\"thumbnailUrl\":\"https:\/\/www.duboischemicals.com\/water-treatment\/wp-content\/uploads\/sites\/5\/2023\/06\/68.png\",\"datePublished\":\"2020-11-30T12:36:33+00:00\",\"dateModified\":\"2021-02-03T13:36:27+00:00\",\"breadcrumb\":{\"@id\":\"https:\/\/www.duboischemicals.com\/water-treatment\/fr\/products\/cooling-water-treatment\/#breadcrumb\"},\"inLanguage\":\"fr-FR\",\"potentialAction\":[{\"@type\":\"ReadAction\",\"target\":[\"https:\/\/www.duboischemicals.com\/water-treatment\/fr\/products\/cooling-water-treatment\/\"]}]},{\"@type\":\"ImageObject\",\"inLanguage\":\"fr-FR\",\"@id\":\"https:\/\/www.duboischemicals.com\/water-treatment\/fr\/products\/cooling-water-treatment\/#primaryimage\",\"url\":\"https:\/\/www.duboischemicals.com\/water-treatment\/wp-content\/uploads\/sites\/5\/2023\/06\/68.png\",\"contentUrl\":\"https:\/\/www.duboischemicals.com\/water-treatment\/wp-content\/uploads\/sites\/5\/2023\/06\/68.png\",\"width\":450,\"height\":450,\"caption\":\"Cooling Water Treatment\"},{\"@type\":\"BreadcrumbList\",\"@id\":\"https:\/\/www.duboischemicals.com\/water-treatment\/fr\/products\/cooling-water-treatment\/#breadcrumb\",\"itemListElement\":[{\"@type\":\"ListItem\",\"position\":1,\"name\":\"Accueil\",\"item\":\"https:\/\/www.duboischemicals.com\/water-treatment\/fr\/\"},{\"@type\":\"ListItem\",\"position\":2,\"name\":\"Produits\",\"item\":\"https:\/\/www.duboischemicals.com\/water-treatment\/fr\/products\/\"},{\"@type\":\"ListItem\",\"position\":3,\"name\":\"Traitement de l&rsquo;eau de refroidissement\"}]},{\"@type\":\"WebSite\",\"@id\":\"https:\/\/www.duboischemicals.com\/water-treatment\/fr\/#website\",\"url\":\"https:\/\/www.duboischemicals.com\/water-treatment\/fr\/\",\"name\":\"Traitement des eaux\",\"description\":\"\",\"potentialAction\":[{\"@type\":\"SearchAction\",\"target\":{\"@type\":\"EntryPoint\",\"urlTemplate\":\"https:\/\/www.duboischemicals.com\/water-treatment\/fr\/?s={search_term_string}\"},\"query-input\":{\"@type\":\"PropertyValueSpecification\",\"valueRequired\":true,\"valueName\":\"search_term_string\"}}],\"inLanguage\":\"fr-FR\"}]}<\/script>\n<!-- \/ Yoast SEO plugin. -->","yoast_head_json":{"title":"Traitement de l'eau de refroidissement - Traitement des eaux","robots":{"index":"index","follow":"follow","max-snippet":"max-snippet:-1","max-image-preview":"max-image-preview:large","max-video-preview":"max-video-preview:-1"},"canonical":"https:\/\/www.duboischemicals.com\/water-treatment\/fr\/products\/cooling-water-treatment\/","og_locale":"fr_FR","og_type":"article","og_title":"Traitement de l'eau de refroidissement - Traitement des eaux","og_description":"Les programmes de gestion de l\u2019eau de refroidissement de DuBois conjuguent un \u00e9quipement de pointe et des produits chimiques novateurs \u00e0 un service sup\u00e9rieur afin d\u2019obtenir des r\u00e9sultats fiables et pr\u00e9visibles dans votre tour de...","og_url":"https:\/\/www.duboischemicals.com\/water-treatment\/fr\/products\/cooling-water-treatment\/","og_site_name":"Traitement des eaux","article_modified_time":"2021-02-03T13:36:27+00:00","og_image":[{"width":454,"height":450,"url":"https:\/\/www.duboischemicals.com\/water-treatment\/wp-content\/uploads\/sites\/5\/2018\/10\/iStock-484303482-Water-Treatment.jpg","type":"image\/jpeg"}],"twitter_card":"summary_large_image","twitter_misc":{"Dur\u00e9e de lecture estim\u00e9e":"2 minutes"},"schema":{"@context":"https:\/\/schema.org","@graph":[{"@type":"WebPage","@id":"https:\/\/www.duboischemicals.com\/water-treatment\/fr\/products\/cooling-water-treatment\/","url":"https:\/\/www.duboischemicals.com\/water-treatment\/fr\/products\/cooling-water-treatment\/","name":"Traitement de l'eau de refroidissement - Traitement des eaux","isPartOf":{"@id":"https:\/\/www.duboischemicals.com\/water-treatment\/fr\/#website"},"primaryImageOfPage":{"@id":"https:\/\/www.duboischemicals.com\/water-treatment\/fr\/products\/cooling-water-treatment\/#primaryimage"},"image":{"@id":"https:\/\/www.duboischemicals.com\/water-treatment\/fr\/products\/cooling-water-treatment\/#primaryimage"},"thumbnailUrl":"https:\/\/www.duboischemicals.com\/water-treatment\/wp-content\/uploads\/sites\/5\/2023\/06\/68.png","datePublished":"2020-11-30T12:36:33+00:00","dateModified":"2021-02-03T13:36:27+00:00","breadcrumb":{"@id":"https:\/\/www.duboischemicals.com\/water-treatment\/fr\/products\/cooling-water-treatment\/#breadcrumb"},"inLanguage":"fr-FR","potentialAction":[{"@type":"ReadAction","target":["https:\/\/www.duboischemicals.com\/water-treatment\/fr\/products\/cooling-water-treatment\/"]}]},{"@type":"ImageObject","inLanguage":"fr-FR","@id":"https:\/\/www.duboischemicals.com\/water-treatment\/fr\/products\/cooling-water-treatment\/#primaryimage","url":"https:\/\/www.duboischemicals.com\/water-treatment\/wp-content\/uploads\/sites\/5\/2023\/06\/68.png","contentUrl":"https:\/\/www.duboischemicals.com\/water-treatment\/wp-content\/uploads\/sites\/5\/2023\/06\/68.png","width":450,"height":450,"caption":"Cooling Water Treatment"},{"@type":"BreadcrumbList","@id":"https:\/\/www.duboischemicals.com\/water-treatment\/fr\/products\/cooling-water-treatment\/#breadcrumb","itemListElement":[{"@type":"ListItem","position":1,"name":"Accueil","item":"https:\/\/www.duboischemicals.com\/water-treatment\/fr\/"},{"@type":"ListItem","position":2,"name":"Produits","item":"https:\/\/www.duboischemicals.com\/water-treatment\/fr\/products\/"},{"@type":"ListItem","position":3,"name":"Traitement de l&rsquo;eau de refroidissement"}]},{"@type":"WebSite","@id":"https:\/\/www.duboischemicals.com\/water-treatment\/fr\/#website","url":"https:\/\/www.duboischemicals.com\/water-treatment\/fr\/","name":"Traitement des eaux","description":"","potentialAction":[{"@type":"SearchAction","target":{"@type":"EntryPoint","urlTemplate":"https:\/\/www.duboischemicals.com\/water-treatment\/fr\/?s={search_term_string}"},"query-input":{"@type":"PropertyValueSpecification","valueRequired":true,"valueName":"search_term_string"}}],"inLanguage":"fr-FR"}]}},"_links":{"self":[{"href":"https:\/\/www.duboischemicals.com\/water-treatment\/fr\/wp-json\/wp\/v2\/pages\/10926","targetHints":{"allow":["GET"]}}],"collection":[{"href":"https:\/\/www.duboischemicals.com\/water-treatment\/fr\/wp-json\/wp\/v2\/pages"}],"about":[{"href":"https:\/\/www.duboischemicals.com\/water-treatment\/fr\/wp-json\/wp\/v2\/types\/page"}],"author":[{"embeddable":true,"href":"https:\/\/www.duboischemicals.com\/water-treatment\/fr\/wp-json\/wp\/v2\/users\/220"}],"replies":[{"embeddable":true,"href":"https:\/\/www.duboischemicals.com\/water-treatment\/fr\/wp-json\/wp\/v2\/comments?post=10926"}],"version-history":[{"count":6,"href":"https:\/\/www.duboischemicals.com\/water-treatment\/fr\/wp-json\/wp\/v2\/pages\/10926\/revisions"}],"predecessor-version":[{"id":11513,"href":"https:\/\/www.duboischemicals.com\/water-treatment\/fr\/wp-json\/wp\/v2\/pages\/10926\/revisions\/11513"}],"up":[{"embeddable":true,"href":"https:\/\/www.duboischemicals.com\/water-treatment\/fr\/wp-json\/wp\/v2\/pages\/10899"}],"wp:featuredmedia":[{"embeddable":true,"href":"https:\/\/www.duboischemicals.com\/water-treatment\/fr\/wp-json\/wp\/v2\/media\/12462"}],"wp:attachment":[{"href":"https:\/\/www.duboischemicals.com\/water-treatment\/fr\/wp-json\/wp\/v2\/media?parent=10926"}],"curies":[{"name":"wp","href":"https:\/\/api.w.org\/{rel}","templated":true}]}}