{"id":10928,"date":"2020-11-30T07:36:34","date_gmt":"2020-11-30T12:36:34","guid":{"rendered":"https:\/\/www.duboischemicals.com\/\/water-treatment\/products\/boiler-water-treatment\/"},"modified":"2021-02-11T06:56:55","modified_gmt":"2021-02-11T11:56:55","slug":"boiler-water-treatment","status":"publish","type":"page","link":"https:\/\/www.duboischemicals.com\/water-treatment\/fr\/products\/boiler-water-treatment\/","title":{"rendered":"Traitement de l&rsquo;eau de chaudi\u00e8re"},"content":{"rendered":"<p>Avec plus de 65 ans d\u2019expertise en traitement de l\u2019eau et gr\u00e2ce \u00e0 un engagement ferme envers l\u2019innovation continue, DuBois est en mesure de vous offrir des gammes compl\u00e8tes de solutions en mati\u00e8re d\u2019\u00e9quipement et de traitements chimiques pour faire face \u00e0 tous les d\u00e9fis que pr\u00e9sente l\u2019exploitation de vos chaudi\u00e8res \u00e0 vapeur. Nous vous aiderons \u00e0:<\/p>\n<ul>\n<li>Assurer la production de vapeur de haute qualit\u00e9.<\/li>\n<li>Maximiser le rendement et minimiser les co\u00fbts d\u2019exploitation en vous fournissant les tubes de chaudi\u00e8re les plus propres possibles gr\u00e2ce \u00e0 l\u2019utilisation de conditionneurs de tartre et de boues de qualit\u00e9 sup\u00e9rieure.<\/li>\n<li>Minimiser les purges et la consommation totale d\u2019eau.<\/li>\n<li>Minimiser la consommation de produits chimiques et les besoins en \u00e9quipement.<\/li>\n<li>Atteindre vos objectifs en mati\u00e8re de s\u00e9curit\u00e9, de conservation et de durabilit\u00e9.<\/li>\n<li>\u00c9viter les temps d\u2019arr\u00eat et les frais de r\u00e9paration et de remplacement des composantes d\u00e9fectueuses du syst\u00e8me gr\u00e2ce \u00e0 un contr\u00f4le efficace de la corrosion\u00a0:\n<ul>\n<li>Dans le syst\u00e8me d\u2019alimentation en eau en amont de la chaudi\u00e8re<\/li>\n<li>\u00c0 l\u2019int\u00e9rieur de la chaudi\u00e8re<\/li>\n<li>\u00c0 travers l\u2019ensemble du circuit de vapeur et du syst\u00e8me de retour du condensat<\/li>\n<\/ul>\n<\/li>\n<\/ul>\n\n<p class=\"has-medium-font-size\"><strong>Des programmes qui donnent des r\u00e9sultats!<\/strong><\/p>\n\n<p>Nos ing\u00e9nieurs sur le terrain hautement qualifi\u00e9s et\nexp\u00e9riment\u00e9s examineront votre syst\u00e8me et vous aideront \u00e0 choisir le\nmeilleur \u00e9quipement d\u2019alimentation, de surveillance et de contr\u00f4le, ainsi que le meilleur plan de service et de traitement chimique\npour votre syst\u00e8me de chaudi\u00e8res. Les plans de traitement reposent sur vos d\u00e9tails\nop\u00e9rationnels r\u00e9els et vos exigences de production ainsi que sur les r\u00e9sultats d\u2019analyses compl\u00e8tes\nde l\u2019eau effectu\u00e9es par notre laboratoire d\u2019essais \u00e0 la fine pointe de la technologie.<\/p>\n\n<p>Le co\u00fbt de votre programme\nde gestion de l&rsquo;eau repr\u00e9sente environ 2 \u00e0 4\u00a0% des co\u00fbts d&rsquo;exploitation globaux\npour faire fonctionner votre syst\u00e8me \u00e0 vapeur. Une couche de tartre de 1\/8\u00a0po (3\u00a0mm) seulement peut augmenter la consommation de carburant de 12\u00a0%. C&rsquo;est pourquoi il est important d&rsquo;investir dans un programme bien con\u00e7u qui donne\ndes r\u00e9sultats tout au long du cycle de vie des actifs.<\/p>\n\n<p>Notre logiciel exclusif et\nprim\u00e9* bas\u00e9 sur le nuage, AquaAnalytics, mesure nos performances \u00e0\nchaque \u00e9tape pour atteindre ou d\u00e9passer constamment nos objectifs de qualit\u00e9. AquaAnalytics utilise\nune logique sophistiqu\u00e9e pour pr\u00e9venir les mauvais r\u00e9sultats en menant des actions au sein de notre service enregistr\u00e9 ISO\n9001 pour corriger le probl\u00e8me. Nous effectuons des visites de service pratiques\nmensuelles et r\u00e9pondons le jour m\u00eame aux rapports de d\u00e9viations du programme.\u00a0 Renseignez-vous sur notre portail client en ligne et\nnotre application de journal de bord des op\u00e9rateurs, qui permettent d&rsquo;acc\u00e9der facilement \u00e0 des informations\nconsolid\u00e9es.<\/p>\n\n<p><em>*Lisez les articles sur notre prix dans les magazines num\u00e9riques\u00a0<\/em><em><a href=\"https:\/\/www.automationmag.com\/software\/erp\/5480-water-treatment-company-grows-300-per-cent-with-cloud-erp\">Manufacturing\nAutomation<\/a><\/em><em>\u00a0ou\u00a0<a href=\"https:\/\/www.itbusiness.ca\/blog\/klenzoid-gets-operations-flowing-with-netsuite-crm\/49745\">itbusiness<\/a>\n.<\/em><\/p>\n\n<p>Une qualit\u00e9 d&rsquo;eau constante,\nmalgr\u00e9 des conditions d&rsquo;exploitation fluctuantes, est la cl\u00e9 du succ\u00e8s\ndu programme. C&rsquo;est pourquoi nous encourageons l&rsquo;utilisation d&rsquo;une automatisation fiable pour maintenir le\nprogramme sur la bonne voie entre les visites de service et pour vous avertir imm\u00e9diatement en cas du\nmoindre \u00e9cart.<\/p>\n","protected":false},"excerpt":{"rendered":"<p>Avec plus de 65 ans d\u2019expertise en traitement de l\u2019eau et gr\u00e2ce \u00e0 un engagement ferme envers l\u2019innovation continue, DuBois est en mesure de vous offrir des gammes compl\u00e8tes de solutions en mati\u00e8re d\u2019\u00e9quipement et&#8230;<\/p>\n","protected":false},"author":220,"featured_media":12472,"parent":10899,"menu_order":3,"comment_status":"closed","ping_status":"closed","template":"template-prodinfo.php","meta":{"_acf_changed":false,"footnotes":""},"class_list":["post-10928","page","type-page","status-publish","has-post-thumbnail","hentry"],"acf":[],"yoast_head":"<!-- This site is optimized with the Yoast SEO plugin v26.8 - https:\/\/yoast.com\/product\/yoast-seo-wordpress\/ -->\n<title>Traitement de l&#039;eau de chaudi\u00e8re - Traitement des eaux<\/title>\n<meta name=\"robots\" content=\"index, follow, max-snippet:-1, max-image-preview:large, max-video-preview:-1\" \/>\n<link rel=\"canonical\" href=\"https:\/\/www.duboischemicals.com\/water-treatment\/fr\/products\/boiler-water-treatment\/\" \/>\n<meta property=\"og:locale\" content=\"fr_FR\" \/>\n<meta property=\"og:type\" content=\"article\" \/>\n<meta property=\"og:title\" content=\"Traitement de l&#039;eau de chaudi\u00e8re - Traitement des eaux\" \/>\n<meta property=\"og:description\" content=\"Avec plus de 65 ans d\u2019expertise en traitement de l\u2019eau et gr\u00e2ce \u00e0 un engagement ferme envers l\u2019innovation continue, DuBois est en mesure de vous offrir des gammes compl\u00e8tes de solutions en mati\u00e8re d\u2019\u00e9quipement et...\" \/>\n<meta property=\"og:url\" content=\"https:\/\/www.duboischemicals.com\/water-treatment\/fr\/products\/boiler-water-treatment\/\" \/>\n<meta property=\"og:site_name\" content=\"Traitement des eaux\" \/>\n<meta property=\"article:modified_time\" content=\"2021-02-11T11:56:55+00:00\" \/>\n<meta property=\"og:image\" content=\"https:\/\/www.duboischemicals.com\/water-treatment\/wp-content\/uploads\/sites\/5\/2018\/11\/GettyImages-505517800-Water-Treatment-Products-Boiler-Water-Treatment.jpg\" \/>\n\t<meta property=\"og:image:width\" content=\"454\" \/>\n\t<meta property=\"og:image:height\" content=\"450\" \/>\n\t<meta property=\"og:image:type\" content=\"image\/jpeg\" \/>\n<meta name=\"twitter:card\" content=\"summary_large_image\" \/>\n<meta name=\"twitter:label1\" content=\"Dur\u00e9e de lecture estim\u00e9e\" \/>\n\t<meta name=\"twitter:data1\" content=\"3 minutes\" \/>\n<script type=\"application\/ld+json\" class=\"yoast-schema-graph\">{\"@context\":\"https:\/\/schema.org\",\"@graph\":[{\"@type\":\"WebPage\",\"@id\":\"https:\/\/www.duboischemicals.com\/water-treatment\/fr\/products\/boiler-water-treatment\/\",\"url\":\"https:\/\/www.duboischemicals.com\/water-treatment\/fr\/products\/boiler-water-treatment\/\",\"name\":\"Traitement de l'eau de chaudi\u00e8re - Traitement des eaux\",\"isPartOf\":{\"@id\":\"https:\/\/www.duboischemicals.com\/water-treatment\/fr\/#website\"},\"primaryImageOfPage\":{\"@id\":\"https:\/\/www.duboischemicals.com\/water-treatment\/fr\/products\/boiler-water-treatment\/#primaryimage\"},\"image\":{\"@id\":\"https:\/\/www.duboischemicals.com\/water-treatment\/fr\/products\/boiler-water-treatment\/#primaryimage\"},\"thumbnailUrl\":\"https:\/\/www.duboischemicals.com\/water-treatment\/wp-content\/uploads\/sites\/5\/2023\/06\/192.png\",\"datePublished\":\"2020-11-30T12:36:34+00:00\",\"dateModified\":\"2021-02-11T11:56:55+00:00\",\"breadcrumb\":{\"@id\":\"https:\/\/www.duboischemicals.com\/water-treatment\/fr\/products\/boiler-water-treatment\/#breadcrumb\"},\"inLanguage\":\"fr-FR\",\"potentialAction\":[{\"@type\":\"ReadAction\",\"target\":[\"https:\/\/www.duboischemicals.com\/water-treatment\/fr\/products\/boiler-water-treatment\/\"]}]},{\"@type\":\"ImageObject\",\"inLanguage\":\"fr-FR\",\"@id\":\"https:\/\/www.duboischemicals.com\/water-treatment\/fr\/products\/boiler-water-treatment\/#primaryimage\",\"url\":\"https:\/\/www.duboischemicals.com\/water-treatment\/wp-content\/uploads\/sites\/5\/2023\/06\/192.png\",\"contentUrl\":\"https:\/\/www.duboischemicals.com\/water-treatment\/wp-content\/uploads\/sites\/5\/2023\/06\/192.png\",\"width\":450,\"height\":450,\"caption\":\"Boiler Water Treatment Icon\"},{\"@type\":\"BreadcrumbList\",\"@id\":\"https:\/\/www.duboischemicals.com\/water-treatment\/fr\/products\/boiler-water-treatment\/#breadcrumb\",\"itemListElement\":[{\"@type\":\"ListItem\",\"position\":1,\"name\":\"Accueil\",\"item\":\"https:\/\/www.duboischemicals.com\/water-treatment\/fr\/\"},{\"@type\":\"ListItem\",\"position\":2,\"name\":\"Produits\",\"item\":\"https:\/\/www.duboischemicals.com\/water-treatment\/fr\/products\/\"},{\"@type\":\"ListItem\",\"position\":3,\"name\":\"Traitement de l&rsquo;eau de chaudi\u00e8re\"}]},{\"@type\":\"WebSite\",\"@id\":\"https:\/\/www.duboischemicals.com\/water-treatment\/fr\/#website\",\"url\":\"https:\/\/www.duboischemicals.com\/water-treatment\/fr\/\",\"name\":\"Traitement des eaux\",\"description\":\"\",\"potentialAction\":[{\"@type\":\"SearchAction\",\"target\":{\"@type\":\"EntryPoint\",\"urlTemplate\":\"https:\/\/www.duboischemicals.com\/water-treatment\/fr\/?s={search_term_string}\"},\"query-input\":{\"@type\":\"PropertyValueSpecification\",\"valueRequired\":true,\"valueName\":\"search_term_string\"}}],\"inLanguage\":\"fr-FR\"}]}<\/script>\n<!-- \/ Yoast SEO plugin. -->","yoast_head_json":{"title":"Traitement de l'eau de chaudi\u00e8re - Traitement des eaux","robots":{"index":"index","follow":"follow","max-snippet":"max-snippet:-1","max-image-preview":"max-image-preview:large","max-video-preview":"max-video-preview:-1"},"canonical":"https:\/\/www.duboischemicals.com\/water-treatment\/fr\/products\/boiler-water-treatment\/","og_locale":"fr_FR","og_type":"article","og_title":"Traitement de l'eau de chaudi\u00e8re - Traitement des eaux","og_description":"Avec plus de 65 ans d\u2019expertise en traitement de l\u2019eau et gr\u00e2ce \u00e0 un engagement ferme envers l\u2019innovation continue, DuBois est en mesure de vous offrir des gammes compl\u00e8tes de solutions en mati\u00e8re d\u2019\u00e9quipement et...","og_url":"https:\/\/www.duboischemicals.com\/water-treatment\/fr\/products\/boiler-water-treatment\/","og_site_name":"Traitement des eaux","article_modified_time":"2021-02-11T11:56:55+00:00","og_image":[{"width":454,"height":450,"url":"https:\/\/www.duboischemicals.com\/water-treatment\/wp-content\/uploads\/sites\/5\/2018\/11\/GettyImages-505517800-Water-Treatment-Products-Boiler-Water-Treatment.jpg","type":"image\/jpeg"}],"twitter_card":"summary_large_image","twitter_misc":{"Dur\u00e9e de lecture estim\u00e9e":"3 minutes"},"schema":{"@context":"https:\/\/schema.org","@graph":[{"@type":"WebPage","@id":"https:\/\/www.duboischemicals.com\/water-treatment\/fr\/products\/boiler-water-treatment\/","url":"https:\/\/www.duboischemicals.com\/water-treatment\/fr\/products\/boiler-water-treatment\/","name":"Traitement de l'eau de chaudi\u00e8re - Traitement des eaux","isPartOf":{"@id":"https:\/\/www.duboischemicals.com\/water-treatment\/fr\/#website"},"primaryImageOfPage":{"@id":"https:\/\/www.duboischemicals.com\/water-treatment\/fr\/products\/boiler-water-treatment\/#primaryimage"},"image":{"@id":"https:\/\/www.duboischemicals.com\/water-treatment\/fr\/products\/boiler-water-treatment\/#primaryimage"},"thumbnailUrl":"https:\/\/www.duboischemicals.com\/water-treatment\/wp-content\/uploads\/sites\/5\/2023\/06\/192.png","datePublished":"2020-11-30T12:36:34+00:00","dateModified":"2021-02-11T11:56:55+00:00","breadcrumb":{"@id":"https:\/\/www.duboischemicals.com\/water-treatment\/fr\/products\/boiler-water-treatment\/#breadcrumb"},"inLanguage":"fr-FR","potentialAction":[{"@type":"ReadAction","target":["https:\/\/www.duboischemicals.com\/water-treatment\/fr\/products\/boiler-water-treatment\/"]}]},{"@type":"ImageObject","inLanguage":"fr-FR","@id":"https:\/\/www.duboischemicals.com\/water-treatment\/fr\/products\/boiler-water-treatment\/#primaryimage","url":"https:\/\/www.duboischemicals.com\/water-treatment\/wp-content\/uploads\/sites\/5\/2023\/06\/192.png","contentUrl":"https:\/\/www.duboischemicals.com\/water-treatment\/wp-content\/uploads\/sites\/5\/2023\/06\/192.png","width":450,"height":450,"caption":"Boiler Water Treatment Icon"},{"@type":"BreadcrumbList","@id":"https:\/\/www.duboischemicals.com\/water-treatment\/fr\/products\/boiler-water-treatment\/#breadcrumb","itemListElement":[{"@type":"ListItem","position":1,"name":"Accueil","item":"https:\/\/www.duboischemicals.com\/water-treatment\/fr\/"},{"@type":"ListItem","position":2,"name":"Produits","item":"https:\/\/www.duboischemicals.com\/water-treatment\/fr\/products\/"},{"@type":"ListItem","position":3,"name":"Traitement de l&rsquo;eau de chaudi\u00e8re"}]},{"@type":"WebSite","@id":"https:\/\/www.duboischemicals.com\/water-treatment\/fr\/#website","url":"https:\/\/www.duboischemicals.com\/water-treatment\/fr\/","name":"Traitement des eaux","description":"","potentialAction":[{"@type":"SearchAction","target":{"@type":"EntryPoint","urlTemplate":"https:\/\/www.duboischemicals.com\/water-treatment\/fr\/?s={search_term_string}"},"query-input":{"@type":"PropertyValueSpecification","valueRequired":true,"valueName":"search_term_string"}}],"inLanguage":"fr-FR"}]}},"_links":{"self":[{"href":"https:\/\/www.duboischemicals.com\/water-treatment\/fr\/wp-json\/wp\/v2\/pages\/10928","targetHints":{"allow":["GET"]}}],"collection":[{"href":"https:\/\/www.duboischemicals.com\/water-treatment\/fr\/wp-json\/wp\/v2\/pages"}],"about":[{"href":"https:\/\/www.duboischemicals.com\/water-treatment\/fr\/wp-json\/wp\/v2\/types\/page"}],"author":[{"embeddable":true,"href":"https:\/\/www.duboischemicals.com\/water-treatment\/fr\/wp-json\/wp\/v2\/users\/220"}],"replies":[{"embeddable":true,"href":"https:\/\/www.duboischemicals.com\/water-treatment\/fr\/wp-json\/wp\/v2\/comments?post=10928"}],"version-history":[{"count":7,"href":"https:\/\/www.duboischemicals.com\/water-treatment\/fr\/wp-json\/wp\/v2\/pages\/10928\/revisions"}],"predecessor-version":[{"id":11607,"href":"https:\/\/www.duboischemicals.com\/water-treatment\/fr\/wp-json\/wp\/v2\/pages\/10928\/revisions\/11607"}],"up":[{"embeddable":true,"href":"https:\/\/www.duboischemicals.com\/water-treatment\/fr\/wp-json\/wp\/v2\/pages\/10899"}],"wp:featuredmedia":[{"embeddable":true,"href":"https:\/\/www.duboischemicals.com\/water-treatment\/fr\/wp-json\/wp\/v2\/media\/12472"}],"wp:attachment":[{"href":"https:\/\/www.duboischemicals.com\/water-treatment\/fr\/wp-json\/wp\/v2\/media?parent=10928"}],"curies":[{"name":"wp","href":"https:\/\/api.w.org\/{rel}","templated":true}]}}