{"id":10930,"date":"2020-11-30T07:36:35","date_gmt":"2020-11-30T12:36:35","guid":{"rendered":"https:\/\/www.duboischemicals.com\/\/water-treatment\/products\/wastewater-treatment\/"},"modified":"2021-02-16T07:05:44","modified_gmt":"2021-02-16T12:05:44","slug":"wastewater-treatment","status":"publish","type":"page","link":"https:\/\/www.duboischemicals.com\/water-treatment\/fr\/products\/wastewater-treatment\/","title":{"rendered":"Traitement des eaux us\u00e9es"},"content":{"rendered":"<p>DuBois sait que vos effluents d\u2019eaux us\u00e9es doivent satisfaire aux exigences de votre installation et aux exigences en mati\u00e8re d\u2019environnement. Les solutions de traitement de DuBois minimisent la teneur en contaminants de votre eau en contr\u00f4lant les facteurs suivants\u00a0:<\/p>\n<ul>\n<li>Solides en suspension<\/li>\n<li>M\u00e9taux lourds<\/li>\n<li>Demande biochimique en oxyg\u00e8ne (DBO) et demande chimique en oxyg\u00e8ne (DCO)<\/li>\n<li>D\u00e9chets huileux (gras, huiles et graisses)<\/li>\n<li>Odeurs<\/li>\n<li>Mousse<\/li>\n<\/ul>\n<p>Pour contr\u00f4ler ces facteurs, DuBois propose une gamme compl\u00e8te de solutions de traitement des eaux us\u00e9es\u00a0:<\/p>\n<ul>\n<li>Floculants anioniques et cationiques<\/li>\n<li>Coagulants<\/li>\n<li>Polym\u00e8res et polyamines<\/li>\n<li>Produits inorganiques, notamment \u00e0 base de fer, de calcium et d\u2019aluminium<\/li>\n<li>M\u00e9langes synergiques de polym\u00e8res organiques et de compos\u00e9s inorganiques<\/li>\n<li>Agents de pr\u00e9cipitation<\/li>\n<li>Compos\u00e9s chimiques pour le contr\u00f4le des odeurs (\u00e0 usage g\u00e9n\u00e9ral ainsi que pour le contr\u00f4le des odeurs sp\u00e9cifiques aux sulfures)<\/li>\n<li>Agents antimousse \u00e0 base d\u2019eau, d\u2019huile ou de silicone<\/li>\n<\/ul>\n<p><strong>Des solutions clairement meilleures!<\/strong><\/p>\n<p>Nos techniciens proc\u00e9deront \u00e0 un examen en profondeur de votre syst\u00e8me et effectueront les tests n\u00e9cessaires afin d\u2019\u00e9laborer une solution respectueuse de l\u2019environnement et permettant de contr\u00f4ler les co\u00fbts.\u00a0 Nos programmes maintiennent constamment les objectifs de qualit\u00e9 de l&rsquo;eau afin d&rsquo;optimiser l&rsquo;\u00e9limination des solides et de r\u00e9duire ainsi le co\u00fbt global d&rsquo;exploitation.<\/p>\n<p>Nous disposons d&rsquo;un service d&rsquo;assistance technique pour aider les clients \u00e0 int\u00e9grer les consid\u00e9rations m\u00e9caniques et chimiques lors de la conception et de la mise en service de projets de traitement des eaux us\u00e9es nouveaux, de modernisation ou d&rsquo;extension.<\/p>\n<p>Nous effectuons r\u00e9guli\u00e8rement des examens d&rsquo;optimisation, y compris des tests de r\u00e9cipients sur le site, afin de r\u00e9duire le co\u00fbt d&rsquo;exploitation et de comparer les indicateurs de performance cl\u00e9s tels que les accords de surtaxe, les co\u00fbts du programme, le co\u00fbt de transport des boues, les temps d&rsquo;arr\u00eat de la production et les amendes.<\/p>\n<p>Nos v\u00e9rifications mensuelles permettent de rep\u00e9rer de mani\u00e8re proactive les points \u00e0 am\u00e9liorer pour \u00e9viter les pannes impr\u00e9vues. Nous \u00e9quipons nos clients et leur donnons les moyens d&rsquo;identifier et de r\u00e9agir aux \u00e9carts de performance, et notre \u00e9quipe s&rsquo;engage \u00e0 fournir un soutien suppl\u00e9mentaire pour retrouver rapidement une \u00ab\u00a0eau propre\u00a0\u00bb.<\/p>\n<p>Notre portail client en ligne et notre application de journal de bord pour op\u00e9rateurs exclusifs et prim\u00e9s*, AquaAnalytics, offrent un acc\u00e8s pratique \u00e0 des informations consolid\u00e9es et la possibilit\u00e9 de corr\u00e9ler les tendances des eaux us\u00e9es avec les tendances de la production pour corriger les \u00e9carts de performance.<\/p>\n<p><em>*Lisez les articles sur notre prix dans les magazines num\u00e9riques\u00a0<\/em><em><a href=\"https:\/\/www.automationmag.com\/software\/erp\/5480-water-treatment-company-grows-300-per-cent-with-cloud-erp\">Manufacturing Automation<\/a><\/em><em>\u00a0ou\u00a0<a href=\"https:\/\/www.itbusiness.ca\/blog\/klenzoid-gets-operations-flowing-with-netsuite-crm\/49745\">itbusiness<\/a>.<\/em><strong>\u00c9tude de cas\u00a0:<\/strong><\/p>\n<p><a href=\"http:\/\/www.duboischemicals.com\/\/water-treatment\/resources\/case-studies\/large-national-industrial-laundry-sees-significant-gains-in-wastewater-process-after-process-and-chemical-improvements-installed-by-dubois\/\">\u00c9tude de cas des installations de buanderie<\/a><\/p>\n","protected":false},"excerpt":{"rendered":"<p>DuBois sait que vos effluents d\u2019eaux us\u00e9es doivent satisfaire aux exigences de votre installation et aux exigences en mati\u00e8re d\u2019environnement. Les solutions de traitement de DuBois minimisent la teneur en contaminants de votre eau en&#8230;<\/p>\n","protected":false},"author":220,"featured_media":12476,"parent":10899,"menu_order":4,"comment_status":"closed","ping_status":"closed","template":"template-prodinfo.php","meta":{"_acf_changed":false,"footnotes":""},"class_list":["post-10930","page","type-page","status-publish","has-post-thumbnail","hentry"],"acf":[],"yoast_head":"<!-- This site is optimized with the Yoast SEO plugin v26.8 - https:\/\/yoast.com\/product\/yoast-seo-wordpress\/ -->\n<title>Traitement des eaux us\u00e9es - Traitement des eaux<\/title>\n<meta name=\"robots\" content=\"index, follow, max-snippet:-1, max-image-preview:large, max-video-preview:-1\" \/>\n<link rel=\"canonical\" href=\"https:\/\/www.duboischemicals.com\/water-treatment\/fr\/products\/wastewater-treatment\/\" \/>\n<meta property=\"og:locale\" content=\"fr_FR\" \/>\n<meta property=\"og:type\" content=\"article\" \/>\n<meta property=\"og:title\" content=\"Traitement des eaux us\u00e9es - Traitement des eaux\" \/>\n<meta property=\"og:description\" content=\"DuBois sait que vos effluents d\u2019eaux us\u00e9es doivent satisfaire aux exigences de votre installation et aux exigences en mati\u00e8re d\u2019environnement. Les solutions de traitement de DuBois minimisent la teneur en contaminants de votre eau en...\" \/>\n<meta property=\"og:url\" content=\"https:\/\/www.duboischemicals.com\/water-treatment\/fr\/products\/wastewater-treatment\/\" \/>\n<meta property=\"og:site_name\" content=\"Traitement des eaux\" \/>\n<meta property=\"article:modified_time\" content=\"2021-02-16T12:05:44+00:00\" \/>\n<meta property=\"og:image\" content=\"https:\/\/www.duboischemicals.com\/water-treatment\/wp-content\/uploads\/sites\/5\/2018\/11\/GettyImages-122927080-Water-Treatment-Products-Wastewater-Treatment.jpg\" \/>\n\t<meta property=\"og:image:width\" content=\"454\" \/>\n\t<meta property=\"og:image:height\" content=\"450\" \/>\n\t<meta property=\"og:image:type\" content=\"image\/jpeg\" \/>\n<meta name=\"twitter:card\" content=\"summary_large_image\" \/>\n<meta name=\"twitter:label1\" content=\"Dur\u00e9e de lecture estim\u00e9e\" \/>\n\t<meta name=\"twitter:data1\" content=\"2 minutes\" \/>\n<script type=\"application\/ld+json\" class=\"yoast-schema-graph\">{\"@context\":\"https:\/\/schema.org\",\"@graph\":[{\"@type\":\"WebPage\",\"@id\":\"https:\/\/www.duboischemicals.com\/water-treatment\/fr\/products\/wastewater-treatment\/\",\"url\":\"https:\/\/www.duboischemicals.com\/water-treatment\/fr\/products\/wastewater-treatment\/\",\"name\":\"Traitement des eaux us\u00e9es - Traitement des eaux\",\"isPartOf\":{\"@id\":\"https:\/\/www.duboischemicals.com\/water-treatment\/fr\/#website\"},\"primaryImageOfPage\":{\"@id\":\"https:\/\/www.duboischemicals.com\/water-treatment\/fr\/products\/wastewater-treatment\/#primaryimage\"},\"image\":{\"@id\":\"https:\/\/www.duboischemicals.com\/water-treatment\/fr\/products\/wastewater-treatment\/#primaryimage\"},\"thumbnailUrl\":\"https:\/\/www.duboischemicals.com\/water-treatment\/wp-content\/uploads\/sites\/5\/2023\/06\/97.png\",\"datePublished\":\"2020-11-30T12:36:35+00:00\",\"dateModified\":\"2021-02-16T12:05:44+00:00\",\"breadcrumb\":{\"@id\":\"https:\/\/www.duboischemicals.com\/water-treatment\/fr\/products\/wastewater-treatment\/#breadcrumb\"},\"inLanguage\":\"fr-FR\",\"potentialAction\":[{\"@type\":\"ReadAction\",\"target\":[\"https:\/\/www.duboischemicals.com\/water-treatment\/fr\/products\/wastewater-treatment\/\"]}]},{\"@type\":\"ImageObject\",\"inLanguage\":\"fr-FR\",\"@id\":\"https:\/\/www.duboischemicals.com\/water-treatment\/fr\/products\/wastewater-treatment\/#primaryimage\",\"url\":\"https:\/\/www.duboischemicals.com\/water-treatment\/wp-content\/uploads\/sites\/5\/2023\/06\/97.png\",\"contentUrl\":\"https:\/\/www.duboischemicals.com\/water-treatment\/wp-content\/uploads\/sites\/5\/2023\/06\/97.png\",\"width\":450,\"height\":450,\"caption\":\"Wastewater Treatment Icon\"},{\"@type\":\"BreadcrumbList\",\"@id\":\"https:\/\/www.duboischemicals.com\/water-treatment\/fr\/products\/wastewater-treatment\/#breadcrumb\",\"itemListElement\":[{\"@type\":\"ListItem\",\"position\":1,\"name\":\"Accueil\",\"item\":\"https:\/\/www.duboischemicals.com\/water-treatment\/fr\/\"},{\"@type\":\"ListItem\",\"position\":2,\"name\":\"Produits\",\"item\":\"https:\/\/www.duboischemicals.com\/water-treatment\/fr\/products\/\"},{\"@type\":\"ListItem\",\"position\":3,\"name\":\"Traitement des eaux us\u00e9es\"}]},{\"@type\":\"WebSite\",\"@id\":\"https:\/\/www.duboischemicals.com\/water-treatment\/fr\/#website\",\"url\":\"https:\/\/www.duboischemicals.com\/water-treatment\/fr\/\",\"name\":\"Traitement des eaux\",\"description\":\"\",\"potentialAction\":[{\"@type\":\"SearchAction\",\"target\":{\"@type\":\"EntryPoint\",\"urlTemplate\":\"https:\/\/www.duboischemicals.com\/water-treatment\/fr\/?s={search_term_string}\"},\"query-input\":{\"@type\":\"PropertyValueSpecification\",\"valueRequired\":true,\"valueName\":\"search_term_string\"}}],\"inLanguage\":\"fr-FR\"}]}<\/script>\n<!-- \/ Yoast SEO plugin. -->","yoast_head_json":{"title":"Traitement des eaux us\u00e9es - Traitement des eaux","robots":{"index":"index","follow":"follow","max-snippet":"max-snippet:-1","max-image-preview":"max-image-preview:large","max-video-preview":"max-video-preview:-1"},"canonical":"https:\/\/www.duboischemicals.com\/water-treatment\/fr\/products\/wastewater-treatment\/","og_locale":"fr_FR","og_type":"article","og_title":"Traitement des eaux us\u00e9es - Traitement des eaux","og_description":"DuBois sait que vos effluents d\u2019eaux us\u00e9es doivent satisfaire aux exigences de votre installation et aux exigences en mati\u00e8re d\u2019environnement. Les solutions de traitement de DuBois minimisent la teneur en contaminants de votre eau en...","og_url":"https:\/\/www.duboischemicals.com\/water-treatment\/fr\/products\/wastewater-treatment\/","og_site_name":"Traitement des eaux","article_modified_time":"2021-02-16T12:05:44+00:00","og_image":[{"width":454,"height":450,"url":"https:\/\/www.duboischemicals.com\/water-treatment\/wp-content\/uploads\/sites\/5\/2018\/11\/GettyImages-122927080-Water-Treatment-Products-Wastewater-Treatment.jpg","type":"image\/jpeg"}],"twitter_card":"summary_large_image","twitter_misc":{"Dur\u00e9e de lecture estim\u00e9e":"2 minutes"},"schema":{"@context":"https:\/\/schema.org","@graph":[{"@type":"WebPage","@id":"https:\/\/www.duboischemicals.com\/water-treatment\/fr\/products\/wastewater-treatment\/","url":"https:\/\/www.duboischemicals.com\/water-treatment\/fr\/products\/wastewater-treatment\/","name":"Traitement des eaux us\u00e9es - Traitement des eaux","isPartOf":{"@id":"https:\/\/www.duboischemicals.com\/water-treatment\/fr\/#website"},"primaryImageOfPage":{"@id":"https:\/\/www.duboischemicals.com\/water-treatment\/fr\/products\/wastewater-treatment\/#primaryimage"},"image":{"@id":"https:\/\/www.duboischemicals.com\/water-treatment\/fr\/products\/wastewater-treatment\/#primaryimage"},"thumbnailUrl":"https:\/\/www.duboischemicals.com\/water-treatment\/wp-content\/uploads\/sites\/5\/2023\/06\/97.png","datePublished":"2020-11-30T12:36:35+00:00","dateModified":"2021-02-16T12:05:44+00:00","breadcrumb":{"@id":"https:\/\/www.duboischemicals.com\/water-treatment\/fr\/products\/wastewater-treatment\/#breadcrumb"},"inLanguage":"fr-FR","potentialAction":[{"@type":"ReadAction","target":["https:\/\/www.duboischemicals.com\/water-treatment\/fr\/products\/wastewater-treatment\/"]}]},{"@type":"ImageObject","inLanguage":"fr-FR","@id":"https:\/\/www.duboischemicals.com\/water-treatment\/fr\/products\/wastewater-treatment\/#primaryimage","url":"https:\/\/www.duboischemicals.com\/water-treatment\/wp-content\/uploads\/sites\/5\/2023\/06\/97.png","contentUrl":"https:\/\/www.duboischemicals.com\/water-treatment\/wp-content\/uploads\/sites\/5\/2023\/06\/97.png","width":450,"height":450,"caption":"Wastewater Treatment Icon"},{"@type":"BreadcrumbList","@id":"https:\/\/www.duboischemicals.com\/water-treatment\/fr\/products\/wastewater-treatment\/#breadcrumb","itemListElement":[{"@type":"ListItem","position":1,"name":"Accueil","item":"https:\/\/www.duboischemicals.com\/water-treatment\/fr\/"},{"@type":"ListItem","position":2,"name":"Produits","item":"https:\/\/www.duboischemicals.com\/water-treatment\/fr\/products\/"},{"@type":"ListItem","position":3,"name":"Traitement des eaux us\u00e9es"}]},{"@type":"WebSite","@id":"https:\/\/www.duboischemicals.com\/water-treatment\/fr\/#website","url":"https:\/\/www.duboischemicals.com\/water-treatment\/fr\/","name":"Traitement des eaux","description":"","potentialAction":[{"@type":"SearchAction","target":{"@type":"EntryPoint","urlTemplate":"https:\/\/www.duboischemicals.com\/water-treatment\/fr\/?s={search_term_string}"},"query-input":{"@type":"PropertyValueSpecification","valueRequired":true,"valueName":"search_term_string"}}],"inLanguage":"fr-FR"}]}},"_links":{"self":[{"href":"https:\/\/www.duboischemicals.com\/water-treatment\/fr\/wp-json\/wp\/v2\/pages\/10930","targetHints":{"allow":["GET"]}}],"collection":[{"href":"https:\/\/www.duboischemicals.com\/water-treatment\/fr\/wp-json\/wp\/v2\/pages"}],"about":[{"href":"https:\/\/www.duboischemicals.com\/water-treatment\/fr\/wp-json\/wp\/v2\/types\/page"}],"author":[{"embeddable":true,"href":"https:\/\/www.duboischemicals.com\/water-treatment\/fr\/wp-json\/wp\/v2\/users\/220"}],"replies":[{"embeddable":true,"href":"https:\/\/www.duboischemicals.com\/water-treatment\/fr\/wp-json\/wp\/v2\/comments?post=10930"}],"version-history":[{"count":4,"href":"https:\/\/www.duboischemicals.com\/water-treatment\/fr\/wp-json\/wp\/v2\/pages\/10930\/revisions"}],"predecessor-version":[{"id":11588,"href":"https:\/\/www.duboischemicals.com\/water-treatment\/fr\/wp-json\/wp\/v2\/pages\/10930\/revisions\/11588"}],"up":[{"embeddable":true,"href":"https:\/\/www.duboischemicals.com\/water-treatment\/fr\/wp-json\/wp\/v2\/pages\/10899"}],"wp:featuredmedia":[{"embeddable":true,"href":"https:\/\/www.duboischemicals.com\/water-treatment\/fr\/wp-json\/wp\/v2\/media\/12476"}],"wp:attachment":[{"href":"https:\/\/www.duboischemicals.com\/water-treatment\/fr\/wp-json\/wp\/v2\/media?parent=10930"}],"curies":[{"name":"wp","href":"https:\/\/api.w.org\/{rel}","templated":true}]}}