{"id":10931,"date":"2020-11-30T07:36:35","date_gmt":"2020-11-30T12:36:35","guid":{"rendered":"https:\/\/www.duboischemicals.com\/\/water-treatment\/products\/water-pretreatment\/"},"modified":"2021-02-03T08:36:06","modified_gmt":"2021-02-03T13:36:06","slug":"water-pretreatment","status":"publish","type":"page","link":"https:\/\/www.duboischemicals.com\/water-treatment\/fr\/products\/water-pretreatment\/","title":{"rendered":"Traitement des eaux"},"content":{"rendered":"<p><strong>Retirez-le plut\u00f4t que de le traiter!<\/strong><\/p>\n<p><em>Nos ing\u00e9nieurs peuvent concevoir une solution de pr\u00e9traitement appropri\u00e9e pour minimiser vos co\u00fbts d&rsquo;exploitation totaux et votre d\u00e9pendance aux produits de traitement chimique.<\/em><\/p>\n<p>Adoucisseurs, d\u00e9salcalinisants, d\u00e9ioniseurs, syst\u00e8mes d&rsquo;osmose inverse, unit\u00e9s de filtration sur m\u00e9dia\u00a0\u2013 laissez nos ing\u00e9nieurs d\u00e9terminer quelle solution \u00e9prouv\u00e9e pr\u00e9sente le meilleur avantage pour vous. Nos \u00e9quipements personnalis\u00e9s sont dimensionn\u00e9s et fabriqu\u00e9s en interne pour r\u00e9pondre \u00e0 votre application sp\u00e9cifique.<\/p>\n<p>Garantir un fonctionnement fiable est essentiel pour le succ\u00e8s du programme global de traitement des eaux. Nous sommes form\u00e9s et \u00e9quip\u00e9s pour assurer un d\u00e9pannage et une r\u00e9paration imm\u00e9diats afin de minimiser les temps d&rsquo;arr\u00eat.<\/p>\n<p>Nous mesurons et suivons les performances afin de garantir une efficacit\u00e9 maximale et de r\u00e9duire le co\u00fbt de fonctionnement. Nous optimisons l&rsquo;utilisation des r\u00e9g\u00e9n\u00e9rants et prolongeons la dur\u00e9e de vie des r\u00e9sines et des membranes gr\u00e2ce \u00e0 des \u00e9tudes sur l&rsquo;\u00e9lution de la saumure, l&rsquo;analyse de l&rsquo;encrassement des membranes et le nettoyage en place (NEP).<\/p>\n","protected":false},"excerpt":{"rendered":"<p>Retirez-le plut\u00f4t que de le traiter! Nos ing\u00e9nieurs peuvent concevoir une solution de pr\u00e9traitement appropri\u00e9e pour minimiser vos co\u00fbts d&rsquo;exploitation totaux et votre d\u00e9pendance aux produits de traitement chimique. Adoucisseurs, d\u00e9salcalinisants, d\u00e9ioniseurs, syst\u00e8mes d&rsquo;osmose inverse,&#8230;<\/p>\n","protected":false},"author":220,"featured_media":12468,"parent":10899,"menu_order":5,"comment_status":"closed","ping_status":"closed","template":"template-prodinfo.php","meta":{"_acf_changed":false,"footnotes":""},"class_list":["post-10931","page","type-page","status-publish","has-post-thumbnail","hentry"],"acf":[],"yoast_head":"<!-- This site is optimized with the Yoast SEO plugin v26.8 - https:\/\/yoast.com\/product\/yoast-seo-wordpress\/ -->\n<title>Traitement des eaux - Traitement des eaux<\/title>\n<meta name=\"robots\" content=\"index, follow, max-snippet:-1, max-image-preview:large, max-video-preview:-1\" \/>\n<link rel=\"canonical\" href=\"https:\/\/www.duboischemicals.com\/water-treatment\/fr\/products\/water-pretreatment\/\" \/>\n<meta property=\"og:locale\" content=\"fr_FR\" \/>\n<meta property=\"og:type\" content=\"article\" \/>\n<meta property=\"og:title\" content=\"Traitement des eaux - Traitement des eaux\" \/>\n<meta property=\"og:description\" content=\"Retirez-le plut\u00f4t que de le traiter! Nos ing\u00e9nieurs peuvent concevoir une solution de pr\u00e9traitement appropri\u00e9e pour minimiser vos co\u00fbts d&rsquo;exploitation totaux et votre d\u00e9pendance aux produits de traitement chimique. Adoucisseurs, d\u00e9salcalinisants, d\u00e9ioniseurs, syst\u00e8mes d&rsquo;osmose inverse,...\" \/>\n<meta property=\"og:url\" content=\"https:\/\/www.duboischemicals.com\/water-treatment\/fr\/products\/water-pretreatment\/\" \/>\n<meta property=\"og:site_name\" content=\"Traitement des eaux\" \/>\n<meta property=\"article:modified_time\" content=\"2021-02-03T13:36:06+00:00\" \/>\n<meta property=\"og:image\" content=\"https:\/\/www.duboischemicals.com\/water-treatment\/wp-content\/uploads\/sites\/5\/2018\/10\/iStock_000006003156-Water-Treatment-4.jpg\" \/>\n\t<meta property=\"og:image:width\" content=\"454\" \/>\n\t<meta property=\"og:image:height\" content=\"450\" \/>\n\t<meta property=\"og:image:type\" content=\"image\/jpeg\" \/>\n<meta name=\"twitter:card\" content=\"summary_large_image\" \/>\n<meta name=\"twitter:label1\" content=\"Dur\u00e9e de lecture estim\u00e9e\" \/>\n\t<meta name=\"twitter:data1\" content=\"1 minute\" \/>\n<script type=\"application\/ld+json\" class=\"yoast-schema-graph\">{\"@context\":\"https:\/\/schema.org\",\"@graph\":[{\"@type\":\"WebPage\",\"@id\":\"https:\/\/www.duboischemicals.com\/water-treatment\/fr\/products\/water-pretreatment\/\",\"url\":\"https:\/\/www.duboischemicals.com\/water-treatment\/fr\/products\/water-pretreatment\/\",\"name\":\"Traitement des eaux - Traitement des eaux\",\"isPartOf\":{\"@id\":\"https:\/\/www.duboischemicals.com\/water-treatment\/fr\/#website\"},\"primaryImageOfPage\":{\"@id\":\"https:\/\/www.duboischemicals.com\/water-treatment\/fr\/products\/water-pretreatment\/#primaryimage\"},\"image\":{\"@id\":\"https:\/\/www.duboischemicals.com\/water-treatment\/fr\/products\/water-pretreatment\/#primaryimage\"},\"thumbnailUrl\":\"https:\/\/www.duboischemicals.com\/water-treatment\/wp-content\/uploads\/sites\/5\/2023\/06\/188.png\",\"datePublished\":\"2020-11-30T12:36:35+00:00\",\"dateModified\":\"2021-02-03T13:36:06+00:00\",\"breadcrumb\":{\"@id\":\"https:\/\/www.duboischemicals.com\/water-treatment\/fr\/products\/water-pretreatment\/#breadcrumb\"},\"inLanguage\":\"fr-FR\",\"potentialAction\":[{\"@type\":\"ReadAction\",\"target\":[\"https:\/\/www.duboischemicals.com\/water-treatment\/fr\/products\/water-pretreatment\/\"]}]},{\"@type\":\"ImageObject\",\"inLanguage\":\"fr-FR\",\"@id\":\"https:\/\/www.duboischemicals.com\/water-treatment\/fr\/products\/water-pretreatment\/#primaryimage\",\"url\":\"https:\/\/www.duboischemicals.com\/water-treatment\/wp-content\/uploads\/sites\/5\/2023\/06\/188.png\",\"contentUrl\":\"https:\/\/www.duboischemicals.com\/water-treatment\/wp-content\/uploads\/sites\/5\/2023\/06\/188.png\",\"width\":450,\"height\":450,\"caption\":\"Water Pretreatment Icon\"},{\"@type\":\"BreadcrumbList\",\"@id\":\"https:\/\/www.duboischemicals.com\/water-treatment\/fr\/products\/water-pretreatment\/#breadcrumb\",\"itemListElement\":[{\"@type\":\"ListItem\",\"position\":1,\"name\":\"Accueil\",\"item\":\"https:\/\/www.duboischemicals.com\/water-treatment\/fr\/\"},{\"@type\":\"ListItem\",\"position\":2,\"name\":\"Produits\",\"item\":\"https:\/\/www.duboischemicals.com\/water-treatment\/fr\/products\/\"},{\"@type\":\"ListItem\",\"position\":3,\"name\":\"Traitement des eaux\"}]},{\"@type\":\"WebSite\",\"@id\":\"https:\/\/www.duboischemicals.com\/water-treatment\/fr\/#website\",\"url\":\"https:\/\/www.duboischemicals.com\/water-treatment\/fr\/\",\"name\":\"Traitement des eaux\",\"description\":\"\",\"potentialAction\":[{\"@type\":\"SearchAction\",\"target\":{\"@type\":\"EntryPoint\",\"urlTemplate\":\"https:\/\/www.duboischemicals.com\/water-treatment\/fr\/?s={search_term_string}\"},\"query-input\":{\"@type\":\"PropertyValueSpecification\",\"valueRequired\":true,\"valueName\":\"search_term_string\"}}],\"inLanguage\":\"fr-FR\"}]}<\/script>\n<!-- \/ Yoast SEO plugin. -->","yoast_head_json":{"title":"Traitement des eaux - Traitement des eaux","robots":{"index":"index","follow":"follow","max-snippet":"max-snippet:-1","max-image-preview":"max-image-preview:large","max-video-preview":"max-video-preview:-1"},"canonical":"https:\/\/www.duboischemicals.com\/water-treatment\/fr\/products\/water-pretreatment\/","og_locale":"fr_FR","og_type":"article","og_title":"Traitement des eaux - Traitement des eaux","og_description":"Retirez-le plut\u00f4t que de le traiter! Nos ing\u00e9nieurs peuvent concevoir une solution de pr\u00e9traitement appropri\u00e9e pour minimiser vos co\u00fbts d&rsquo;exploitation totaux et votre d\u00e9pendance aux produits de traitement chimique. Adoucisseurs, d\u00e9salcalinisants, d\u00e9ioniseurs, syst\u00e8mes d&rsquo;osmose inverse,...","og_url":"https:\/\/www.duboischemicals.com\/water-treatment\/fr\/products\/water-pretreatment\/","og_site_name":"Traitement des eaux","article_modified_time":"2021-02-03T13:36:06+00:00","og_image":[{"width":454,"height":450,"url":"https:\/\/www.duboischemicals.com\/water-treatment\/wp-content\/uploads\/sites\/5\/2018\/10\/iStock_000006003156-Water-Treatment-4.jpg","type":"image\/jpeg"}],"twitter_card":"summary_large_image","twitter_misc":{"Dur\u00e9e de lecture estim\u00e9e":"1 minute"},"schema":{"@context":"https:\/\/schema.org","@graph":[{"@type":"WebPage","@id":"https:\/\/www.duboischemicals.com\/water-treatment\/fr\/products\/water-pretreatment\/","url":"https:\/\/www.duboischemicals.com\/water-treatment\/fr\/products\/water-pretreatment\/","name":"Traitement des eaux - Traitement des eaux","isPartOf":{"@id":"https:\/\/www.duboischemicals.com\/water-treatment\/fr\/#website"},"primaryImageOfPage":{"@id":"https:\/\/www.duboischemicals.com\/water-treatment\/fr\/products\/water-pretreatment\/#primaryimage"},"image":{"@id":"https:\/\/www.duboischemicals.com\/water-treatment\/fr\/products\/water-pretreatment\/#primaryimage"},"thumbnailUrl":"https:\/\/www.duboischemicals.com\/water-treatment\/wp-content\/uploads\/sites\/5\/2023\/06\/188.png","datePublished":"2020-11-30T12:36:35+00:00","dateModified":"2021-02-03T13:36:06+00:00","breadcrumb":{"@id":"https:\/\/www.duboischemicals.com\/water-treatment\/fr\/products\/water-pretreatment\/#breadcrumb"},"inLanguage":"fr-FR","potentialAction":[{"@type":"ReadAction","target":["https:\/\/www.duboischemicals.com\/water-treatment\/fr\/products\/water-pretreatment\/"]}]},{"@type":"ImageObject","inLanguage":"fr-FR","@id":"https:\/\/www.duboischemicals.com\/water-treatment\/fr\/products\/water-pretreatment\/#primaryimage","url":"https:\/\/www.duboischemicals.com\/water-treatment\/wp-content\/uploads\/sites\/5\/2023\/06\/188.png","contentUrl":"https:\/\/www.duboischemicals.com\/water-treatment\/wp-content\/uploads\/sites\/5\/2023\/06\/188.png","width":450,"height":450,"caption":"Water Pretreatment Icon"},{"@type":"BreadcrumbList","@id":"https:\/\/www.duboischemicals.com\/water-treatment\/fr\/products\/water-pretreatment\/#breadcrumb","itemListElement":[{"@type":"ListItem","position":1,"name":"Accueil","item":"https:\/\/www.duboischemicals.com\/water-treatment\/fr\/"},{"@type":"ListItem","position":2,"name":"Produits","item":"https:\/\/www.duboischemicals.com\/water-treatment\/fr\/products\/"},{"@type":"ListItem","position":3,"name":"Traitement des eaux"}]},{"@type":"WebSite","@id":"https:\/\/www.duboischemicals.com\/water-treatment\/fr\/#website","url":"https:\/\/www.duboischemicals.com\/water-treatment\/fr\/","name":"Traitement des eaux","description":"","potentialAction":[{"@type":"SearchAction","target":{"@type":"EntryPoint","urlTemplate":"https:\/\/www.duboischemicals.com\/water-treatment\/fr\/?s={search_term_string}"},"query-input":{"@type":"PropertyValueSpecification","valueRequired":true,"valueName":"search_term_string"}}],"inLanguage":"fr-FR"}]}},"_links":{"self":[{"href":"https:\/\/www.duboischemicals.com\/water-treatment\/fr\/wp-json\/wp\/v2\/pages\/10931","targetHints":{"allow":["GET"]}}],"collection":[{"href":"https:\/\/www.duboischemicals.com\/water-treatment\/fr\/wp-json\/wp\/v2\/pages"}],"about":[{"href":"https:\/\/www.duboischemicals.com\/water-treatment\/fr\/wp-json\/wp\/v2\/types\/page"}],"author":[{"embeddable":true,"href":"https:\/\/www.duboischemicals.com\/water-treatment\/fr\/wp-json\/wp\/v2\/users\/220"}],"replies":[{"embeddable":true,"href":"https:\/\/www.duboischemicals.com\/water-treatment\/fr\/wp-json\/wp\/v2\/comments?post=10931"}],"version-history":[{"count":3,"href":"https:\/\/www.duboischemicals.com\/water-treatment\/fr\/wp-json\/wp\/v2\/pages\/10931\/revisions"}],"predecessor-version":[{"id":11477,"href":"https:\/\/www.duboischemicals.com\/water-treatment\/fr\/wp-json\/wp\/v2\/pages\/10931\/revisions\/11477"}],"up":[{"embeddable":true,"href":"https:\/\/www.duboischemicals.com\/water-treatment\/fr\/wp-json\/wp\/v2\/pages\/10899"}],"wp:featuredmedia":[{"embeddable":true,"href":"https:\/\/www.duboischemicals.com\/water-treatment\/fr\/wp-json\/wp\/v2\/media\/12468"}],"wp:attachment":[{"href":"https:\/\/www.duboischemicals.com\/water-treatment\/fr\/wp-json\/wp\/v2\/media?parent=10931"}],"curies":[{"name":"wp","href":"https:\/\/api.w.org\/{rel}","templated":true}]}}