{"id":10932,"date":"2020-11-30T07:36:35","date_gmt":"2020-11-30T12:36:35","guid":{"rendered":"https:\/\/www.duboischemicals.com\/\/water-treatment\/products\/paint-booth-maintenance\/"},"modified":"2021-02-03T08:36:18","modified_gmt":"2021-02-03T13:36:18","slug":"paint-booth-maintenance","status":"publish","type":"page","link":"https:\/\/www.duboischemicals.com\/water-treatment\/fr\/products\/paint-booth-maintenance\/","title":{"rendered":"Entretien des cabines de peinture"},"content":{"rendered":"<p>DuBois a \u00e9t\u00e9 un pionnier du traitement antiadh\u00e9sif de la peinture dans les cabines de peinture \u00e0 rideau d\u2019eau et a soutenu les \u00e9quipes d\u2019entretien des cabines de peinture depuis plus de 70\u00a0ans. Notre gamme compl\u00e8te de produits vous offrira une cabine de peinture propre et maximisera le rendement de votre cha\u00eene de peinture.<\/p>\n<p>\u00c0 mesure que vous adoptez de nouvelles techniques de peinture pour am\u00e9liorer la performance de vos produits, DuBois fera \u00e9quipe avec vous et votre fournisseur de rev\u00eatements pour r\u00e9pondre \u00e0 vos besoins en mati\u00e8re de traitement antiadh\u00e9sif et d\u2019entretien de cabines.<\/p>\n<p>Voici quelques-unes de nos solutions pour les cabines de pulv\u00e9risation de peinture\u00a0:<\/p>\n<ul>\n<li>Contr\u00f4le de l\u2019alcalinit\u00e9 par tampon liquide au phosphate et autres produits alcalins<\/li>\n<li>Traitement antiadh\u00e9sif gr\u00e2ce \u00e0 notre gamme de produits Poly D-Tac, comprenant entre autres des additifs de performance<\/li>\n<li>Polym\u00e8res de d\u00e9logement de notre gamme pour le traitement des eaux us\u00e9es\u00a0: liquides pr\u00eats \u00e0 l\u2019emploi, et \u00e9mulsions<\/li>\n<li>Antimousses pour contr\u00f4ler la couche de mousse produite par certaines peintures<\/li>\n<li>Produits masquants de notre gamme Filmite, pour prot\u00e9ger les surfaces non mouill\u00e9es contre les \u00e9claboussures de peinture<\/li>\n<\/ul>\n<p>Laissez votre personnel d\u2019entretien se concentrer sur la production plut\u00f4t que sur le nettoyage du rideau d\u2019eau de votre cabine de peinture.<\/p>\n","protected":false},"excerpt":{"rendered":"<p>DuBois a \u00e9t\u00e9 un pionnier du traitement antiadh\u00e9sif de la peinture dans les cabines de peinture \u00e0 rideau d\u2019eau et a soutenu les \u00e9quipes d\u2019entretien des cabines de peinture depuis plus de 70\u00a0ans. Notre gamme&#8230;<\/p>\n","protected":false},"author":220,"featured_media":12466,"parent":10899,"menu_order":6,"comment_status":"closed","ping_status":"closed","template":"template-prodinfo.php","meta":{"_acf_changed":false,"footnotes":""},"class_list":["post-10932","page","type-page","status-publish","has-post-thumbnail","hentry"],"acf":[],"yoast_head":"<!-- This site is optimized with the Yoast SEO plugin v26.8 - https:\/\/yoast.com\/product\/yoast-seo-wordpress\/ -->\n<title>Entretien des cabines de peinture - Traitement des eaux<\/title>\n<meta name=\"robots\" content=\"index, follow, max-snippet:-1, max-image-preview:large, max-video-preview:-1\" \/>\n<link rel=\"canonical\" href=\"https:\/\/www.duboischemicals.com\/water-treatment\/fr\/products\/paint-booth-maintenance\/\" \/>\n<meta property=\"og:locale\" content=\"fr_FR\" \/>\n<meta property=\"og:type\" content=\"article\" \/>\n<meta property=\"og:title\" content=\"Entretien des cabines de peinture - Traitement des eaux\" \/>\n<meta property=\"og:description\" content=\"DuBois a \u00e9t\u00e9 un pionnier du traitement antiadh\u00e9sif de la peinture dans les cabines de peinture \u00e0 rideau d\u2019eau et a soutenu les \u00e9quipes d\u2019entretien des cabines de peinture depuis plus de 70\u00a0ans. Notre gamme...\" \/>\n<meta property=\"og:url\" content=\"https:\/\/www.duboischemicals.com\/water-treatment\/fr\/products\/paint-booth-maintenance\/\" \/>\n<meta property=\"og:site_name\" content=\"Traitement des eaux\" \/>\n<meta property=\"article:modified_time\" content=\"2021-02-03T13:36:18+00:00\" \/>\n<meta property=\"og:image\" content=\"https:\/\/www.duboischemicals.com\/water-treatment\/wp-content\/uploads\/sites\/5\/2018\/11\/GettyImages-910794976-Water-Treatment-Products-Paint-Booth-Maintenance.jpg\" \/>\n\t<meta property=\"og:image:width\" content=\"454\" \/>\n\t<meta property=\"og:image:height\" content=\"450\" \/>\n\t<meta property=\"og:image:type\" content=\"image\/jpeg\" \/>\n<meta name=\"twitter:card\" content=\"summary_large_image\" \/>\n<meta name=\"twitter:label1\" content=\"Dur\u00e9e de lecture estim\u00e9e\" \/>\n\t<meta name=\"twitter:data1\" content=\"1 minute\" \/>\n<script type=\"application\/ld+json\" class=\"yoast-schema-graph\">{\"@context\":\"https:\/\/schema.org\",\"@graph\":[{\"@type\":\"WebPage\",\"@id\":\"https:\/\/www.duboischemicals.com\/water-treatment\/fr\/products\/paint-booth-maintenance\/\",\"url\":\"https:\/\/www.duboischemicals.com\/water-treatment\/fr\/products\/paint-booth-maintenance\/\",\"name\":\"Entretien des cabines de peinture - Traitement des eaux\",\"isPartOf\":{\"@id\":\"https:\/\/www.duboischemicals.com\/water-treatment\/fr\/#website\"},\"primaryImageOfPage\":{\"@id\":\"https:\/\/www.duboischemicals.com\/water-treatment\/fr\/products\/paint-booth-maintenance\/#primaryimage\"},\"image\":{\"@id\":\"https:\/\/www.duboischemicals.com\/water-treatment\/fr\/products\/paint-booth-maintenance\/#primaryimage\"},\"thumbnailUrl\":\"https:\/\/www.duboischemicals.com\/water-treatment\/wp-content\/uploads\/sites\/5\/2023\/06\/131.png\",\"datePublished\":\"2020-11-30T12:36:35+00:00\",\"dateModified\":\"2021-02-03T13:36:18+00:00\",\"breadcrumb\":{\"@id\":\"https:\/\/www.duboischemicals.com\/water-treatment\/fr\/products\/paint-booth-maintenance\/#breadcrumb\"},\"inLanguage\":\"fr-FR\",\"potentialAction\":[{\"@type\":\"ReadAction\",\"target\":[\"https:\/\/www.duboischemicals.com\/water-treatment\/fr\/products\/paint-booth-maintenance\/\"]}]},{\"@type\":\"ImageObject\",\"inLanguage\":\"fr-FR\",\"@id\":\"https:\/\/www.duboischemicals.com\/water-treatment\/fr\/products\/paint-booth-maintenance\/#primaryimage\",\"url\":\"https:\/\/www.duboischemicals.com\/water-treatment\/wp-content\/uploads\/sites\/5\/2023\/06\/131.png\",\"contentUrl\":\"https:\/\/www.duboischemicals.com\/water-treatment\/wp-content\/uploads\/sites\/5\/2023\/06\/131.png\",\"width\":450,\"height\":450,\"caption\":\"Paint Booth Maintenance Icon\"},{\"@type\":\"BreadcrumbList\",\"@id\":\"https:\/\/www.duboischemicals.com\/water-treatment\/fr\/products\/paint-booth-maintenance\/#breadcrumb\",\"itemListElement\":[{\"@type\":\"ListItem\",\"position\":1,\"name\":\"Accueil\",\"item\":\"https:\/\/www.duboischemicals.com\/water-treatment\/fr\/\"},{\"@type\":\"ListItem\",\"position\":2,\"name\":\"Produits\",\"item\":\"https:\/\/www.duboischemicals.com\/water-treatment\/fr\/products\/\"},{\"@type\":\"ListItem\",\"position\":3,\"name\":\"Entretien des cabines de peinture\"}]},{\"@type\":\"WebSite\",\"@id\":\"https:\/\/www.duboischemicals.com\/water-treatment\/fr\/#website\",\"url\":\"https:\/\/www.duboischemicals.com\/water-treatment\/fr\/\",\"name\":\"Traitement des eaux\",\"description\":\"\",\"potentialAction\":[{\"@type\":\"SearchAction\",\"target\":{\"@type\":\"EntryPoint\",\"urlTemplate\":\"https:\/\/www.duboischemicals.com\/water-treatment\/fr\/?s={search_term_string}\"},\"query-input\":{\"@type\":\"PropertyValueSpecification\",\"valueRequired\":true,\"valueName\":\"search_term_string\"}}],\"inLanguage\":\"fr-FR\"}]}<\/script>\n<!-- \/ Yoast SEO plugin. -->","yoast_head_json":{"title":"Entretien des cabines de peinture - Traitement des eaux","robots":{"index":"index","follow":"follow","max-snippet":"max-snippet:-1","max-image-preview":"max-image-preview:large","max-video-preview":"max-video-preview:-1"},"canonical":"https:\/\/www.duboischemicals.com\/water-treatment\/fr\/products\/paint-booth-maintenance\/","og_locale":"fr_FR","og_type":"article","og_title":"Entretien des cabines de peinture - Traitement des eaux","og_description":"DuBois a \u00e9t\u00e9 un pionnier du traitement antiadh\u00e9sif de la peinture dans les cabines de peinture \u00e0 rideau d\u2019eau et a soutenu les \u00e9quipes d\u2019entretien des cabines de peinture depuis plus de 70\u00a0ans. Notre gamme...","og_url":"https:\/\/www.duboischemicals.com\/water-treatment\/fr\/products\/paint-booth-maintenance\/","og_site_name":"Traitement des eaux","article_modified_time":"2021-02-03T13:36:18+00:00","og_image":[{"width":454,"height":450,"url":"https:\/\/www.duboischemicals.com\/water-treatment\/wp-content\/uploads\/sites\/5\/2018\/11\/GettyImages-910794976-Water-Treatment-Products-Paint-Booth-Maintenance.jpg","type":"image\/jpeg"}],"twitter_card":"summary_large_image","twitter_misc":{"Dur\u00e9e de lecture estim\u00e9e":"1 minute"},"schema":{"@context":"https:\/\/schema.org","@graph":[{"@type":"WebPage","@id":"https:\/\/www.duboischemicals.com\/water-treatment\/fr\/products\/paint-booth-maintenance\/","url":"https:\/\/www.duboischemicals.com\/water-treatment\/fr\/products\/paint-booth-maintenance\/","name":"Entretien des cabines de peinture - Traitement des eaux","isPartOf":{"@id":"https:\/\/www.duboischemicals.com\/water-treatment\/fr\/#website"},"primaryImageOfPage":{"@id":"https:\/\/www.duboischemicals.com\/water-treatment\/fr\/products\/paint-booth-maintenance\/#primaryimage"},"image":{"@id":"https:\/\/www.duboischemicals.com\/water-treatment\/fr\/products\/paint-booth-maintenance\/#primaryimage"},"thumbnailUrl":"https:\/\/www.duboischemicals.com\/water-treatment\/wp-content\/uploads\/sites\/5\/2023\/06\/131.png","datePublished":"2020-11-30T12:36:35+00:00","dateModified":"2021-02-03T13:36:18+00:00","breadcrumb":{"@id":"https:\/\/www.duboischemicals.com\/water-treatment\/fr\/products\/paint-booth-maintenance\/#breadcrumb"},"inLanguage":"fr-FR","potentialAction":[{"@type":"ReadAction","target":["https:\/\/www.duboischemicals.com\/water-treatment\/fr\/products\/paint-booth-maintenance\/"]}]},{"@type":"ImageObject","inLanguage":"fr-FR","@id":"https:\/\/www.duboischemicals.com\/water-treatment\/fr\/products\/paint-booth-maintenance\/#primaryimage","url":"https:\/\/www.duboischemicals.com\/water-treatment\/wp-content\/uploads\/sites\/5\/2023\/06\/131.png","contentUrl":"https:\/\/www.duboischemicals.com\/water-treatment\/wp-content\/uploads\/sites\/5\/2023\/06\/131.png","width":450,"height":450,"caption":"Paint Booth Maintenance Icon"},{"@type":"BreadcrumbList","@id":"https:\/\/www.duboischemicals.com\/water-treatment\/fr\/products\/paint-booth-maintenance\/#breadcrumb","itemListElement":[{"@type":"ListItem","position":1,"name":"Accueil","item":"https:\/\/www.duboischemicals.com\/water-treatment\/fr\/"},{"@type":"ListItem","position":2,"name":"Produits","item":"https:\/\/www.duboischemicals.com\/water-treatment\/fr\/products\/"},{"@type":"ListItem","position":3,"name":"Entretien des cabines de peinture"}]},{"@type":"WebSite","@id":"https:\/\/www.duboischemicals.com\/water-treatment\/fr\/#website","url":"https:\/\/www.duboischemicals.com\/water-treatment\/fr\/","name":"Traitement des eaux","description":"","potentialAction":[{"@type":"SearchAction","target":{"@type":"EntryPoint","urlTemplate":"https:\/\/www.duboischemicals.com\/water-treatment\/fr\/?s={search_term_string}"},"query-input":{"@type":"PropertyValueSpecification","valueRequired":true,"valueName":"search_term_string"}}],"inLanguage":"fr-FR"}]}},"_links":{"self":[{"href":"https:\/\/www.duboischemicals.com\/water-treatment\/fr\/wp-json\/wp\/v2\/pages\/10932","targetHints":{"allow":["GET"]}}],"collection":[{"href":"https:\/\/www.duboischemicals.com\/water-treatment\/fr\/wp-json\/wp\/v2\/pages"}],"about":[{"href":"https:\/\/www.duboischemicals.com\/water-treatment\/fr\/wp-json\/wp\/v2\/types\/page"}],"author":[{"embeddable":true,"href":"https:\/\/www.duboischemicals.com\/water-treatment\/fr\/wp-json\/wp\/v2\/users\/220"}],"replies":[{"embeddable":true,"href":"https:\/\/www.duboischemicals.com\/water-treatment\/fr\/wp-json\/wp\/v2\/comments?post=10932"}],"version-history":[{"count":3,"href":"https:\/\/www.duboischemicals.com\/water-treatment\/fr\/wp-json\/wp\/v2\/pages\/10932\/revisions"}],"predecessor-version":[{"id":11504,"href":"https:\/\/www.duboischemicals.com\/water-treatment\/fr\/wp-json\/wp\/v2\/pages\/10932\/revisions\/11504"}],"up":[{"embeddable":true,"href":"https:\/\/www.duboischemicals.com\/water-treatment\/fr\/wp-json\/wp\/v2\/pages\/10899"}],"wp:featuredmedia":[{"embeddable":true,"href":"https:\/\/www.duboischemicals.com\/water-treatment\/fr\/wp-json\/wp\/v2\/media\/12466"}],"wp:attachment":[{"href":"https:\/\/www.duboischemicals.com\/water-treatment\/fr\/wp-json\/wp\/v2\/media?parent=10932"}],"curies":[{"name":"wp","href":"https:\/\/api.w.org\/{rel}","templated":true}]}}