{"id":10933,"date":"2020-11-30T07:36:36","date_gmt":"2020-11-30T12:36:36","guid":{"rendered":"https:\/\/www.duboischemicals.com\/\/water-treatment\/industries\/food-beverage\/"},"modified":"2021-02-12T10:07:25","modified_gmt":"2021-02-12T15:07:25","slug":"food-beverage","status":"publish","type":"page","link":"https:\/\/www.duboischemicals.com\/water-treatment\/fr\/industries\/food-beverage\/","title":{"rendered":"Aliments et boissons"},"content":{"rendered":"<h2>Aliments et boissons<\/h2>\n<p>Qu&rsquo;elle soit utilis\u00e9e pour cuisiner, refroidir, chauffer, congeler ou d\u00e9sinfecter, l&rsquo;eau est une ressource vitale pour l\u2019industrie des aliments et des boissons. Le service de gestion de l&rsquo;eau de DuBois peut traiter et entretenir tous les besoins de traitement des eaux de l&rsquo;industrie des aliments et des boissons, en prot\u00e9geant non seulement vos \u00e9quipements, mais aussi en fournissant des emballages exempts de rouille ou de d\u00e9p\u00f4ts qui peuvent avoir une incidence n\u00e9gative sur votre produit.<\/p>\n<p>DuBois a \u00e9t\u00e9 la premi\u00e8re entreprise de traitement des eaux \u00e0 d\u00e9velopper et \u00e0 commercialiser une gamme de produits destin\u00e9s uniquement aux applications de traitement thermique. \u00c0 ce jour, les produits DuShield sont utilis\u00e9s dans les autoclaves et les pasteurisateurs \u00e0 travers les \u00c9tats-Unis, fournissant un emballage fini propre. Les programmes de traitement thermique de DuBois minimisent les pertes dues aux d\u00e9fauts, aux taches et \u00e0 la rouille sur les emballages cuits, minimisant ainsi les co\u00fbts tout en maximisant la valeur de votre marque.<\/p>\n<p>Le co\u00fbt de l&rsquo;eau \u00e9tant en constante augmentation, l&rsquo;accent mis par DuBois sur les programmes de minimisation de l&rsquo;eau, le refroidissement, la chaudi\u00e8re et le traitement des eaux us\u00e9es, peut permettre de minimiser davantage les co\u00fbts et de rendre votre usine plus \u00e9cologique. De plus, le programme innovant de DuBois en mati\u00e8re d&rsquo;eaux us\u00e9es vous aide \u00e0 \u00e9viter les co\u00fbts au moment du rejet, et vous aide \u00e0 r\u00e9pondre \u00e0 toutes les exigences en mati\u00e8re de rejet.<\/p>\n<p>DuBois est un des principaux fournisseurs de solutions chimiques non seulement pour le traitement des eaux dans les usines alimentaires, mais aussi pour le nettoyage et l&rsquo;assainissement. En savoir plus sur les solutions compl\u00e8tes de DuBois en mati\u00e8re de nettoyage et d\u2019assainissement pour votre installation <a href=\"http:\/\/www.duboischemicals.com\/\/food-beverage\/fr\/\">alimentaire<\/a>.<\/p>\n<p><strong>Produits et technologies\u00a0:<\/strong><\/p>\n<ul>\n<li><a href=\"http:\/\/www.duboischemicals.com\/\/water-treatment\/products\/cooling-water-treatment\/\">Traitement de l&rsquo;eau de refroidissement<\/a><\/li>\n<li><a href=\"http:\/\/www.duboischemicals.com\/\/water-treatment\/products\/legionella-control\/\">Lutte contre les l\u00e9gionelles<\/a><\/li>\n<li><a href=\"http:\/\/www.duboischemicals.com\/\/water-treatment\/products\/closed-loop-treatment\/\">Traitement en syst\u00e8me ferm\u00e9<\/a><\/li>\n<li><a href=\"http:\/\/www.duboischemicals.com\/\/water-treatment\/products\/boiler-water-treatment\/\">Traitement de l&rsquo;eau de chaudi\u00e8re<\/a><\/li>\n<li><a href=\"http:\/\/www.duboischemicals.com\/\/water-treatment\/products\/wastewater-treatment\/\">Traitement des eaux us\u00e9es<\/a><\/li>\n<li><a href=\"http:\/\/www.duboischemicals.com\/\/water-treatment\/service-support\/water-management-programs\/\">Programmes de traitement des eaux<\/a><\/li>\n<li><a href=\"http:\/\/www.duboischemicals.com\/\/water-treatment\/equipment\/automation-control\/\">Automatisation et contr\u00f4le<\/a><\/li>\n<li><a href=\"http:\/\/www.duboischemicals.com\/\/water-treatment\/service-support\/data-management\/\">Gestion des donn\u00e9es DuBois<\/a><\/li>\n<\/ul>\n","protected":false},"excerpt":{"rendered":"<p>Aliments et boissons Qu&rsquo;elle soit utilis\u00e9e pour cuisiner, refroidir, chauffer, congeler ou d\u00e9sinfecter, l&rsquo;eau est une ressource vitale pour l\u2019industrie des aliments et des boissons. Le service de gestion de l&rsquo;eau de DuBois peut traiter&#8230;<\/p>\n","protected":false},"author":220,"featured_media":0,"parent":10909,"menu_order":2,"comment_status":"closed","ping_status":"closed","template":"","meta":{"_acf_changed":false,"footnotes":""},"class_list":["post-10933","page","type-page","status-publish","hentry"],"acf":[],"yoast_head":"<!-- This site is optimized with the Yoast SEO plugin v26.8 - https:\/\/yoast.com\/product\/yoast-seo-wordpress\/ -->\n<title>Aliments et boissons - Traitement des eaux<\/title>\n<meta name=\"robots\" content=\"index, follow, max-snippet:-1, max-image-preview:large, max-video-preview:-1\" \/>\n<link rel=\"canonical\" href=\"https:\/\/www.duboischemicals.com\/water-treatment\/fr\/industries\/food-beverage\/\" \/>\n<meta property=\"og:locale\" content=\"fr_FR\" \/>\n<meta property=\"og:type\" content=\"article\" \/>\n<meta property=\"og:title\" content=\"Aliments et boissons - Traitement des eaux\" \/>\n<meta property=\"og:description\" content=\"Aliments et boissons Qu&rsquo;elle soit utilis\u00e9e pour cuisiner, refroidir, chauffer, congeler ou d\u00e9sinfecter, l&rsquo;eau est une ressource vitale pour l\u2019industrie des aliments et des boissons. Le service de gestion de l&rsquo;eau de DuBois peut traiter...\" \/>\n<meta property=\"og:url\" content=\"https:\/\/www.duboischemicals.com\/water-treatment\/fr\/industries\/food-beverage\/\" \/>\n<meta property=\"og:site_name\" content=\"Traitement des eaux\" \/>\n<meta property=\"article:modified_time\" content=\"2021-02-12T15:07:25+00:00\" \/>\n<meta name=\"twitter:card\" content=\"summary_large_image\" \/>\n<meta name=\"twitter:label1\" content=\"Dur\u00e9e de lecture estim\u00e9e\" \/>\n\t<meta name=\"twitter:data1\" content=\"2 minutes\" \/>\n<script type=\"application\/ld+json\" class=\"yoast-schema-graph\">{\"@context\":\"https:\/\/schema.org\",\"@graph\":[{\"@type\":\"WebPage\",\"@id\":\"https:\/\/www.duboischemicals.com\/water-treatment\/fr\/industries\/food-beverage\/\",\"url\":\"https:\/\/www.duboischemicals.com\/water-treatment\/fr\/industries\/food-beverage\/\",\"name\":\"Aliments et boissons - Traitement des eaux\",\"isPartOf\":{\"@id\":\"https:\/\/www.duboischemicals.com\/water-treatment\/fr\/#website\"},\"datePublished\":\"2020-11-30T12:36:36+00:00\",\"dateModified\":\"2021-02-12T15:07:25+00:00\",\"breadcrumb\":{\"@id\":\"https:\/\/www.duboischemicals.com\/water-treatment\/fr\/industries\/food-beverage\/#breadcrumb\"},\"inLanguage\":\"fr-FR\",\"potentialAction\":[{\"@type\":\"ReadAction\",\"target\":[\"https:\/\/www.duboischemicals.com\/water-treatment\/fr\/industries\/food-beverage\/\"]}]},{\"@type\":\"BreadcrumbList\",\"@id\":\"https:\/\/www.duboischemicals.com\/water-treatment\/fr\/industries\/food-beverage\/#breadcrumb\",\"itemListElement\":[{\"@type\":\"ListItem\",\"position\":1,\"name\":\"Accueil\",\"item\":\"https:\/\/www.duboischemicals.com\/water-treatment\/fr\/\"},{\"@type\":\"ListItem\",\"position\":2,\"name\":\"Industries\",\"item\":\"https:\/\/www.duboischemicals.com\/water-treatment\/fr\/industries\/\"},{\"@type\":\"ListItem\",\"position\":3,\"name\":\"Aliments et boissons\"}]},{\"@type\":\"WebSite\",\"@id\":\"https:\/\/www.duboischemicals.com\/water-treatment\/fr\/#website\",\"url\":\"https:\/\/www.duboischemicals.com\/water-treatment\/fr\/\",\"name\":\"Traitement des eaux\",\"description\":\"\",\"potentialAction\":[{\"@type\":\"SearchAction\",\"target\":{\"@type\":\"EntryPoint\",\"urlTemplate\":\"https:\/\/www.duboischemicals.com\/water-treatment\/fr\/?s={search_term_string}\"},\"query-input\":{\"@type\":\"PropertyValueSpecification\",\"valueRequired\":true,\"valueName\":\"search_term_string\"}}],\"inLanguage\":\"fr-FR\"}]}<\/script>\n<!-- \/ Yoast SEO plugin. -->","yoast_head_json":{"title":"Aliments et boissons - Traitement des eaux","robots":{"index":"index","follow":"follow","max-snippet":"max-snippet:-1","max-image-preview":"max-image-preview:large","max-video-preview":"max-video-preview:-1"},"canonical":"https:\/\/www.duboischemicals.com\/water-treatment\/fr\/industries\/food-beverage\/","og_locale":"fr_FR","og_type":"article","og_title":"Aliments et boissons - Traitement des eaux","og_description":"Aliments et boissons Qu&rsquo;elle soit utilis\u00e9e pour cuisiner, refroidir, chauffer, congeler ou d\u00e9sinfecter, l&rsquo;eau est une ressource vitale pour l\u2019industrie des aliments et des boissons. Le service de gestion de l&rsquo;eau de DuBois peut traiter...","og_url":"https:\/\/www.duboischemicals.com\/water-treatment\/fr\/industries\/food-beverage\/","og_site_name":"Traitement des eaux","article_modified_time":"2021-02-12T15:07:25+00:00","twitter_card":"summary_large_image","twitter_misc":{"Dur\u00e9e de lecture estim\u00e9e":"2 minutes"},"schema":{"@context":"https:\/\/schema.org","@graph":[{"@type":"WebPage","@id":"https:\/\/www.duboischemicals.com\/water-treatment\/fr\/industries\/food-beverage\/","url":"https:\/\/www.duboischemicals.com\/water-treatment\/fr\/industries\/food-beverage\/","name":"Aliments et boissons - Traitement des eaux","isPartOf":{"@id":"https:\/\/www.duboischemicals.com\/water-treatment\/fr\/#website"},"datePublished":"2020-11-30T12:36:36+00:00","dateModified":"2021-02-12T15:07:25+00:00","breadcrumb":{"@id":"https:\/\/www.duboischemicals.com\/water-treatment\/fr\/industries\/food-beverage\/#breadcrumb"},"inLanguage":"fr-FR","potentialAction":[{"@type":"ReadAction","target":["https:\/\/www.duboischemicals.com\/water-treatment\/fr\/industries\/food-beverage\/"]}]},{"@type":"BreadcrumbList","@id":"https:\/\/www.duboischemicals.com\/water-treatment\/fr\/industries\/food-beverage\/#breadcrumb","itemListElement":[{"@type":"ListItem","position":1,"name":"Accueil","item":"https:\/\/www.duboischemicals.com\/water-treatment\/fr\/"},{"@type":"ListItem","position":2,"name":"Industries","item":"https:\/\/www.duboischemicals.com\/water-treatment\/fr\/industries\/"},{"@type":"ListItem","position":3,"name":"Aliments et boissons"}]},{"@type":"WebSite","@id":"https:\/\/www.duboischemicals.com\/water-treatment\/fr\/#website","url":"https:\/\/www.duboischemicals.com\/water-treatment\/fr\/","name":"Traitement des eaux","description":"","potentialAction":[{"@type":"SearchAction","target":{"@type":"EntryPoint","urlTemplate":"https:\/\/www.duboischemicals.com\/water-treatment\/fr\/?s={search_term_string}"},"query-input":{"@type":"PropertyValueSpecification","valueRequired":true,"valueName":"search_term_string"}}],"inLanguage":"fr-FR"}]}},"_links":{"self":[{"href":"https:\/\/www.duboischemicals.com\/water-treatment\/fr\/wp-json\/wp\/v2\/pages\/10933","targetHints":{"allow":["GET"]}}],"collection":[{"href":"https:\/\/www.duboischemicals.com\/water-treatment\/fr\/wp-json\/wp\/v2\/pages"}],"about":[{"href":"https:\/\/www.duboischemicals.com\/water-treatment\/fr\/wp-json\/wp\/v2\/types\/page"}],"author":[{"embeddable":true,"href":"https:\/\/www.duboischemicals.com\/water-treatment\/fr\/wp-json\/wp\/v2\/users\/220"}],"replies":[{"embeddable":true,"href":"https:\/\/www.duboischemicals.com\/water-treatment\/fr\/wp-json\/wp\/v2\/comments?post=10933"}],"version-history":[{"count":4,"href":"https:\/\/www.duboischemicals.com\/water-treatment\/fr\/wp-json\/wp\/v2\/pages\/10933\/revisions"}],"predecessor-version":[{"id":11618,"href":"https:\/\/www.duboischemicals.com\/water-treatment\/fr\/wp-json\/wp\/v2\/pages\/10933\/revisions\/11618"}],"up":[{"embeddable":true,"href":"https:\/\/www.duboischemicals.com\/water-treatment\/fr\/wp-json\/wp\/v2\/pages\/10909"}],"wp:attachment":[{"href":"https:\/\/www.duboischemicals.com\/water-treatment\/fr\/wp-json\/wp\/v2\/media?parent=10933"}],"curies":[{"name":"wp","href":"https:\/\/api.w.org\/{rel}","templated":true}]}}