{"id":10934,"date":"2020-11-30T07:36:36","date_gmt":"2020-11-30T12:36:36","guid":{"rendered":"https:\/\/www.duboischemicals.com\/\/water-treatment\/service-support\/data-management\/"},"modified":"2021-12-20T16:04:26","modified_gmt":"2021-12-20T21:04:26","slug":"aqua-analytics","status":"publish","type":"page","link":"https:\/\/www.duboischemicals.com\/water-treatment\/fr\/service-support\/aqua-analytics\/","title":{"rendered":"Aqua-Analytics"},"content":{"rendered":"<p>&nbsp;<\/p>\n<div style=\"text-align: center; background-color: #1a467f; width: 200px; margin-bottom: 30px; padding: 12px 24px; color: #fff;\">Connexion Clients<\/div>\n<p>&nbsp;<\/p>\n<h2>Simplifier les donn\u00e9es, stabiliser les r\u00e9sultats<\/h2>\n<p>Nos ing\u00e9nieurs fondateurs ont d\u00e9velopp\u00e9 un processus rigoureux, bas\u00e9 sur des donn\u00e9es, pour rep\u00e9rer les tendances qui indiquent un potentiel de mauvais r\u00e9sultats li\u00e9s \u00e0 l&rsquo;entartrage, \u00e0 la corrosion et \u00e0 l&rsquo;encrassement des syst\u00e8mes trait\u00e9s. Notre logiciel prim\u00e9 AquaAnalytics d\u00e9tecte automatiquement les probl\u00e8mes chroniques et les transmet aux responsables pour garantir la mise en \u0153uvre d&rsquo;une solution \u00e0 long terme. Cela signifie qu&rsquo;il faut reconna\u00eetre les possibilit\u00e9s de faire mieux. <strong>Nous l&rsquo;identifions et la rectifions<\/strong>.<\/p>\n<h3>Le secret est dans le syst\u00e8me<\/h3>\n<p>Deux clients partagent leur exp\u00e9rience sur la fa\u00e7on dont nos programmes de traitement d\u2019eau leur permettent d\u2019avoir confiance, d\u2019am\u00e9liorer l\u2019efficacit\u00e9 op\u00e9rationnelle, d\u2019\u00e9conomiser de l\u2019argent et d\u2019\u00e9conomiser du temps, leur permettant ainsi de se concentrer davantage sur leurs autres responsabilit\u00e9s.<\/p>\n<p>La cl\u00e9 est le syst\u00e8me que nous utilisons pour les soutenir dans leur travail.<\/p>\n<p>AquaAnalytics \u2013 Simplifier les donn\u00e9es, stabiliser les r\u00e9sultats, minimiser les risques pour une tranquillit\u00e9 d\u2019esprit.<\/p>\n<p><script src=\"https:\/\/fast.wistia.com\/embed\/medias\/tgho137l75.jsonp\" async><\/script><script src=\"https:\/\/fast.wistia.com\/assets\/external\/E-v1.js\" async><\/script><\/p>\n<div class=\"wistia_responsive_padding\" style=\"padding: 56.25% 0 0 0; position: relative;\">\n<div class=\"wistia_responsive_wrapper\" style=\"height: 100%; left: 0; position: absolute; top: 0; width: 100%;\">\n<div class=\"wistia_embed wistia_async_tgho137l75 videoFoam=true\" style=\"height: 100%; position: relative; width: 100%;\">\n<div class=\"wistia_swatch\" style=\"height: 100%; left: 0; opacity: 0; overflow: hidden; position: absolute; top: 0; transition: opacity 200ms; width: 100%;\"><img decoding=\"async\" style=\"filter: blur(5px); height: 100%; object-fit: contain; width: 100%;\" src=\"https:\/\/fast.wistia.com\/embed\/medias\/tgho137l75\/swatch\" alt=\"\" \/><\/div>\n<\/div>\n<\/div>\n<\/div>\n<h3>Notre philosophie<\/h3>\n<p>Plus qu&rsquo;une application logicielle, AquaAnalytics est devenue le centre de toute notre approche de service.<\/p>\n<p>\u00ab\u00a0Vous ne pouvez pas g\u00e9rer ce que vous ne mesurez pas\u00a0\u00bb.<\/p>\n<p>Notre objectif est de <strong>simplifier<\/strong> la collecte et l&rsquo;analyse des donn\u00e9es pour finalement <strong>stabiliser<\/strong> les r\u00e9sultats et garantir que les param\u00e8tres critiques de la qualit\u00e9 de l&rsquo;eau demeurent.<\/p>\n<p><u>\u00ab\u00a0Nous travaillons sans rel\u00e2che pour r\u00e9ussir\u00a0\u00bb<\/u><\/p>\n<p>Nous aimons absolument la fa\u00e7on dont un client a d\u00e9crit notre r\u00f4le dans l&rsquo;obtention de la solution d&rsquo;exploitation la moins co\u00fbteuse pour ses syst\u00e8mes de gestion de l&rsquo;eau.<\/p>\n<p><strong>La plupart des options offrent la possibilit\u00e9 de mesurer et de signaler les irr\u00e9gularit\u00e9s, mais nous savons tous que les probl\u00e8mes ne se r\u00e9solvent pas d&rsquo;eux-m\u00eames, et nous ne nous arr\u00eatons pas l\u00e0. <\/strong><\/p>\n<p>Notre processus automatis\u00e9 d&rsquo;exception et d&rsquo;escalade est la v\u00e9ritable diff\u00e9rence. Ce processus de contr\u00f4le de la qualit\u00e9 permet d&rsquo;agir en garantissant que nous tenons nos engagements. Responsabiliser nos repr\u00e9sentants de service et cr\u00e9er une culture durable d&rsquo;am\u00e9lioration continue.<\/p>\n<h3>Rapport de service interactif<\/h3>\n<p>Votre usine n\u2019est pas statique dans le temps\u2026 pourquoi votre rapport de service devrait-il l\u2019\u00eatre? Le rapport de service AquaAnalytics r\u00e9invent\u00e9 interroge les donn\u00e9es du portail pour les rendre totalement interactives. Nous savons tous que \u201cVous ne pouvez pas g\u00e9rer ce que vous ne mesurez pas\u201d, mais <strong>dans ce monde en surcharge d\u2019informations, la facilit\u00e9 d\u2019acc\u00e8s \u00e0 la bonne information est plus importante que de savoir qu\u2019elle existe<\/strong>. Avec les graphiques, les tendances historiques, les informations du rapport AquaAnalytics sont accessibles en un clic droit.<\/p>\n<p><img loading=\"lazy\" decoding=\"async\" class=\"aligncenter size-full wp-image-12284\" style=\"margin-bottom: 30px;\" src=\"https:\/\/www.duboischemicals.com\/water-treatment\/wp-content\/uploads\/sites\/5\/2021\/09\/AA-Report-Gif-1.gif\" alt=\"\" width=\"1899\" height=\"896\" \/><\/p>\n<h3>Vue du tableau de bord<\/h3>\n<p>La vue du tableau de bord a pour but de pr\u00e9senter ce qui compte le plus pour vous \u2013 par le biais d\u2019 <strong>ICP complets mais simple \u00e0 comprendre<\/strong>. Ces ICP reposent sur des algorithmes d\u00e9velopp\u00e9s au cours de nos deux d\u00e9cennies d\u2019expertise en collecte de donn\u00e9es \u00e9lectroniques, identifiant les tendances avant qu\u2019elles ne deviennent un probl\u00e8me:<\/p>\n<p><img loading=\"lazy\" decoding=\"async\" class=\"aligncenter size-full wp-image-12290\" style=\"margin-bottom: 30px;\" src=\"https:\/\/www.duboischemicals.com\/water-treatment\/wp-content\/uploads\/sites\/5\/2021\/09\/Snip_Dashboard_View_KPI-1.jpg\" alt=\"\" width=\"1229\" height=\"763\" srcset=\"https:\/\/www.duboischemicals.com\/water-treatment\/wp-content\/uploads\/sites\/5\/2021\/09\/Snip_Dashboard_View_KPI-1.jpg 1229w, https:\/\/www.duboischemicals.com\/water-treatment\/wp-content\/uploads\/sites\/5\/2021\/09\/Snip_Dashboard_View_KPI-1-300x186.jpg 300w, https:\/\/www.duboischemicals.com\/water-treatment\/wp-content\/uploads\/sites\/5\/2021\/09\/Snip_Dashboard_View_KPI-1-1024x636.jpg 1024w, https:\/\/www.duboischemicals.com\/water-treatment\/wp-content\/uploads\/sites\/5\/2021\/09\/Snip_Dashboard_View_KPI-1-768x477.jpg 768w, https:\/\/www.duboischemicals.com\/water-treatment\/wp-content\/uploads\/sites\/5\/2021\/09\/Snip_Dashboard_View_KPI-1-150x93.jpg 150w\" sizes=\"auto, (max-width: 1229px) 100vw, 1229px\" \/><\/p>\n<ul>\n<li><strong>Tendance en mati\u00e8re de consommation d\u2019eau:<\/strong> l\u2019int\u00e9grit\u00e9 de l\u2019utilisation de l\u2019eau est au c\u0153ur de tout programme de traitement de l\u2019eau performant. Pour les applications CVC critiques, nous utilisons votre code postal pour comparer votre <strong>degr\u00e9 de refroidissement en jours<\/strong> local (CDD) \u00e0 votre consommation d\u2019eau r\u00e9elle, afin de v\u00e9rifier que votre syst\u00e8me utilise efficacement l\u2019eau.<\/li>\n<li><strong>Votre score d\u2019efficacit\u00e9 d\u2019utilisation de l\u2019eau:<\/strong> nous allons encore plus loin et vous proposons un ICP \u00e0 cadran pour vous montrer vos performances sur douze mois.<\/li>\n<li><strong>Indice PEC (Pourcentage En Contr\u00f4le):<\/strong> voici le r\u00e9sultat global de votre programme de traitement de l\u2019eau, vous permettant de savoir si le programme atteint les objectifs d\u00e9finis.<\/li>\n<li><strong>Votre pointage de protection contre le tartre:<\/strong> les \u00e9changeurs de chaleur propres sont au c\u0153ur de l\u2019efficacit\u00e9 \u00e9nerg\u00e9tique le fait de savoir comment vous vous y comportez a un impact <strong>important sur vos co\u00fbts d\u2019\u00e9lectricit\u00e9<\/strong>.<\/li>\n<li><strong>Votre pointage de protection contre la corrosion:<\/strong> l\u2019eau touche des centaines de milliers de dollars d\u2019infrastructures et de biens d\u2019\u00e9quipement au sein de votre installation \u2013 sachant que vos performances ici ont un <strong>impact majeur sur le cycle de vie des actifs<\/strong> et les d\u00e9penses en immobilisations pr\u00e9matur\u00e9es.<\/li>\n<li><strong>Datalogic LIVE:<\/strong> diffusez en continu \u00e0 la minute pr\u00e8s les donn\u00e9es de vos contr\u00f4leurs de gestion des eaux en ligne. Vous n\u2019avez donc pas besoin d\u2019\u00eatre dans votre salle technique pour savoir comment fonctionne votre syst\u00e8me.<\/li>\n<\/ul>\n<h3>Journal de bord en ligne<\/h3>\n<p>Le journal de bord en ligne \u00e9limine les piles de journal de bord papier et leur analyse laborieuse concernant les performances historiques du syst\u00e8me. La plate-forme conviviale vous fournit une identification imm\u00e9diate \u00e0 l\u2019aide d\u2019un code de couleur pour les r\u00e9sultats de test en dehors des plages recommand\u00e9es.<\/p>\n<p><strong>Des alertes automatiques<\/strong> concernant les non-conformit\u00e9s, notamment: aucune donn\u00e9e entr\u00e9e, des donn\u00e9es hors plage saisies et un faible inventaire de produits sont \u00e9galement envoy\u00e9es \u00e0 votre \u00e9quipe de maintenance pour faciliter la communication et <strong>favoris\u00e9 une action corrective<\/strong> entre les visites de service.<\/p>\n<p><img loading=\"lazy\" decoding=\"async\" class=\"aligncenter size-full wp-image-12288\" style=\"margin-bottom: 30px;\" src=\"https:\/\/www.duboischemicals.com\/water-treatment\/wp-content\/uploads\/sites\/5\/2021\/09\/service-log3.jpg\" alt=\"\" width=\"600\" height=\"239\" srcset=\"https:\/\/www.duboischemicals.com\/water-treatment\/wp-content\/uploads\/sites\/5\/2021\/09\/service-log3.jpg 600w, https:\/\/www.duboischemicals.com\/water-treatment\/wp-content\/uploads\/sites\/5\/2021\/09\/service-log3-300x120.jpg 300w, https:\/\/www.duboischemicals.com\/water-treatment\/wp-content\/uploads\/sites\/5\/2021\/09\/service-log3-150x60.jpg 150w\" sizes=\"auto, (max-width: 600px) 100vw, 600px\" \/><\/p>\n<h3>Compatible mobile<\/h3>\n<p>Nous sommes conscients que vous \u00eates occup\u00e9 et en d\u00e9placement. Toutes ces innovations sont donc enti\u00e8rement compatibles avec les appareils mobiles. Vous pouvez ainsi savoir comment fonctionne votre programme, o\u00f9 que vous soyez.<\/p>\n<p><img loading=\"lazy\" decoding=\"async\" class=\"aligncenter size-full wp-image-12286\" style=\"margin-bottom: 30px;\" src=\"https:\/\/www.duboischemicals.com\/water-treatment\/wp-content\/uploads\/sites\/5\/2021\/09\/mobile-app.png\" alt=\"\" width=\"600\" height=\"440\" srcset=\"https:\/\/www.duboischemicals.com\/water-treatment\/wp-content\/uploads\/sites\/5\/2021\/09\/mobile-app.png 600w, https:\/\/www.duboischemicals.com\/water-treatment\/wp-content\/uploads\/sites\/5\/2021\/09\/mobile-app-300x220.png 300w, https:\/\/www.duboischemicals.com\/water-treatment\/wp-content\/uploads\/sites\/5\/2021\/09\/mobile-app-150x110.png 150w\" sizes=\"auto, (max-width: 600px) 100vw, 600px\" \/><\/p>\n<h3>Programmes de traitement des eaux<\/h3>\n<p>DuBois peut s\u2019occuper de tous vos besoins en mati\u00e8re de traitement de l\u2019eau. Des tours de refroidissement aux syst\u00e8mes de chaudi\u00e8res, des circuits ferm\u00e9s aux biocides, des syst\u00e8mes d\u2019alimentation des \u00e9quipements aux filtres en ligne, de la production de monochloramine au traitement des eaux us\u00e9es, de la gestion des risques li\u00e9s aux l\u00e9gionelles aux produits de nettoyage, DuBois poss\u00e8de les connaissances, les produits et l\u2019expertise pour r\u00e9pondre \u00e0 tous vos besoins en mati\u00e8re de traitement de l\u2019eau.<\/p>\n<p>Sur demande, DuBois \u00e9tudiera vos syst\u00e8mes d\u2019eau et \u00e9laborera un plan complet de gestion de l\u2019eau qui mettra l\u2019accent sur les \u00e9conomies d\u2019eau, de produits chimiques et d\u2019\u00e9nergie, la prolongation de la dur\u00e9e de vie des \u00e9quipements et la r\u00e9duction des risques dus \u00e0 la croissance biologique. Une fois le plan \u00e9labor\u00e9 et approuv\u00e9, DuBois le mettra en \u0153uvre en assurant la transition vers nos produits chimiques et nos \u00e9quipements avec l\u2019aide de nos \u00e9quipes de service locales exp\u00e9riment\u00e9es.<\/p>\n<p>Une fois le programme en cours, vous verrez le service renomm\u00e9 de DuBois prendre une place centrale lors de nos visites r\u00e9guli\u00e8res sur votre site, qui ont pour but de s\u2019assurer que le programme fonctionne comme pr\u00e9vu et d\u2019apporter les modifications n\u00e9cessaires. Notre logiciel exclusif et prim\u00e9* bas\u00e9 sur le nuage, AquaAnalytics, mesure nos performances \u00e0 chaque \u00e9tape pour atteindre ou d\u00e9passer constamment nos objectifs de qualit\u00e9. AquaAnalytics utilise une logique sophistiqu\u00e9e pour pr\u00e9venir les mauvais r\u00e9sultats en menant des actions au sein de notre service enregistr\u00e9 ISO 9001 pour corriger le probl\u00e8me. Nous effectuons r\u00e9guli\u00e8rement des visites de service pratiques et r\u00e9pondons le jour m\u00eame aux rapports de d\u00e9viations du programme.\u00a0 Renseignez-vous sur notre portail client en ligne et notre application de journal de bord des op\u00e9rateurs, qui permettent d\u2019acc\u00e9der facilement \u00e0 des informations regroup\u00e9es.<\/p>\n<p><em>*Lisez les articles sur notre prix dans les magazines num\u00e9riques\u00a0<\/em><em><a href=\"https:\/\/www.automationmag.com\/software\/erp\/5480-water-treatment-company-grows-300-per-cent-with-cloud-erp\">Manufacturing Automation<\/a><\/em><em>\u00a0\u00a0ou\u00a0\u00a0<a href=\"https:\/\/www.itbusiness.ca\/blog\/klenzoid-gets-operations-flowing-with-netsuite-crm\/49745\">itbusiness<\/a>\u00a0.<\/em><\/p>\n<p>Gr\u00e2ce \u00e0 l\u2019utilisation de\u00a0<a href=\"https:\/\/aqua-analytics.com\/\" target=\"_blank\" rel=\"noopener noreferrer\">AquaAnalytics<\/a>, tous les rapports de service, les journaux des op\u00e9rateurs et les autres informations du programme sont conserv\u00e9s dans le nuage, o\u00f9 vous pouvez acc\u00e9der aux donn\u00e9es \u00e0 tout moment. Si vous le souhaitez, votre repr\u00e9sentant DuBois organisera avec vous des sessions de r\u00e9vision r\u00e9guli\u00e8res (trimestrielles, annuelles, etc.) pour vous informer sur le fonctionnement de votre syst\u00e8me d\u2019eau et pour vous proposer les am\u00e9liorations continues que vous pouvez mettre en \u0153uvre.<\/p>\n<p>DuBois offre \u00e0 ses clients des options flexibles de m\u00e9thodes de paiement pour ses programmes de gestion de l\u2019eau. Vous pouvez m\u00eame opter pour une facturation mensuelle, des contrats annuels ou pluriannuels ou des options de paiement \u00e0 l\u2019utilisation. Nous travaillerons avec vous pour r\u00e9pondre \u00e0 vos besoins de financement et d\u2019achat.<\/p>\n<p><a href=\"https:\/\/frportalstaging.duboischemicals.com\/\/water-treatment\/resources\/case-studies\/legionella-management-plans-installed-across-multiple-locations-for-government-customer-in-new-york\/\">\u00c9tude de cas\u00a0:\u00a0 Plan de gestion des l\u00e9gionelles dans l\u2019eau\u00a0\u2014 secteur gouvernemental<\/a><\/p>\n","protected":false},"excerpt":{"rendered":"<p>&nbsp; Connexion Clients &nbsp; Simplifier les donn\u00e9es, stabiliser les r\u00e9sultats Nos ing\u00e9nieurs fondateurs ont d\u00e9velopp\u00e9 un processus rigoureux, bas\u00e9 sur des donn\u00e9es, pour rep\u00e9rer les tendances qui indiquent un potentiel de mauvais r\u00e9sultats li\u00e9s \u00e0&#8230;<\/p>\n","protected":false},"author":220,"featured_media":0,"parent":10672,"menu_order":7,"comment_status":"closed","ping_status":"closed","template":"","meta":{"_acf_changed":false,"footnotes":""},"class_list":["post-10934","page","type-page","status-publish","hentry"],"acf":[],"yoast_head":"<!-- This site is optimized with the Yoast SEO plugin v26.8 - https:\/\/yoast.com\/product\/yoast-seo-wordpress\/ -->\n<title>Aqua-Analytics - Traitement des eaux<\/title>\n<meta name=\"robots\" content=\"index, follow, max-snippet:-1, max-image-preview:large, max-video-preview:-1\" \/>\n<link rel=\"canonical\" href=\"https:\/\/www.duboischemicals.com\/water-treatment\/fr\/service-support\/aqua-analytics\/\" \/>\n<meta property=\"og:locale\" content=\"fr_FR\" \/>\n<meta property=\"og:type\" content=\"article\" \/>\n<meta property=\"og:title\" content=\"Aqua-Analytics - Traitement des eaux\" \/>\n<meta property=\"og:description\" content=\"&nbsp; Connexion Clients &nbsp; Simplifier les donn\u00e9es, stabiliser les r\u00e9sultats Nos ing\u00e9nieurs fondateurs ont d\u00e9velopp\u00e9 un processus rigoureux, bas\u00e9 sur des donn\u00e9es, pour rep\u00e9rer les tendances qui indiquent un potentiel de mauvais r\u00e9sultats li\u00e9s \u00e0...\" \/>\n<meta property=\"og:url\" content=\"https:\/\/www.duboischemicals.com\/water-treatment\/fr\/service-support\/aqua-analytics\/\" \/>\n<meta property=\"og:site_name\" content=\"Traitement des eaux\" \/>\n<meta property=\"article:modified_time\" content=\"2021-12-20T21:04:26+00:00\" \/>\n<meta property=\"og:image\" content=\"https:\/\/fast.wistia.com\/embed\/medias\/tgho137l75\/swatch\" \/>\n<meta name=\"twitter:card\" content=\"summary_large_image\" \/>\n<meta name=\"twitter:label1\" content=\"Dur\u00e9e de lecture estim\u00e9e\" \/>\n\t<meta name=\"twitter:data1\" content=\"7 minutes\" \/>\n<script type=\"application\/ld+json\" class=\"yoast-schema-graph\">{\"@context\":\"https:\/\/schema.org\",\"@graph\":[{\"@type\":\"WebPage\",\"@id\":\"https:\/\/www.duboischemicals.com\/water-treatment\/fr\/service-support\/aqua-analytics\/\",\"url\":\"https:\/\/www.duboischemicals.com\/water-treatment\/fr\/service-support\/aqua-analytics\/\",\"name\":\"Aqua-Analytics - Traitement des eaux\",\"isPartOf\":{\"@id\":\"https:\/\/www.duboischemicals.com\/water-treatment\/fr\/#website\"},\"primaryImageOfPage\":{\"@id\":\"https:\/\/www.duboischemicals.com\/water-treatment\/fr\/service-support\/aqua-analytics\/#primaryimage\"},\"image\":{\"@id\":\"https:\/\/www.duboischemicals.com\/water-treatment\/fr\/service-support\/aqua-analytics\/#primaryimage\"},\"thumbnailUrl\":\"https:\/\/fast.wistia.com\/embed\/medias\/tgho137l75\/swatch\",\"datePublished\":\"2020-11-30T12:36:36+00:00\",\"dateModified\":\"2021-12-20T21:04:26+00:00\",\"breadcrumb\":{\"@id\":\"https:\/\/www.duboischemicals.com\/water-treatment\/fr\/service-support\/aqua-analytics\/#breadcrumb\"},\"inLanguage\":\"fr-FR\",\"potentialAction\":[{\"@type\":\"ReadAction\",\"target\":[\"https:\/\/www.duboischemicals.com\/water-treatment\/fr\/service-support\/aqua-analytics\/\"]}]},{\"@type\":\"ImageObject\",\"inLanguage\":\"fr-FR\",\"@id\":\"https:\/\/www.duboischemicals.com\/water-treatment\/fr\/service-support\/aqua-analytics\/#primaryimage\",\"url\":\"https:\/\/fast.wistia.com\/embed\/medias\/tgho137l75\/swatch\",\"contentUrl\":\"https:\/\/fast.wistia.com\/embed\/medias\/tgho137l75\/swatch\"},{\"@type\":\"BreadcrumbList\",\"@id\":\"https:\/\/www.duboischemicals.com\/water-treatment\/fr\/service-support\/aqua-analytics\/#breadcrumb\",\"itemListElement\":[{\"@type\":\"ListItem\",\"position\":1,\"name\":\"Accueil\",\"item\":\"https:\/\/www.duboischemicals.com\/water-treatment\/fr\/\"},{\"@type\":\"ListItem\",\"position\":2,\"name\":\"Service et soutien\",\"item\":\"https:\/\/www.duboischemicals.com\/water-treatment\/fr\/service-support\/\"},{\"@type\":\"ListItem\",\"position\":3,\"name\":\"Aqua-Analytics\"}]},{\"@type\":\"WebSite\",\"@id\":\"https:\/\/www.duboischemicals.com\/water-treatment\/fr\/#website\",\"url\":\"https:\/\/www.duboischemicals.com\/water-treatment\/fr\/\",\"name\":\"Traitement des eaux\",\"description\":\"\",\"potentialAction\":[{\"@type\":\"SearchAction\",\"target\":{\"@type\":\"EntryPoint\",\"urlTemplate\":\"https:\/\/www.duboischemicals.com\/water-treatment\/fr\/?s={search_term_string}\"},\"query-input\":{\"@type\":\"PropertyValueSpecification\",\"valueRequired\":true,\"valueName\":\"search_term_string\"}}],\"inLanguage\":\"fr-FR\"}]}<\/script>\n<!-- \/ Yoast SEO plugin. -->","yoast_head_json":{"title":"Aqua-Analytics - Traitement des eaux","robots":{"index":"index","follow":"follow","max-snippet":"max-snippet:-1","max-image-preview":"max-image-preview:large","max-video-preview":"max-video-preview:-1"},"canonical":"https:\/\/www.duboischemicals.com\/water-treatment\/fr\/service-support\/aqua-analytics\/","og_locale":"fr_FR","og_type":"article","og_title":"Aqua-Analytics - Traitement des eaux","og_description":"&nbsp; Connexion Clients &nbsp; Simplifier les donn\u00e9es, stabiliser les r\u00e9sultats Nos ing\u00e9nieurs fondateurs ont d\u00e9velopp\u00e9 un processus rigoureux, bas\u00e9 sur des donn\u00e9es, pour rep\u00e9rer les tendances qui indiquent un potentiel de mauvais r\u00e9sultats li\u00e9s \u00e0...","og_url":"https:\/\/www.duboischemicals.com\/water-treatment\/fr\/service-support\/aqua-analytics\/","og_site_name":"Traitement des eaux","article_modified_time":"2021-12-20T21:04:26+00:00","og_image":[{"url":"https:\/\/fast.wistia.com\/embed\/medias\/tgho137l75\/swatch","type":"","width":"","height":""}],"twitter_card":"summary_large_image","twitter_misc":{"Dur\u00e9e de lecture estim\u00e9e":"7 minutes"},"schema":{"@context":"https:\/\/schema.org","@graph":[{"@type":"WebPage","@id":"https:\/\/www.duboischemicals.com\/water-treatment\/fr\/service-support\/aqua-analytics\/","url":"https:\/\/www.duboischemicals.com\/water-treatment\/fr\/service-support\/aqua-analytics\/","name":"Aqua-Analytics - Traitement des eaux","isPartOf":{"@id":"https:\/\/www.duboischemicals.com\/water-treatment\/fr\/#website"},"primaryImageOfPage":{"@id":"https:\/\/www.duboischemicals.com\/water-treatment\/fr\/service-support\/aqua-analytics\/#primaryimage"},"image":{"@id":"https:\/\/www.duboischemicals.com\/water-treatment\/fr\/service-support\/aqua-analytics\/#primaryimage"},"thumbnailUrl":"https:\/\/fast.wistia.com\/embed\/medias\/tgho137l75\/swatch","datePublished":"2020-11-30T12:36:36+00:00","dateModified":"2021-12-20T21:04:26+00:00","breadcrumb":{"@id":"https:\/\/www.duboischemicals.com\/water-treatment\/fr\/service-support\/aqua-analytics\/#breadcrumb"},"inLanguage":"fr-FR","potentialAction":[{"@type":"ReadAction","target":["https:\/\/www.duboischemicals.com\/water-treatment\/fr\/service-support\/aqua-analytics\/"]}]},{"@type":"ImageObject","inLanguage":"fr-FR","@id":"https:\/\/www.duboischemicals.com\/water-treatment\/fr\/service-support\/aqua-analytics\/#primaryimage","url":"https:\/\/fast.wistia.com\/embed\/medias\/tgho137l75\/swatch","contentUrl":"https:\/\/fast.wistia.com\/embed\/medias\/tgho137l75\/swatch"},{"@type":"BreadcrumbList","@id":"https:\/\/www.duboischemicals.com\/water-treatment\/fr\/service-support\/aqua-analytics\/#breadcrumb","itemListElement":[{"@type":"ListItem","position":1,"name":"Accueil","item":"https:\/\/www.duboischemicals.com\/water-treatment\/fr\/"},{"@type":"ListItem","position":2,"name":"Service et soutien","item":"https:\/\/www.duboischemicals.com\/water-treatment\/fr\/service-support\/"},{"@type":"ListItem","position":3,"name":"Aqua-Analytics"}]},{"@type":"WebSite","@id":"https:\/\/www.duboischemicals.com\/water-treatment\/fr\/#website","url":"https:\/\/www.duboischemicals.com\/water-treatment\/fr\/","name":"Traitement des eaux","description":"","potentialAction":[{"@type":"SearchAction","target":{"@type":"EntryPoint","urlTemplate":"https:\/\/www.duboischemicals.com\/water-treatment\/fr\/?s={search_term_string}"},"query-input":{"@type":"PropertyValueSpecification","valueRequired":true,"valueName":"search_term_string"}}],"inLanguage":"fr-FR"}]}},"_links":{"self":[{"href":"https:\/\/www.duboischemicals.com\/water-treatment\/fr\/wp-json\/wp\/v2\/pages\/10934","targetHints":{"allow":["GET"]}}],"collection":[{"href":"https:\/\/www.duboischemicals.com\/water-treatment\/fr\/wp-json\/wp\/v2\/pages"}],"about":[{"href":"https:\/\/www.duboischemicals.com\/water-treatment\/fr\/wp-json\/wp\/v2\/types\/page"}],"author":[{"embeddable":true,"href":"https:\/\/www.duboischemicals.com\/water-treatment\/fr\/wp-json\/wp\/v2\/users\/220"}],"replies":[{"embeddable":true,"href":"https:\/\/www.duboischemicals.com\/water-treatment\/fr\/wp-json\/wp\/v2\/comments?post=10934"}],"version-history":[{"count":15,"href":"https:\/\/www.duboischemicals.com\/water-treatment\/fr\/wp-json\/wp\/v2\/pages\/10934\/revisions"}],"predecessor-version":[{"id":12427,"href":"https:\/\/www.duboischemicals.com\/water-treatment\/fr\/wp-json\/wp\/v2\/pages\/10934\/revisions\/12427"}],"up":[{"embeddable":true,"href":"https:\/\/www.duboischemicals.com\/water-treatment\/fr\/wp-json\/wp\/v2\/pages\/10672"}],"wp:attachment":[{"href":"https:\/\/www.duboischemicals.com\/water-treatment\/fr\/wp-json\/wp\/v2\/media?parent=10934"}],"curies":[{"name":"wp","href":"https:\/\/api.w.org\/{rel}","templated":true}]}}