{"id":10935,"date":"2020-11-30T07:36:36","date_gmt":"2020-11-30T12:36:36","guid":{"rendered":"https:\/\/www.duboischemicals.com\/\/water-treatment\/equipment\/hands-on-service\/"},"modified":"2021-02-11T06:55:20","modified_gmt":"2021-02-11T11:55:20","slug":"hands-on-service","status":"publish","type":"page","link":"https:\/\/www.duboischemicals.com\/water-treatment\/fr\/equipment\/hands-on-service\/","title":{"rendered":"Service pratique"},"content":{"rendered":"<h2>\u00c0 la fois consultant, ing\u00e9nieur chimiste et cl\u00e9 \u00e0 molette!<\/h2>\n<p>Nos repr\u00e9sentants sont form\u00e9s <strong>pour relever leurs manches<\/strong> afin de r\u00e9parer tous les \u00e9quipements de conditionnement et de contr\u00f4le de l&rsquo;eau, en soutenant notre <strong>approche \u00e0 forte intensit\u00e9 d&rsquo;\u00e9quipement con\u00e7ue pour r\u00e9duire votre d\u00e9pendance \u00e0 la chimie<\/strong>.<\/p>\n<p>Nous pensons que <strong>la maximisation de la dur\u00e9e de fonctionnement de votre programme de gestion de l&rsquo;eau est essentielle<\/strong> \u00e0 son succ\u00e8s. Notre vaste stock interne d&rsquo;\u00e9quipements de pr\u00e9traitement, de contr\u00f4le et d&rsquo;alimentation chimique, ainsi que toutes les pi\u00e8ces de r\u00e9paration courantes, garantit une disponibilit\u00e9 le jour m\u00eame, <strong>ainsi qu&rsquo;une livraison et une installation dans les 48\u00a0heures<\/strong>.<\/p>\n<p>Nous mesurons et suivons les performances afin de garantir une efficacit\u00e9 maximale et de r\u00e9duire le co\u00fbt de fonctionnement. Nous optimisons l&rsquo;utilisation des r\u00e9g\u00e9n\u00e9rants et prolongeons la dur\u00e9e de vie des r\u00e9sines et des membranes gr\u00e2ce \u00e0 des \u00e9tudes sur l&rsquo;\u00e9lution de la saumure, l&rsquo;analyse de l&rsquo;encrassement des membranes et le nettoyage en place (NEP).<\/p>\n<p>Adoucisseurs, d\u00e9salcalinisants, d\u00e9ioniseurs, syst\u00e8mes d&rsquo;osmose inverse, unit\u00e9s de filtration sur m\u00e9dia\u00a0\u2013 laissez nos ing\u00e9nieurs d\u00e9terminer quelle solution \u00e9prouv\u00e9e pr\u00e9sente le meilleur avantage pour vous. Nos \u00e9quipements personnalis\u00e9s sont dimensionn\u00e9s et fabriqu\u00e9s en interne pour r\u00e9pondre \u00e0 votre application sp\u00e9cifique.<\/p>\n","protected":false},"excerpt":{"rendered":"<p>\u00c0 la fois consultant, ing\u00e9nieur chimiste et cl\u00e9 \u00e0 molette! Nos repr\u00e9sentants sont form\u00e9s pour relever leurs manches afin de r\u00e9parer tous les \u00e9quipements de conditionnement et de contr\u00f4le de l&rsquo;eau, en soutenant notre approche&#8230;<\/p>\n","protected":false},"author":220,"featured_media":0,"parent":10639,"menu_order":2,"comment_status":"closed","ping_status":"closed","template":"","meta":{"_acf_changed":false,"footnotes":""},"class_list":["post-10935","page","type-page","status-publish","hentry"],"acf":[],"yoast_head":"<!-- This site is optimized with the Yoast SEO plugin v26.8 - https:\/\/yoast.com\/product\/yoast-seo-wordpress\/ -->\n<title>Service pratique - Traitement des eaux<\/title>\n<meta name=\"robots\" content=\"index, follow, max-snippet:-1, max-image-preview:large, max-video-preview:-1\" \/>\n<link rel=\"canonical\" href=\"https:\/\/www.duboischemicals.com\/water-treatment\/fr\/equipment\/hands-on-service\/\" \/>\n<meta property=\"og:locale\" content=\"fr_FR\" \/>\n<meta property=\"og:type\" content=\"article\" \/>\n<meta property=\"og:title\" content=\"Service pratique - Traitement des eaux\" \/>\n<meta property=\"og:description\" content=\"\u00c0 la fois consultant, ing\u00e9nieur chimiste et cl\u00e9 \u00e0 molette! Nos repr\u00e9sentants sont form\u00e9s pour relever leurs manches afin de r\u00e9parer tous les \u00e9quipements de conditionnement et de contr\u00f4le de l&rsquo;eau, en soutenant notre approche...\" \/>\n<meta property=\"og:url\" content=\"https:\/\/www.duboischemicals.com\/water-treatment\/fr\/equipment\/hands-on-service\/\" \/>\n<meta property=\"og:site_name\" content=\"Traitement des eaux\" \/>\n<meta property=\"article:modified_time\" content=\"2021-02-11T11:55:20+00:00\" \/>\n<meta name=\"twitter:card\" content=\"summary_large_image\" \/>\n<meta name=\"twitter:label1\" content=\"Dur\u00e9e de lecture estim\u00e9e\" \/>\n\t<meta name=\"twitter:data1\" content=\"1 minute\" \/>\n<script type=\"application\/ld+json\" class=\"yoast-schema-graph\">{\"@context\":\"https:\/\/schema.org\",\"@graph\":[{\"@type\":\"WebPage\",\"@id\":\"https:\/\/www.duboischemicals.com\/water-treatment\/fr\/equipment\/hands-on-service\/\",\"url\":\"https:\/\/www.duboischemicals.com\/water-treatment\/fr\/equipment\/hands-on-service\/\",\"name\":\"Service pratique - Traitement des eaux\",\"isPartOf\":{\"@id\":\"https:\/\/www.duboischemicals.com\/water-treatment\/fr\/#website\"},\"datePublished\":\"2020-11-30T12:36:36+00:00\",\"dateModified\":\"2021-02-11T11:55:20+00:00\",\"breadcrumb\":{\"@id\":\"https:\/\/www.duboischemicals.com\/water-treatment\/fr\/equipment\/hands-on-service\/#breadcrumb\"},\"inLanguage\":\"fr-FR\",\"potentialAction\":[{\"@type\":\"ReadAction\",\"target\":[\"https:\/\/www.duboischemicals.com\/water-treatment\/fr\/equipment\/hands-on-service\/\"]}]},{\"@type\":\"BreadcrumbList\",\"@id\":\"https:\/\/www.duboischemicals.com\/water-treatment\/fr\/equipment\/hands-on-service\/#breadcrumb\",\"itemListElement\":[{\"@type\":\"ListItem\",\"position\":1,\"name\":\"Accueil\",\"item\":\"https:\/\/www.duboischemicals.com\/water-treatment\/fr\/\"},{\"@type\":\"ListItem\",\"position\":2,\"name\":\"\u00c9quipement\",\"item\":\"https:\/\/www.duboischemicals.com\/water-treatment\/fr\/equipment\/\"},{\"@type\":\"ListItem\",\"position\":3,\"name\":\"Service pratique\"}]},{\"@type\":\"WebSite\",\"@id\":\"https:\/\/www.duboischemicals.com\/water-treatment\/fr\/#website\",\"url\":\"https:\/\/www.duboischemicals.com\/water-treatment\/fr\/\",\"name\":\"Traitement des eaux\",\"description\":\"\",\"potentialAction\":[{\"@type\":\"SearchAction\",\"target\":{\"@type\":\"EntryPoint\",\"urlTemplate\":\"https:\/\/www.duboischemicals.com\/water-treatment\/fr\/?s={search_term_string}\"},\"query-input\":{\"@type\":\"PropertyValueSpecification\",\"valueRequired\":true,\"valueName\":\"search_term_string\"}}],\"inLanguage\":\"fr-FR\"}]}<\/script>\n<!-- \/ Yoast SEO plugin. -->","yoast_head_json":{"title":"Service pratique - Traitement des eaux","robots":{"index":"index","follow":"follow","max-snippet":"max-snippet:-1","max-image-preview":"max-image-preview:large","max-video-preview":"max-video-preview:-1"},"canonical":"https:\/\/www.duboischemicals.com\/water-treatment\/fr\/equipment\/hands-on-service\/","og_locale":"fr_FR","og_type":"article","og_title":"Service pratique - Traitement des eaux","og_description":"\u00c0 la fois consultant, ing\u00e9nieur chimiste et cl\u00e9 \u00e0 molette! Nos repr\u00e9sentants sont form\u00e9s pour relever leurs manches afin de r\u00e9parer tous les \u00e9quipements de conditionnement et de contr\u00f4le de l&rsquo;eau, en soutenant notre approche...","og_url":"https:\/\/www.duboischemicals.com\/water-treatment\/fr\/equipment\/hands-on-service\/","og_site_name":"Traitement des eaux","article_modified_time":"2021-02-11T11:55:20+00:00","twitter_card":"summary_large_image","twitter_misc":{"Dur\u00e9e de lecture estim\u00e9e":"1 minute"},"schema":{"@context":"https:\/\/schema.org","@graph":[{"@type":"WebPage","@id":"https:\/\/www.duboischemicals.com\/water-treatment\/fr\/equipment\/hands-on-service\/","url":"https:\/\/www.duboischemicals.com\/water-treatment\/fr\/equipment\/hands-on-service\/","name":"Service pratique - Traitement des eaux","isPartOf":{"@id":"https:\/\/www.duboischemicals.com\/water-treatment\/fr\/#website"},"datePublished":"2020-11-30T12:36:36+00:00","dateModified":"2021-02-11T11:55:20+00:00","breadcrumb":{"@id":"https:\/\/www.duboischemicals.com\/water-treatment\/fr\/equipment\/hands-on-service\/#breadcrumb"},"inLanguage":"fr-FR","potentialAction":[{"@type":"ReadAction","target":["https:\/\/www.duboischemicals.com\/water-treatment\/fr\/equipment\/hands-on-service\/"]}]},{"@type":"BreadcrumbList","@id":"https:\/\/www.duboischemicals.com\/water-treatment\/fr\/equipment\/hands-on-service\/#breadcrumb","itemListElement":[{"@type":"ListItem","position":1,"name":"Accueil","item":"https:\/\/www.duboischemicals.com\/water-treatment\/fr\/"},{"@type":"ListItem","position":2,"name":"\u00c9quipement","item":"https:\/\/www.duboischemicals.com\/water-treatment\/fr\/equipment\/"},{"@type":"ListItem","position":3,"name":"Service pratique"}]},{"@type":"WebSite","@id":"https:\/\/www.duboischemicals.com\/water-treatment\/fr\/#website","url":"https:\/\/www.duboischemicals.com\/water-treatment\/fr\/","name":"Traitement des eaux","description":"","potentialAction":[{"@type":"SearchAction","target":{"@type":"EntryPoint","urlTemplate":"https:\/\/www.duboischemicals.com\/water-treatment\/fr\/?s={search_term_string}"},"query-input":{"@type":"PropertyValueSpecification","valueRequired":true,"valueName":"search_term_string"}}],"inLanguage":"fr-FR"}]}},"_links":{"self":[{"href":"https:\/\/www.duboischemicals.com\/water-treatment\/fr\/wp-json\/wp\/v2\/pages\/10935","targetHints":{"allow":["GET"]}}],"collection":[{"href":"https:\/\/www.duboischemicals.com\/water-treatment\/fr\/wp-json\/wp\/v2\/pages"}],"about":[{"href":"https:\/\/www.duboischemicals.com\/water-treatment\/fr\/wp-json\/wp\/v2\/types\/page"}],"author":[{"embeddable":true,"href":"https:\/\/www.duboischemicals.com\/water-treatment\/fr\/wp-json\/wp\/v2\/users\/220"}],"replies":[{"embeddable":true,"href":"https:\/\/www.duboischemicals.com\/water-treatment\/fr\/wp-json\/wp\/v2\/comments?post=10935"}],"version-history":[{"count":4,"href":"https:\/\/www.duboischemicals.com\/water-treatment\/fr\/wp-json\/wp\/v2\/pages\/10935\/revisions"}],"predecessor-version":[{"id":11589,"href":"https:\/\/www.duboischemicals.com\/water-treatment\/fr\/wp-json\/wp\/v2\/pages\/10935\/revisions\/11589"}],"up":[{"embeddable":true,"href":"https:\/\/www.duboischemicals.com\/water-treatment\/fr\/wp-json\/wp\/v2\/pages\/10639"}],"wp:attachment":[{"href":"https:\/\/www.duboischemicals.com\/water-treatment\/fr\/wp-json\/wp\/v2\/media?parent=10935"}],"curies":[{"name":"wp","href":"https:\/\/api.w.org\/{rel}","templated":true}]}}