{"id":10936,"date":"2020-11-30T07:36:36","date_gmt":"2020-11-30T12:36:36","guid":{"rendered":"https:\/\/www.duboischemicals.com\/\/water-treatment\/equipment\/automation-control\/"},"modified":"2021-02-03T08:36:15","modified_gmt":"2021-02-03T13:36:15","slug":"automation-control","status":"publish","type":"page","link":"https:\/\/www.duboischemicals.com\/water-treatment\/fr\/equipment\/automation-control\/","title":{"rendered":"Automatisation et contr\u00f4le"},"content":{"rendered":"<h2>Automatisation et contr\u00f4le<\/h2>\n<p>DuBois propose les derniers \u00e9quipements d&rsquo;automatisation et de contr\u00f4le des aliments chimiques. L&rsquo;\u00e9quipement est non seulement essentiel pour assurer l&rsquo;apport de produits chimiques dans vos syst\u00e8mes d&rsquo;eau, mais aussi pour maintenir les param\u00e8tres cl\u00e9s du syst\u00e8me dans des plages de contr\u00f4le pr\u00e9cises et obtenir des r\u00e9sultats pr\u00e9cis et pr\u00e9visibles. Les syst\u00e8mes int\u00e9gr\u00e9s DuBois peuvent envoyer des alertes lorsque les performances ne sont pas conformes aux sp\u00e9cifications, ce qui permet de proc\u00e9der imm\u00e9diatement \u00e0 des ajustements importants, avant que ne se produisent des ph\u00e9nom\u00e8nes d&rsquo;entartrage, de corrosion ou de croissance bact\u00e9rienne.<\/p>\n<p>Voici quelques-unes de nos solutions d&rsquo;automatisation et de contr\u00f4le\u00a0:<\/p>\n<ul>\n<li><a href=\"http:\/\/www.duboischemicals.com\/\/water-treatment\/equipment\/automation-control\/monitrol\/\">Monitrol<\/a>\u00a0\u2013 Une plateforme innovante d&rsquo;\u00e9quipements et de produits chimiques, offrant un syst\u00e8me de gestion totale de l&rsquo;eau qui donne des r\u00e9sultats fiables et coh\u00e9rents<\/li>\n<li>Une large gamme de contr\u00f4leurs Datalogic\u00ae allant d&rsquo;unit\u00e9s compatibles avec le Web avec fonctions d&rsquo;alarme int\u00e9gr\u00e9es \u00e0 des mod\u00e8les moins co\u00fbteux pour des syst\u00e8mes plus petits et moins critiques<\/li>\n<li>Gamme compl\u00e8te de pompes d&rsquo;alimentation en produits chimiques<\/li>\n<li>pH, conductivit\u00e9, potentiel d&rsquo;oxydor\u00e9duction et autres appareils de mesure couramment utilis\u00e9s<\/li>\n<li>D\u00e9rivateurs<\/li>\n<li>Correcteurs<\/li>\n<li>Fluorim\u00e8tres en ligne<\/li>\n<li>Filtres d&rsquo;alimentation<\/li>\n<li>Compteurs d&rsquo;eau<\/li>\n<li>Robinets de purge<\/li>\n<li>Tableaux de contr\u00f4le avec contr\u00f4leurs, pompes, compteurs et sondes mont\u00e9s<\/li>\n<\/ul>\n<p><strong>\u00c9tude de cas\u00a0:<\/strong><\/p>\n<ul>\n<li><a href=\"http:\/\/www.duboischemicals.com\/\/water-treatment\/resources\/case-studies\/legionella-management-plans-installed-across-multiple-locations-for-government-customer-in-new-york\/\">Plan de gestion de l&rsquo;eau contre les l\u00e9gionelles\u00a0\u2013 Installation gouvernementale<\/a><\/li>\n<\/ul>\n","protected":false},"excerpt":{"rendered":"<p>Automatisation et contr\u00f4le DuBois propose les derniers \u00e9quipements d&rsquo;automatisation et de contr\u00f4le des aliments chimiques. L&rsquo;\u00e9quipement est non seulement essentiel pour assurer l&rsquo;apport de produits chimiques dans vos syst\u00e8mes d&rsquo;eau, mais aussi pour maintenir les&#8230;<\/p>\n","protected":false},"author":220,"featured_media":0,"parent":10639,"menu_order":4,"comment_status":"closed","ping_status":"closed","template":"","meta":{"_acf_changed":false,"footnotes":""},"class_list":["post-10936","page","type-page","status-publish","hentry"],"acf":[],"yoast_head":"<!-- This site is optimized with the Yoast SEO plugin v26.8 - https:\/\/yoast.com\/product\/yoast-seo-wordpress\/ -->\n<title>Automatisation et contr\u00f4le - Traitement des eaux<\/title>\n<meta name=\"robots\" content=\"index, follow, max-snippet:-1, max-image-preview:large, max-video-preview:-1\" \/>\n<link rel=\"canonical\" href=\"https:\/\/www.duboischemicals.com\/water-treatment\/fr\/equipment\/automation-control\/\" \/>\n<meta property=\"og:locale\" content=\"fr_FR\" \/>\n<meta property=\"og:type\" content=\"article\" \/>\n<meta property=\"og:title\" content=\"Automatisation et contr\u00f4le - Traitement des eaux\" \/>\n<meta property=\"og:description\" content=\"Automatisation et contr\u00f4le DuBois propose les derniers \u00e9quipements d&rsquo;automatisation et de contr\u00f4le des aliments chimiques. L&rsquo;\u00e9quipement est non seulement essentiel pour assurer l&rsquo;apport de produits chimiques dans vos syst\u00e8mes d&rsquo;eau, mais aussi pour maintenir les...\" \/>\n<meta property=\"og:url\" content=\"https:\/\/www.duboischemicals.com\/water-treatment\/fr\/equipment\/automation-control\/\" \/>\n<meta property=\"og:site_name\" content=\"Traitement des eaux\" \/>\n<meta property=\"article:modified_time\" content=\"2021-02-03T13:36:15+00:00\" \/>\n<meta name=\"twitter:card\" content=\"summary_large_image\" \/>\n<meta name=\"twitter:label1\" content=\"Dur\u00e9e de lecture estim\u00e9e\" \/>\n\t<meta name=\"twitter:data1\" content=\"1 minute\" \/>\n<script type=\"application\/ld+json\" class=\"yoast-schema-graph\">{\"@context\":\"https:\/\/schema.org\",\"@graph\":[{\"@type\":\"WebPage\",\"@id\":\"https:\/\/www.duboischemicals.com\/water-treatment\/fr\/equipment\/automation-control\/\",\"url\":\"https:\/\/www.duboischemicals.com\/water-treatment\/fr\/equipment\/automation-control\/\",\"name\":\"Automatisation et contr\u00f4le - Traitement des eaux\",\"isPartOf\":{\"@id\":\"https:\/\/www.duboischemicals.com\/water-treatment\/fr\/#website\"},\"datePublished\":\"2020-11-30T12:36:36+00:00\",\"dateModified\":\"2021-02-03T13:36:15+00:00\",\"breadcrumb\":{\"@id\":\"https:\/\/www.duboischemicals.com\/water-treatment\/fr\/equipment\/automation-control\/#breadcrumb\"},\"inLanguage\":\"fr-FR\",\"potentialAction\":[{\"@type\":\"ReadAction\",\"target\":[\"https:\/\/www.duboischemicals.com\/water-treatment\/fr\/equipment\/automation-control\/\"]}]},{\"@type\":\"BreadcrumbList\",\"@id\":\"https:\/\/www.duboischemicals.com\/water-treatment\/fr\/equipment\/automation-control\/#breadcrumb\",\"itemListElement\":[{\"@type\":\"ListItem\",\"position\":1,\"name\":\"Accueil\",\"item\":\"https:\/\/www.duboischemicals.com\/water-treatment\/fr\/\"},{\"@type\":\"ListItem\",\"position\":2,\"name\":\"\u00c9quipement\",\"item\":\"https:\/\/www.duboischemicals.com\/water-treatment\/fr\/equipment\/\"},{\"@type\":\"ListItem\",\"position\":3,\"name\":\"Automatisation et contr\u00f4le\"}]},{\"@type\":\"WebSite\",\"@id\":\"https:\/\/www.duboischemicals.com\/water-treatment\/fr\/#website\",\"url\":\"https:\/\/www.duboischemicals.com\/water-treatment\/fr\/\",\"name\":\"Traitement des eaux\",\"description\":\"\",\"potentialAction\":[{\"@type\":\"SearchAction\",\"target\":{\"@type\":\"EntryPoint\",\"urlTemplate\":\"https:\/\/www.duboischemicals.com\/water-treatment\/fr\/?s={search_term_string}\"},\"query-input\":{\"@type\":\"PropertyValueSpecification\",\"valueRequired\":true,\"valueName\":\"search_term_string\"}}],\"inLanguage\":\"fr-FR\"}]}<\/script>\n<!-- \/ Yoast SEO plugin. -->","yoast_head_json":{"title":"Automatisation et contr\u00f4le - Traitement des eaux","robots":{"index":"index","follow":"follow","max-snippet":"max-snippet:-1","max-image-preview":"max-image-preview:large","max-video-preview":"max-video-preview:-1"},"canonical":"https:\/\/www.duboischemicals.com\/water-treatment\/fr\/equipment\/automation-control\/","og_locale":"fr_FR","og_type":"article","og_title":"Automatisation et contr\u00f4le - Traitement des eaux","og_description":"Automatisation et contr\u00f4le DuBois propose les derniers \u00e9quipements d&rsquo;automatisation et de contr\u00f4le des aliments chimiques. L&rsquo;\u00e9quipement est non seulement essentiel pour assurer l&rsquo;apport de produits chimiques dans vos syst\u00e8mes d&rsquo;eau, mais aussi pour maintenir les...","og_url":"https:\/\/www.duboischemicals.com\/water-treatment\/fr\/equipment\/automation-control\/","og_site_name":"Traitement des eaux","article_modified_time":"2021-02-03T13:36:15+00:00","twitter_card":"summary_large_image","twitter_misc":{"Dur\u00e9e de lecture estim\u00e9e":"1 minute"},"schema":{"@context":"https:\/\/schema.org","@graph":[{"@type":"WebPage","@id":"https:\/\/www.duboischemicals.com\/water-treatment\/fr\/equipment\/automation-control\/","url":"https:\/\/www.duboischemicals.com\/water-treatment\/fr\/equipment\/automation-control\/","name":"Automatisation et contr\u00f4le - Traitement des eaux","isPartOf":{"@id":"https:\/\/www.duboischemicals.com\/water-treatment\/fr\/#website"},"datePublished":"2020-11-30T12:36:36+00:00","dateModified":"2021-02-03T13:36:15+00:00","breadcrumb":{"@id":"https:\/\/www.duboischemicals.com\/water-treatment\/fr\/equipment\/automation-control\/#breadcrumb"},"inLanguage":"fr-FR","potentialAction":[{"@type":"ReadAction","target":["https:\/\/www.duboischemicals.com\/water-treatment\/fr\/equipment\/automation-control\/"]}]},{"@type":"BreadcrumbList","@id":"https:\/\/www.duboischemicals.com\/water-treatment\/fr\/equipment\/automation-control\/#breadcrumb","itemListElement":[{"@type":"ListItem","position":1,"name":"Accueil","item":"https:\/\/www.duboischemicals.com\/water-treatment\/fr\/"},{"@type":"ListItem","position":2,"name":"\u00c9quipement","item":"https:\/\/www.duboischemicals.com\/water-treatment\/fr\/equipment\/"},{"@type":"ListItem","position":3,"name":"Automatisation et contr\u00f4le"}]},{"@type":"WebSite","@id":"https:\/\/www.duboischemicals.com\/water-treatment\/fr\/#website","url":"https:\/\/www.duboischemicals.com\/water-treatment\/fr\/","name":"Traitement des eaux","description":"","potentialAction":[{"@type":"SearchAction","target":{"@type":"EntryPoint","urlTemplate":"https:\/\/www.duboischemicals.com\/water-treatment\/fr\/?s={search_term_string}"},"query-input":{"@type":"PropertyValueSpecification","valueRequired":true,"valueName":"search_term_string"}}],"inLanguage":"fr-FR"}]}},"_links":{"self":[{"href":"https:\/\/www.duboischemicals.com\/water-treatment\/fr\/wp-json\/wp\/v2\/pages\/10936","targetHints":{"allow":["GET"]}}],"collection":[{"href":"https:\/\/www.duboischemicals.com\/water-treatment\/fr\/wp-json\/wp\/v2\/pages"}],"about":[{"href":"https:\/\/www.duboischemicals.com\/water-treatment\/fr\/wp-json\/wp\/v2\/types\/page"}],"author":[{"embeddable":true,"href":"https:\/\/www.duboischemicals.com\/water-treatment\/fr\/wp-json\/wp\/v2\/users\/220"}],"replies":[{"embeddable":true,"href":"https:\/\/www.duboischemicals.com\/water-treatment\/fr\/wp-json\/wp\/v2\/comments?post=10936"}],"version-history":[{"count":3,"href":"https:\/\/www.duboischemicals.com\/water-treatment\/fr\/wp-json\/wp\/v2\/pages\/10936\/revisions"}],"predecessor-version":[{"id":11497,"href":"https:\/\/www.duboischemicals.com\/water-treatment\/fr\/wp-json\/wp\/v2\/pages\/10936\/revisions\/11497"}],"up":[{"embeddable":true,"href":"https:\/\/www.duboischemicals.com\/water-treatment\/fr\/wp-json\/wp\/v2\/pages\/10639"}],"wp:attachment":[{"href":"https:\/\/www.duboischemicals.com\/water-treatment\/fr\/wp-json\/wp\/v2\/media?parent=10936"}],"curies":[{"name":"wp","href":"https:\/\/api.w.org\/{rel}","templated":true}]}}