{"id":10937,"date":"2020-11-30T07:36:36","date_gmt":"2020-11-30T12:36:36","guid":{"rendered":"https:\/\/www.duboischemicals.com\/\/water-treatment\/equipment\/automation-control\/monitrol\/"},"modified":"2021-02-03T08:36:09","modified_gmt":"2021-02-03T13:36:09","slug":"monitrol","status":"publish","type":"page","link":"https:\/\/www.duboischemicals.com\/water-treatment\/fr\/equipment\/automation-control\/monitrol\/","title":{"rendered":"Monitrol"},"content":{"rendered":"<h2>Monitrol<\/h2>\n<p>Monitrol est un programme complet et innovant de gestion de l&rsquo;eau de refroidissement, con\u00e7u pour combiner un \u00e9quipement et une chimie de pointe dans un ensemble permettant de fournir des r\u00e9sultats fiables et pr\u00e9visibles \u00e0 votre syst\u00e8me de tour de refroidissement.<\/p>\n<p><b>Monitrol offre<\/b><\/p>\n<ul>\n<li>Surveillance et contr\u00f4le en ligne de la concentration des substances chimiques<\/li>\n<li>Surveillance de la corrosion en temps r\u00e9el<\/li>\n<li>Rapports personnalis\u00e9s et programm\u00e9s<\/li>\n<li>Surveillance et contr\u00f4le en ligne et en temps r\u00e9el de tous les param\u00e8tres cl\u00e9s du syst\u00e8me<\/li>\n<li>Alertes par courriel pour une notification instantan\u00e9e des pannes du syst\u00e8me<\/li>\n<li>Chimie innovante qui fournit un syst\u00e8me exempt de corrosion par le tartre et de croissance biologique<\/li>\n<\/ul>\n<p><b>Diff\u00e9rence Monitrol<\/b><\/p>\n<p>Par rapport aux programmes chimiques typiques des tours de refroidissement, Monitrol offre plusieurs avantages cl\u00e9s qui augmentent votre niveau de service, maximisent les performances et minimisent l&rsquo;utilisation de produits chimiques et d&rsquo;eau.<\/p>\n<div class=\"table-responsive\">\n<table class=\"table table-striped table-bordered\">\n<tbody>\n<tr>\n<td><b>Param\u00e8tre cl\u00e9<\/b><\/td>\n<td><b>Programme chimique typique<\/b><\/td>\n<td><b>Programme Monitrol<\/b><\/td>\n<\/tr>\n<tr>\n<td>Service<\/td>\n<td>Service fourni \u00e0 intervalles r\u00e9guliers lorsque le technicien de service ou le repr\u00e9sentant commercial est sur place<\/td>\n<td>En plus des visites d&rsquo;entretien r\u00e9guli\u00e8res sur place, un syst\u00e8me Monitrol permet \u00e0 votre tour de refroidissement d&rsquo;\u00eatre entretenue en permanence par votre repr\u00e9sentant DuBois.<\/td>\n<\/tr>\n<tr>\n<td>Cycles de concentration<\/td>\n<td>Les cycles ne sont souvent pas maximis\u00e9s par crainte d&rsquo;une perturbation du syst\u00e8me (probl\u00e8me de pompe chimique, probl\u00e8mes de d\u00e9bit, etc.).<\/td>\n<td>Gr\u00e2ce \u00e0 une surveillance 24h\/24 et 7j\/7 et \u00e0 des alarmes par courriel, vous et votre repr\u00e9sentant DuBois \u00eates imm\u00e9diatement inform\u00e9s de toute perturbation du syst\u00e8me. Cela permet de fixer les param\u00e8tres du syst\u00e8me \u00e0 des limites maximales.<\/td>\n<\/tr>\n<tr>\n<td>Concentration chimique<\/td>\n<td>Des \u00e9tudes ont montr\u00e9 qu&rsquo;une fluctuation de +\/- 50 ppm par rapport \u00e0 la cible est normale.<\/td>\n<td>Monitrol contr\u00f4le \u00e0 5 ppm pr\u00e8s de la cible, ce qui \u00e9vite \u00e0 la fois la suralimentation en d\u00e9chets, ou le tartre et la corrosion observ\u00e9s en cas de sous-alimentation.<\/td>\n<\/tr>\n<tr>\n<td>Co\u00fbt total de propri\u00e9t\u00e9<\/td>\n<td>Les syst\u00e8mes de contr\u00f4le habituels ne maximisent pas les cycles ou la vitesse d&rsquo;alimentation en produits chimiques, ce qui entra\u00eene une surutilisation des produits chimiques et de l&rsquo;eau. La sous-alimentation en produits chimiques peut entra\u00eener des co\u00fbts \u00e9nerg\u00e9tiques en raison de la formation de tartre.<\/td>\n<td>L&rsquo;optimisation du taux d&rsquo;alimentation en produits chimiques et des cycles de concentration permet de r\u00e9aliser des \u00e9conomies en r\u00e9duisant les co\u00fbts des produits chimiques et de l&rsquo;eau. Par ailleurs, la surveillance et le contr\u00f4le chimique r\u00e9alis\u00e9s en permanence permettent de r\u00e9duire les perturbations du syst\u00e8me, ce qui se traduit par un syst\u00e8me propre, exempt de tartre, de corrosion et de d\u00e9veloppement microbien.<\/td>\n<\/tr>\n<\/tbody>\n<\/table>\n<p><strong>\u00c9tude de cas\u00a0:<\/strong><\/p>\n<ul>\n<li><a href=\"http:\/\/www.duboischemicals.com\/\/water-treatment\/resources\/case-studies\/legionella-management-plans-installed-across-multiple-locations-for-government-customer-in-new-york\/\">Plan de gestion de l&rsquo;eau contre les l\u00e9gionelles\u00a0\u2013 Installation gouvernementale<\/a><\/li>\n<li><a href=\"https:\/\/www.duboischemicals.com\/water-treatment\/fr\/resources\/case-studies\/installation-of-monitrol-water-management-program-at-midwest-automotive-customer-results-in-80-water-and-15-chemical-usage-reductions\/\">Plan global de gestion de l&rsquo;eau\u00a0\u2013 Industrie automobile<\/a><\/li>\n<\/ul>\n<\/div>\n","protected":false},"excerpt":{"rendered":"<p>Monitrol Monitrol est un programme complet et innovant de gestion de l&rsquo;eau de refroidissement, con\u00e7u pour combiner un \u00e9quipement et une chimie de pointe dans un ensemble permettant de fournir des r\u00e9sultats fiables et pr\u00e9visibles&#8230;<\/p>\n","protected":false},"author":220,"featured_media":0,"parent":10936,"menu_order":1,"comment_status":"closed","ping_status":"closed","template":"","meta":{"_acf_changed":false,"footnotes":""},"class_list":["post-10937","page","type-page","status-publish","hentry"],"acf":[],"yoast_head":"<!-- This site is optimized with the Yoast SEO plugin v26.8 - https:\/\/yoast.com\/product\/yoast-seo-wordpress\/ -->\n<title>Monitrol - Traitement des eaux<\/title>\n<meta name=\"robots\" content=\"index, follow, max-snippet:-1, max-image-preview:large, max-video-preview:-1\" \/>\n<link rel=\"canonical\" href=\"https:\/\/www.duboischemicals.com\/water-treatment\/fr\/equipment\/automation-control\/monitrol\/\" \/>\n<meta property=\"og:locale\" content=\"fr_FR\" \/>\n<meta property=\"og:type\" content=\"article\" \/>\n<meta property=\"og:title\" content=\"Monitrol - Traitement des eaux\" \/>\n<meta property=\"og:description\" content=\"Monitrol Monitrol est un programme complet et innovant de gestion de l&rsquo;eau de refroidissement, con\u00e7u pour combiner un \u00e9quipement et une chimie de pointe dans un ensemble permettant de fournir des r\u00e9sultats fiables et pr\u00e9visibles...\" \/>\n<meta property=\"og:url\" content=\"https:\/\/www.duboischemicals.com\/water-treatment\/fr\/equipment\/automation-control\/monitrol\/\" \/>\n<meta property=\"og:site_name\" content=\"Traitement des eaux\" \/>\n<meta property=\"article:modified_time\" content=\"2021-02-03T13:36:09+00:00\" \/>\n<meta name=\"twitter:card\" content=\"summary_large_image\" \/>\n<meta name=\"twitter:label1\" content=\"Dur\u00e9e de lecture estim\u00e9e\" \/>\n\t<meta name=\"twitter:data1\" content=\"2 minutes\" \/>\n<script type=\"application\/ld+json\" class=\"yoast-schema-graph\">{\"@context\":\"https:\/\/schema.org\",\"@graph\":[{\"@type\":\"WebPage\",\"@id\":\"https:\/\/www.duboischemicals.com\/water-treatment\/fr\/equipment\/automation-control\/monitrol\/\",\"url\":\"https:\/\/www.duboischemicals.com\/water-treatment\/fr\/equipment\/automation-control\/monitrol\/\",\"name\":\"Monitrol - Traitement des eaux\",\"isPartOf\":{\"@id\":\"https:\/\/www.duboischemicals.com\/water-treatment\/fr\/#website\"},\"datePublished\":\"2020-11-30T12:36:36+00:00\",\"dateModified\":\"2021-02-03T13:36:09+00:00\",\"breadcrumb\":{\"@id\":\"https:\/\/www.duboischemicals.com\/water-treatment\/fr\/equipment\/automation-control\/monitrol\/#breadcrumb\"},\"inLanguage\":\"fr-FR\",\"potentialAction\":[{\"@type\":\"ReadAction\",\"target\":[\"https:\/\/www.duboischemicals.com\/water-treatment\/fr\/equipment\/automation-control\/monitrol\/\"]}]},{\"@type\":\"BreadcrumbList\",\"@id\":\"https:\/\/www.duboischemicals.com\/water-treatment\/fr\/equipment\/automation-control\/monitrol\/#breadcrumb\",\"itemListElement\":[{\"@type\":\"ListItem\",\"position\":1,\"name\":\"Accueil\",\"item\":\"https:\/\/www.duboischemicals.com\/water-treatment\/fr\/\"},{\"@type\":\"ListItem\",\"position\":2,\"name\":\"\u00c9quipement\",\"item\":\"https:\/\/www.duboischemicals.com\/water-treatment\/fr\/equipment\/\"},{\"@type\":\"ListItem\",\"position\":3,\"name\":\"Automatisation et contr\u00f4le\",\"item\":\"https:\/\/www.duboischemicals.com\/water-treatment\/fr\/equipment\/automation-control\/\"},{\"@type\":\"ListItem\",\"position\":4,\"name\":\"Monitrol\"}]},{\"@type\":\"WebSite\",\"@id\":\"https:\/\/www.duboischemicals.com\/water-treatment\/fr\/#website\",\"url\":\"https:\/\/www.duboischemicals.com\/water-treatment\/fr\/\",\"name\":\"Traitement des eaux\",\"description\":\"\",\"potentialAction\":[{\"@type\":\"SearchAction\",\"target\":{\"@type\":\"EntryPoint\",\"urlTemplate\":\"https:\/\/www.duboischemicals.com\/water-treatment\/fr\/?s={search_term_string}\"},\"query-input\":{\"@type\":\"PropertyValueSpecification\",\"valueRequired\":true,\"valueName\":\"search_term_string\"}}],\"inLanguage\":\"fr-FR\"}]}<\/script>\n<!-- \/ Yoast SEO plugin. -->","yoast_head_json":{"title":"Monitrol - Traitement des eaux","robots":{"index":"index","follow":"follow","max-snippet":"max-snippet:-1","max-image-preview":"max-image-preview:large","max-video-preview":"max-video-preview:-1"},"canonical":"https:\/\/www.duboischemicals.com\/water-treatment\/fr\/equipment\/automation-control\/monitrol\/","og_locale":"fr_FR","og_type":"article","og_title":"Monitrol - Traitement des eaux","og_description":"Monitrol Monitrol est un programme complet et innovant de gestion de l&rsquo;eau de refroidissement, con\u00e7u pour combiner un \u00e9quipement et une chimie de pointe dans un ensemble permettant de fournir des r\u00e9sultats fiables et pr\u00e9visibles...","og_url":"https:\/\/www.duboischemicals.com\/water-treatment\/fr\/equipment\/automation-control\/monitrol\/","og_site_name":"Traitement des eaux","article_modified_time":"2021-02-03T13:36:09+00:00","twitter_card":"summary_large_image","twitter_misc":{"Dur\u00e9e de lecture estim\u00e9e":"2 minutes"},"schema":{"@context":"https:\/\/schema.org","@graph":[{"@type":"WebPage","@id":"https:\/\/www.duboischemicals.com\/water-treatment\/fr\/equipment\/automation-control\/monitrol\/","url":"https:\/\/www.duboischemicals.com\/water-treatment\/fr\/equipment\/automation-control\/monitrol\/","name":"Monitrol - Traitement des eaux","isPartOf":{"@id":"https:\/\/www.duboischemicals.com\/water-treatment\/fr\/#website"},"datePublished":"2020-11-30T12:36:36+00:00","dateModified":"2021-02-03T13:36:09+00:00","breadcrumb":{"@id":"https:\/\/www.duboischemicals.com\/water-treatment\/fr\/equipment\/automation-control\/monitrol\/#breadcrumb"},"inLanguage":"fr-FR","potentialAction":[{"@type":"ReadAction","target":["https:\/\/www.duboischemicals.com\/water-treatment\/fr\/equipment\/automation-control\/monitrol\/"]}]},{"@type":"BreadcrumbList","@id":"https:\/\/www.duboischemicals.com\/water-treatment\/fr\/equipment\/automation-control\/monitrol\/#breadcrumb","itemListElement":[{"@type":"ListItem","position":1,"name":"Accueil","item":"https:\/\/www.duboischemicals.com\/water-treatment\/fr\/"},{"@type":"ListItem","position":2,"name":"\u00c9quipement","item":"https:\/\/www.duboischemicals.com\/water-treatment\/fr\/equipment\/"},{"@type":"ListItem","position":3,"name":"Automatisation et contr\u00f4le","item":"https:\/\/www.duboischemicals.com\/water-treatment\/fr\/equipment\/automation-control\/"},{"@type":"ListItem","position":4,"name":"Monitrol"}]},{"@type":"WebSite","@id":"https:\/\/www.duboischemicals.com\/water-treatment\/fr\/#website","url":"https:\/\/www.duboischemicals.com\/water-treatment\/fr\/","name":"Traitement des eaux","description":"","potentialAction":[{"@type":"SearchAction","target":{"@type":"EntryPoint","urlTemplate":"https:\/\/www.duboischemicals.com\/water-treatment\/fr\/?s={search_term_string}"},"query-input":{"@type":"PropertyValueSpecification","valueRequired":true,"valueName":"search_term_string"}}],"inLanguage":"fr-FR"}]}},"_links":{"self":[{"href":"https:\/\/www.duboischemicals.com\/water-treatment\/fr\/wp-json\/wp\/v2\/pages\/10937","targetHints":{"allow":["GET"]}}],"collection":[{"href":"https:\/\/www.duboischemicals.com\/water-treatment\/fr\/wp-json\/wp\/v2\/pages"}],"about":[{"href":"https:\/\/www.duboischemicals.com\/water-treatment\/fr\/wp-json\/wp\/v2\/types\/page"}],"author":[{"embeddable":true,"href":"https:\/\/www.duboischemicals.com\/water-treatment\/fr\/wp-json\/wp\/v2\/users\/220"}],"replies":[{"embeddable":true,"href":"https:\/\/www.duboischemicals.com\/water-treatment\/fr\/wp-json\/wp\/v2\/comments?post=10937"}],"version-history":[{"count":3,"href":"https:\/\/www.duboischemicals.com\/water-treatment\/fr\/wp-json\/wp\/v2\/pages\/10937\/revisions"}],"predecessor-version":[{"id":11485,"href":"https:\/\/www.duboischemicals.com\/water-treatment\/fr\/wp-json\/wp\/v2\/pages\/10937\/revisions\/11485"}],"up":[{"embeddable":true,"href":"https:\/\/www.duboischemicals.com\/water-treatment\/fr\/wp-json\/wp\/v2\/pages\/10936"}],"wp:attachment":[{"href":"https:\/\/www.duboischemicals.com\/water-treatment\/fr\/wp-json\/wp\/v2\/media?parent=10937"}],"curies":[{"name":"wp","href":"https:\/\/api.w.org\/{rel}","templated":true}]}}