{"id":10939,"date":"2020-11-30T07:36:37","date_gmt":"2020-11-30T12:36:37","guid":{"rendered":"https:\/\/www.duboischemicals.com\/\/water-treatment\/products\/clean-up-products\/"},"modified":"2021-02-11T06:55:20","modified_gmt":"2021-02-11T11:55:20","slug":"clean-up-products","status":"publish","type":"page","link":"https:\/\/www.duboischemicals.com\/water-treatment\/fr\/products\/clean-up-products\/","title":{"rendered":"Produits de nettoyage"},"content":{"rendered":"<p>Depuis 1920, DuBois s&rsquo;est sp\u00e9cialis\u00e9 dans les produits de nettoyage au service de plusieurs industries, entreprises commerciales et institutions. Les d\u00e9tartrants et autres produits de nettoyage con\u00e7us sp\u00e9cifiquement pour les syst\u00e8mes de traitement des eaux ne sont que quelques-uns de nos nombreux domaines d&rsquo;expertise.<\/p>\n<p>Les produits de nettoyage DuBois pour syst\u00e8mes d&rsquo;eau garantissent que vos syst\u00e8mes sont exempts de sous-produits de corrosion, de tartre min\u00e9ral, d&rsquo;huiles, de mati\u00e8res organiques et d&rsquo;autres d\u00e9p\u00f4ts qui nuisent \u00e0 l&rsquo;efficacit\u00e9. Nos formules sp\u00e9cialis\u00e9es permettront de nettoyer les tours de refroidissement, les syst\u00e8mes en boucle ferm\u00e9e, les chaudi\u00e8res, les \u00e9quipements de traitement et bien d&rsquo;autres choses encore, notamment les r\u00e9sines adoucissantes et les membranes RO\/UF.<\/p>\n<p>Notre offre compl\u00e8te de produits de nettoyage des syst\u00e8mes d&rsquo;eau comprend\u00a0:<\/p>\n<p><strong>M\u00e9langes acides polyvalents<\/strong><\/p>\n<p>Acide min\u00e9ral concentr\u00e9 et options plus douces \u00e0 base d&rsquo;acide organique pour vos besoins g\u00e9n\u00e9raux de nettoyage et de d\u00e9tartrage.<\/p>\n<p>Les produits acides polyvalents sont con\u00e7us pour \u00eatre utilis\u00e9s dans des syst\u00e8mes contenant une vari\u00e9t\u00e9 de m\u00e9taux \u00e0 base de fer et de cuivre.<\/p>\n<p><strong>D\u00e9tartrants acides galvanis\u00e9s<\/strong><\/p>\n<p>Des inhibiteurs de corrosion sp\u00e9ciaux permettent \u00e0 ces produits de d\u00e9tartrer en toute s\u00e9curit\u00e9 les syst\u00e8mes comprenant des pi\u00e8ces en acier galvanis\u00e9 et en alliage de zinc.<\/p>\n<p><strong>Nettoyants alcalins \u00e0 usage intensif<\/strong><\/p>\n<p>Ces produits polyvalents sont efficaces pour \u00e9liminer les huiles, les salissures grasses et les d\u00e9p\u00f4ts organiques des \u00e9quipements industriels et commerciaux et des pi\u00e8ces fabriqu\u00e9es.<\/p>\n<p><strong>Produits alcalins de pr\u00e9-nettoyage<\/strong><\/p>\n<p>Les r\u00e9sidus huileux et les sols d\u00e9pos\u00e9s lors de la fabrication des syst\u00e8mes de tuyauterie et des \u00e9quipements peuvent \u00eatre \u00e9limin\u00e9s \u00e0 l&rsquo;aide de ces m\u00e9langes alcalins tr\u00e8s efficaces et peu moussants.<\/p>\n<p><strong>Nettoyants sp\u00e9cialis\u00e9s<\/strong><\/p>\n<p>DuBois propose \u00e9galement des produits de nettoyage sp\u00e9cialis\u00e9s pour les r\u00e9sines adoucissantes z\u00e9olitiques, les membranes RO\/UF, les chaudi\u00e8res et les syst\u00e8mes huileux et rouill\u00e9s pour lesquels un nettoyage \u00e0 pH neutre est pr\u00e9f\u00e9rable.<\/p>\n","protected":false},"excerpt":{"rendered":"<p>Depuis 1920, DuBois s&rsquo;est sp\u00e9cialis\u00e9 dans les produits de nettoyage au service de plusieurs industries, entreprises commerciales et institutions. Les d\u00e9tartrants et autres produits de nettoyage con\u00e7us sp\u00e9cifiquement pour les syst\u00e8mes de traitement des eaux&#8230;<\/p>\n","protected":false},"author":220,"featured_media":0,"parent":10899,"menu_order":8,"comment_status":"closed","ping_status":"closed","template":"template-prodinfo.php","meta":{"_acf_changed":false,"footnotes":""},"class_list":["post-10939","page","type-page","status-publish","hentry"],"acf":[],"yoast_head":"<!-- This site is optimized with the Yoast SEO plugin v26.8 - https:\/\/yoast.com\/product\/yoast-seo-wordpress\/ -->\n<title>Produits de nettoyage - Traitement des eaux<\/title>\n<meta name=\"robots\" content=\"index, follow, max-snippet:-1, max-image-preview:large, max-video-preview:-1\" \/>\n<link rel=\"canonical\" href=\"https:\/\/www.duboischemicals.com\/water-treatment\/fr\/products\/clean-up-products\/\" \/>\n<meta property=\"og:locale\" content=\"fr_FR\" \/>\n<meta property=\"og:type\" content=\"article\" \/>\n<meta property=\"og:title\" content=\"Produits de nettoyage - Traitement des eaux\" \/>\n<meta property=\"og:description\" content=\"Depuis 1920, DuBois s&rsquo;est sp\u00e9cialis\u00e9 dans les produits de nettoyage au service de plusieurs industries, entreprises commerciales et institutions. Les d\u00e9tartrants et autres produits de nettoyage con\u00e7us sp\u00e9cifiquement pour les syst\u00e8mes de traitement des eaux...\" \/>\n<meta property=\"og:url\" content=\"https:\/\/www.duboischemicals.com\/water-treatment\/fr\/products\/clean-up-products\/\" \/>\n<meta property=\"og:site_name\" content=\"Traitement des eaux\" \/>\n<meta property=\"article:modified_time\" content=\"2021-02-11T11:55:20+00:00\" \/>\n<meta name=\"twitter:card\" content=\"summary_large_image\" \/>\n<meta name=\"twitter:label1\" content=\"Dur\u00e9e de lecture estim\u00e9e\" \/>\n\t<meta name=\"twitter:data1\" content=\"2 minutes\" \/>\n<script type=\"application\/ld+json\" class=\"yoast-schema-graph\">{\"@context\":\"https:\/\/schema.org\",\"@graph\":[{\"@type\":\"WebPage\",\"@id\":\"https:\/\/www.duboischemicals.com\/water-treatment\/fr\/products\/clean-up-products\/\",\"url\":\"https:\/\/www.duboischemicals.com\/water-treatment\/fr\/products\/clean-up-products\/\",\"name\":\"Produits de nettoyage - Traitement des eaux\",\"isPartOf\":{\"@id\":\"https:\/\/www.duboischemicals.com\/water-treatment\/fr\/#website\"},\"datePublished\":\"2020-11-30T12:36:37+00:00\",\"dateModified\":\"2021-02-11T11:55:20+00:00\",\"breadcrumb\":{\"@id\":\"https:\/\/www.duboischemicals.com\/water-treatment\/fr\/products\/clean-up-products\/#breadcrumb\"},\"inLanguage\":\"fr-FR\",\"potentialAction\":[{\"@type\":\"ReadAction\",\"target\":[\"https:\/\/www.duboischemicals.com\/water-treatment\/fr\/products\/clean-up-products\/\"]}]},{\"@type\":\"BreadcrumbList\",\"@id\":\"https:\/\/www.duboischemicals.com\/water-treatment\/fr\/products\/clean-up-products\/#breadcrumb\",\"itemListElement\":[{\"@type\":\"ListItem\",\"position\":1,\"name\":\"Accueil\",\"item\":\"https:\/\/www.duboischemicals.com\/water-treatment\/fr\/\"},{\"@type\":\"ListItem\",\"position\":2,\"name\":\"Produits\",\"item\":\"https:\/\/www.duboischemicals.com\/water-treatment\/fr\/products\/\"},{\"@type\":\"ListItem\",\"position\":3,\"name\":\"Produits de nettoyage\"}]},{\"@type\":\"WebSite\",\"@id\":\"https:\/\/www.duboischemicals.com\/water-treatment\/fr\/#website\",\"url\":\"https:\/\/www.duboischemicals.com\/water-treatment\/fr\/\",\"name\":\"Traitement des eaux\",\"description\":\"\",\"potentialAction\":[{\"@type\":\"SearchAction\",\"target\":{\"@type\":\"EntryPoint\",\"urlTemplate\":\"https:\/\/www.duboischemicals.com\/water-treatment\/fr\/?s={search_term_string}\"},\"query-input\":{\"@type\":\"PropertyValueSpecification\",\"valueRequired\":true,\"valueName\":\"search_term_string\"}}],\"inLanguage\":\"fr-FR\"}]}<\/script>\n<!-- \/ Yoast SEO plugin. -->","yoast_head_json":{"title":"Produits de nettoyage - Traitement des eaux","robots":{"index":"index","follow":"follow","max-snippet":"max-snippet:-1","max-image-preview":"max-image-preview:large","max-video-preview":"max-video-preview:-1"},"canonical":"https:\/\/www.duboischemicals.com\/water-treatment\/fr\/products\/clean-up-products\/","og_locale":"fr_FR","og_type":"article","og_title":"Produits de nettoyage - Traitement des eaux","og_description":"Depuis 1920, DuBois s&rsquo;est sp\u00e9cialis\u00e9 dans les produits de nettoyage au service de plusieurs industries, entreprises commerciales et institutions. Les d\u00e9tartrants et autres produits de nettoyage con\u00e7us sp\u00e9cifiquement pour les syst\u00e8mes de traitement des eaux...","og_url":"https:\/\/www.duboischemicals.com\/water-treatment\/fr\/products\/clean-up-products\/","og_site_name":"Traitement des eaux","article_modified_time":"2021-02-11T11:55:20+00:00","twitter_card":"summary_large_image","twitter_misc":{"Dur\u00e9e de lecture estim\u00e9e":"2 minutes"},"schema":{"@context":"https:\/\/schema.org","@graph":[{"@type":"WebPage","@id":"https:\/\/www.duboischemicals.com\/water-treatment\/fr\/products\/clean-up-products\/","url":"https:\/\/www.duboischemicals.com\/water-treatment\/fr\/products\/clean-up-products\/","name":"Produits de nettoyage - Traitement des eaux","isPartOf":{"@id":"https:\/\/www.duboischemicals.com\/water-treatment\/fr\/#website"},"datePublished":"2020-11-30T12:36:37+00:00","dateModified":"2021-02-11T11:55:20+00:00","breadcrumb":{"@id":"https:\/\/www.duboischemicals.com\/water-treatment\/fr\/products\/clean-up-products\/#breadcrumb"},"inLanguage":"fr-FR","potentialAction":[{"@type":"ReadAction","target":["https:\/\/www.duboischemicals.com\/water-treatment\/fr\/products\/clean-up-products\/"]}]},{"@type":"BreadcrumbList","@id":"https:\/\/www.duboischemicals.com\/water-treatment\/fr\/products\/clean-up-products\/#breadcrumb","itemListElement":[{"@type":"ListItem","position":1,"name":"Accueil","item":"https:\/\/www.duboischemicals.com\/water-treatment\/fr\/"},{"@type":"ListItem","position":2,"name":"Produits","item":"https:\/\/www.duboischemicals.com\/water-treatment\/fr\/products\/"},{"@type":"ListItem","position":3,"name":"Produits de nettoyage"}]},{"@type":"WebSite","@id":"https:\/\/www.duboischemicals.com\/water-treatment\/fr\/#website","url":"https:\/\/www.duboischemicals.com\/water-treatment\/fr\/","name":"Traitement des eaux","description":"","potentialAction":[{"@type":"SearchAction","target":{"@type":"EntryPoint","urlTemplate":"https:\/\/www.duboischemicals.com\/water-treatment\/fr\/?s={search_term_string}"},"query-input":{"@type":"PropertyValueSpecification","valueRequired":true,"valueName":"search_term_string"}}],"inLanguage":"fr-FR"}]}},"_links":{"self":[{"href":"https:\/\/www.duboischemicals.com\/water-treatment\/fr\/wp-json\/wp\/v2\/pages\/10939","targetHints":{"allow":["GET"]}}],"collection":[{"href":"https:\/\/www.duboischemicals.com\/water-treatment\/fr\/wp-json\/wp\/v2\/pages"}],"about":[{"href":"https:\/\/www.duboischemicals.com\/water-treatment\/fr\/wp-json\/wp\/v2\/types\/page"}],"author":[{"embeddable":true,"href":"https:\/\/www.duboischemicals.com\/water-treatment\/fr\/wp-json\/wp\/v2\/users\/220"}],"replies":[{"embeddable":true,"href":"https:\/\/www.duboischemicals.com\/water-treatment\/fr\/wp-json\/wp\/v2\/comments?post=10939"}],"version-history":[{"count":4,"href":"https:\/\/www.duboischemicals.com\/water-treatment\/fr\/wp-json\/wp\/v2\/pages\/10939\/revisions"}],"predecessor-version":[{"id":11590,"href":"https:\/\/www.duboischemicals.com\/water-treatment\/fr\/wp-json\/wp\/v2\/pages\/10939\/revisions\/11590"}],"up":[{"embeddable":true,"href":"https:\/\/www.duboischemicals.com\/water-treatment\/fr\/wp-json\/wp\/v2\/pages\/10899"}],"wp:attachment":[{"href":"https:\/\/www.duboischemicals.com\/water-treatment\/fr\/wp-json\/wp\/v2\/media?parent=10939"}],"curies":[{"name":"wp","href":"https:\/\/api.w.org\/{rel}","templated":true}]}}