{"id":10944,"date":"2020-11-30T07:36:38","date_gmt":"2020-11-30T12:36:38","guid":{"rendered":"https:\/\/www.duboischemicals.com\/\/water-treatment\/industries\/general-manufacturing\/"},"modified":"2021-02-16T07:05:45","modified_gmt":"2021-02-16T12:05:45","slug":"general-manufacturing","status":"publish","type":"page","link":"https:\/\/www.duboischemicals.com\/water-treatment\/fr\/industries\/general-manufacturing\/","title":{"rendered":"Fabrication g\u00e9n\u00e9rale"},"content":{"rendered":"<h2> Fabrication g\u00e9n\u00e9rale<\/h2>\n<p>La minimisation des co\u00fbts est la cl\u00e9 de la production de produits qui peuvent \u00eatre concurrentiels sur le march\u00e9 mondial. Le service de gestion de l&rsquo;eau de DuBois peut vous permettre d&rsquo;atteindre vos objectifs de r\u00e9duction des co\u00fbts en mettant en \u0153uvre des programmes qui minimisent la consommation d&rsquo;eau, de produits chimiques et d&rsquo;\u00e9nergie. Les programmes de traitement des eaux us\u00e9es de DuBois permettent de r\u00e9duire les co\u00fbts associ\u00e9s au respect de la r\u00e9glementation sur les rejets.<\/p>\n<p>Le <a href=\"http:\/\/www.duboischemicals.com\/\/water-treatment\/equipment\/automation-control\/monitrol\/\">programme Monitrol<\/a> de DuBois permet de surveiller le traitement des tours de refroidissement tout comme d&rsquo;autres processus de fabrication cl\u00e9s. Monitrol permet de surveiller en temps r\u00e9el tous les param\u00e8tres cl\u00e9s du programme, y compris l&rsquo;utilisation de l&rsquo;eau, le potentiel de corrosion, la concentration chimique, le pH et la conductivit\u00e9, et peut envoyer des alertes lorsque ces param\u00e8tres sont en dehors des plages sp\u00e9cifi\u00e9es. Cela permet de garder le contr\u00f4le d&rsquo;un syst\u00e8me de refroidissement et d&rsquo;obtenir des r\u00e9sultats fiables et pr\u00e9visibles, ce qui permet d&rsquo;obtenir des syst\u00e8mes exempts d&rsquo;entartrage et de corrosion nuisibles et co\u00fbteux.<\/p>\n<p>Le DuBoisService est un autre outil qui permet de produire des r\u00e9sultats et d&rsquo;assurer une communication essentielle dans les environnements industriels. DuBoisService est un programme de gestion des donn\u00e9es bas\u00e9 sur le cloud pour stocker toutes les donn\u00e9es de vos processus de traitement de l&rsquo;eau, y compris les journaux des op\u00e9rateurs, les rapports de service et les donn\u00e9es des contr\u00f4leurs. Ces points de donn\u00e9es sont cod\u00e9s par couleur afin de fournir une r\u00e9f\u00e9rence visuelle facile pour d\u00e9terminer rapidement si un syst\u00e8me fonctionne dans les limites des param\u00e8tres sp\u00e9cifi\u00e9s. DuBoisService permet \u00e9galement d&rsquo;assembler facilement les donn\u00e9es sous forme de graphiques et de rapports afin de donner un aper\u00e7u historique du fonctionnement du syst\u00e8me.<\/p>\n<p>En outre, les programmes de microbiocide de DuBois et les programmes de r\u00e9duction des l\u00e9gionelles peuvent permettre d&rsquo;assurer la s\u00e9curit\u00e9 des employ\u00e9s et des visiteurs. DuBois poss\u00e8de une expertise dans la conception et la mise en \u0153uvre de plans de lutte contre les l\u00e9gionelles qui r\u00e9pondent aux directives de l&rsquo;ASHRAE et du CDC.<\/p>\n<p><strong>Produits et technologies\u00a0:<\/strong><\/p>\n<ul>\n<li><a href=\"http:\/\/www.duboischemicals.com\/\/water-treatment\/products\/cooling-water-treatment\/\">Traitement de l&rsquo;eau de refroidissement<\/a><\/li>\n<li><a href=\"http:\/\/www.duboischemicals.com\/\/water-treatment\/products\/legionella-control\/\">Lutte contre les l\u00e9gionelles<\/a><\/li>\n<li><a href=\"http:\/\/www.duboischemicals.com\/\/water-treatment\/products\/closed-loop-treatment\/\">Traitement en syst\u00e8me ferm\u00e9<\/a><\/li>\n<li><a href=\"http:\/\/www.duboischemicals.com\/\/water-treatment\/products\/boiler-water-treatment\/\">Traitement de l&rsquo;eau de chaudi\u00e8re<\/a><\/li>\n<li><a href=\"http:\/\/www.duboischemicals.com\/\/water-treatment\/products\/wastewater-treatment\/\">Traitement des eaux us\u00e9es<\/a><\/li>\n<li><a href=\"http:\/\/www.duboischemicals.com\/\/water-treatment\/service-support\/water-management-programs\/\">Programmes de traitement des eaux<\/a><\/li>\n<li><a href=\"http:\/\/www.duboischemicals.com\/\/water-treatment\/equipment\/automation-control\/\">Automatisation et contr\u00f4le<\/a><\/li>\n<li><a href=\"http:\/\/www.duboischemicals.com\/\/water-treatment\/products\/paintbooth-maintenance\/\">Entretien des cabines de peinture<\/a><\/li>\n<li><a href=\"http:\/\/www.duboischemicals.com\/\/water-treatment\/service-support\/data-management\/\">Gestion des donn\u00e9es DuBois<\/a><\/li>\n<\/ul>\n","protected":false},"excerpt":{"rendered":"<p>Fabrication g\u00e9n\u00e9rale La minimisation des co\u00fbts est la cl\u00e9 de la production de produits qui peuvent \u00eatre concurrentiels sur le march\u00e9 mondial. Le service de gestion de l&rsquo;eau de DuBois peut vous permettre d&rsquo;atteindre vos&#8230;<\/p>\n","protected":false},"author":220,"featured_media":0,"parent":10909,"menu_order":3,"comment_status":"closed","ping_status":"closed","template":"","meta":{"_acf_changed":false,"footnotes":""},"class_list":["post-10944","page","type-page","status-publish","hentry"],"acf":[],"yoast_head":"<!-- This site is optimized with the Yoast SEO plugin v26.8 - https:\/\/yoast.com\/product\/yoast-seo-wordpress\/ -->\n<title>Fabrication g\u00e9n\u00e9rale - Traitement des eaux<\/title>\n<meta name=\"robots\" content=\"index, follow, max-snippet:-1, max-image-preview:large, max-video-preview:-1\" \/>\n<link rel=\"canonical\" href=\"https:\/\/www.duboischemicals.com\/water-treatment\/fr\/industries\/general-manufacturing\/\" \/>\n<meta property=\"og:locale\" content=\"fr_FR\" \/>\n<meta property=\"og:type\" content=\"article\" \/>\n<meta property=\"og:title\" content=\"Fabrication g\u00e9n\u00e9rale - Traitement des eaux\" \/>\n<meta property=\"og:description\" content=\"Fabrication g\u00e9n\u00e9rale La minimisation des co\u00fbts est la cl\u00e9 de la production de produits qui peuvent \u00eatre concurrentiels sur le march\u00e9 mondial. Le service de gestion de l&rsquo;eau de DuBois peut vous permettre d&rsquo;atteindre vos...\" \/>\n<meta property=\"og:url\" content=\"https:\/\/www.duboischemicals.com\/water-treatment\/fr\/industries\/general-manufacturing\/\" \/>\n<meta property=\"og:site_name\" content=\"Traitement des eaux\" \/>\n<meta property=\"article:modified_time\" content=\"2021-02-16T12:05:45+00:00\" \/>\n<meta name=\"twitter:card\" content=\"summary_large_image\" \/>\n<meta name=\"twitter:label1\" content=\"Dur\u00e9e de lecture estim\u00e9e\" \/>\n\t<meta name=\"twitter:data1\" content=\"2 minutes\" \/>\n<script type=\"application\/ld+json\" class=\"yoast-schema-graph\">{\"@context\":\"https:\/\/schema.org\",\"@graph\":[{\"@type\":\"WebPage\",\"@id\":\"https:\/\/www.duboischemicals.com\/water-treatment\/fr\/industries\/general-manufacturing\/\",\"url\":\"https:\/\/www.duboischemicals.com\/water-treatment\/fr\/industries\/general-manufacturing\/\",\"name\":\"Fabrication g\u00e9n\u00e9rale - Traitement des eaux\",\"isPartOf\":{\"@id\":\"https:\/\/www.duboischemicals.com\/water-treatment\/fr\/#website\"},\"datePublished\":\"2020-11-30T12:36:38+00:00\",\"dateModified\":\"2021-02-16T12:05:45+00:00\",\"breadcrumb\":{\"@id\":\"https:\/\/www.duboischemicals.com\/water-treatment\/fr\/industries\/general-manufacturing\/#breadcrumb\"},\"inLanguage\":\"fr-FR\",\"potentialAction\":[{\"@type\":\"ReadAction\",\"target\":[\"https:\/\/www.duboischemicals.com\/water-treatment\/fr\/industries\/general-manufacturing\/\"]}]},{\"@type\":\"BreadcrumbList\",\"@id\":\"https:\/\/www.duboischemicals.com\/water-treatment\/fr\/industries\/general-manufacturing\/#breadcrumb\",\"itemListElement\":[{\"@type\":\"ListItem\",\"position\":1,\"name\":\"Accueil\",\"item\":\"https:\/\/www.duboischemicals.com\/water-treatment\/fr\/\"},{\"@type\":\"ListItem\",\"position\":2,\"name\":\"Industries\",\"item\":\"https:\/\/www.duboischemicals.com\/water-treatment\/fr\/industries\/\"},{\"@type\":\"ListItem\",\"position\":3,\"name\":\"Fabrication g\u00e9n\u00e9rale\"}]},{\"@type\":\"WebSite\",\"@id\":\"https:\/\/www.duboischemicals.com\/water-treatment\/fr\/#website\",\"url\":\"https:\/\/www.duboischemicals.com\/water-treatment\/fr\/\",\"name\":\"Traitement des eaux\",\"description\":\"\",\"potentialAction\":[{\"@type\":\"SearchAction\",\"target\":{\"@type\":\"EntryPoint\",\"urlTemplate\":\"https:\/\/www.duboischemicals.com\/water-treatment\/fr\/?s={search_term_string}\"},\"query-input\":{\"@type\":\"PropertyValueSpecification\",\"valueRequired\":true,\"valueName\":\"search_term_string\"}}],\"inLanguage\":\"fr-FR\"}]}<\/script>\n<!-- \/ Yoast SEO plugin. -->","yoast_head_json":{"title":"Fabrication g\u00e9n\u00e9rale - Traitement des eaux","robots":{"index":"index","follow":"follow","max-snippet":"max-snippet:-1","max-image-preview":"max-image-preview:large","max-video-preview":"max-video-preview:-1"},"canonical":"https:\/\/www.duboischemicals.com\/water-treatment\/fr\/industries\/general-manufacturing\/","og_locale":"fr_FR","og_type":"article","og_title":"Fabrication g\u00e9n\u00e9rale - Traitement des eaux","og_description":"Fabrication g\u00e9n\u00e9rale La minimisation des co\u00fbts est la cl\u00e9 de la production de produits qui peuvent \u00eatre concurrentiels sur le march\u00e9 mondial. Le service de gestion de l&rsquo;eau de DuBois peut vous permettre d&rsquo;atteindre vos...","og_url":"https:\/\/www.duboischemicals.com\/water-treatment\/fr\/industries\/general-manufacturing\/","og_site_name":"Traitement des eaux","article_modified_time":"2021-02-16T12:05:45+00:00","twitter_card":"summary_large_image","twitter_misc":{"Dur\u00e9e de lecture estim\u00e9e":"2 minutes"},"schema":{"@context":"https:\/\/schema.org","@graph":[{"@type":"WebPage","@id":"https:\/\/www.duboischemicals.com\/water-treatment\/fr\/industries\/general-manufacturing\/","url":"https:\/\/www.duboischemicals.com\/water-treatment\/fr\/industries\/general-manufacturing\/","name":"Fabrication g\u00e9n\u00e9rale - Traitement des eaux","isPartOf":{"@id":"https:\/\/www.duboischemicals.com\/water-treatment\/fr\/#website"},"datePublished":"2020-11-30T12:36:38+00:00","dateModified":"2021-02-16T12:05:45+00:00","breadcrumb":{"@id":"https:\/\/www.duboischemicals.com\/water-treatment\/fr\/industries\/general-manufacturing\/#breadcrumb"},"inLanguage":"fr-FR","potentialAction":[{"@type":"ReadAction","target":["https:\/\/www.duboischemicals.com\/water-treatment\/fr\/industries\/general-manufacturing\/"]}]},{"@type":"BreadcrumbList","@id":"https:\/\/www.duboischemicals.com\/water-treatment\/fr\/industries\/general-manufacturing\/#breadcrumb","itemListElement":[{"@type":"ListItem","position":1,"name":"Accueil","item":"https:\/\/www.duboischemicals.com\/water-treatment\/fr\/"},{"@type":"ListItem","position":2,"name":"Industries","item":"https:\/\/www.duboischemicals.com\/water-treatment\/fr\/industries\/"},{"@type":"ListItem","position":3,"name":"Fabrication g\u00e9n\u00e9rale"}]},{"@type":"WebSite","@id":"https:\/\/www.duboischemicals.com\/water-treatment\/fr\/#website","url":"https:\/\/www.duboischemicals.com\/water-treatment\/fr\/","name":"Traitement des eaux","description":"","potentialAction":[{"@type":"SearchAction","target":{"@type":"EntryPoint","urlTemplate":"https:\/\/www.duboischemicals.com\/water-treatment\/fr\/?s={search_term_string}"},"query-input":{"@type":"PropertyValueSpecification","valueRequired":true,"valueName":"search_term_string"}}],"inLanguage":"fr-FR"}]}},"_links":{"self":[{"href":"https:\/\/www.duboischemicals.com\/water-treatment\/fr\/wp-json\/wp\/v2\/pages\/10944","targetHints":{"allow":["GET"]}}],"collection":[{"href":"https:\/\/www.duboischemicals.com\/water-treatment\/fr\/wp-json\/wp\/v2\/pages"}],"about":[{"href":"https:\/\/www.duboischemicals.com\/water-treatment\/fr\/wp-json\/wp\/v2\/types\/page"}],"author":[{"embeddable":true,"href":"https:\/\/www.duboischemicals.com\/water-treatment\/fr\/wp-json\/wp\/v2\/users\/220"}],"replies":[{"embeddable":true,"href":"https:\/\/www.duboischemicals.com\/water-treatment\/fr\/wp-json\/wp\/v2\/comments?post=10944"}],"version-history":[{"count":5,"href":"https:\/\/www.duboischemicals.com\/water-treatment\/fr\/wp-json\/wp\/v2\/pages\/10944\/revisions"}],"predecessor-version":[{"id":11625,"href":"https:\/\/www.duboischemicals.com\/water-treatment\/fr\/wp-json\/wp\/v2\/pages\/10944\/revisions\/11625"}],"up":[{"embeddable":true,"href":"https:\/\/www.duboischemicals.com\/water-treatment\/fr\/wp-json\/wp\/v2\/pages\/10909"}],"wp:attachment":[{"href":"https:\/\/www.duboischemicals.com\/water-treatment\/fr\/wp-json\/wp\/v2\/media?parent=10944"}],"curies":[{"name":"wp","href":"https:\/\/api.w.org\/{rel}","templated":true}]}}