{"id":10955,"date":"2020-11-30T07:36:40","date_gmt":"2020-11-30T12:36:40","guid":{"rendered":"https:\/\/www.duboischemicals.com\/\/water-treatment\/industries\/healthcare\/"},"modified":"2021-02-03T08:36:28","modified_gmt":"2021-02-03T13:36:28","slug":"healthcare","status":"publish","type":"page","link":"https:\/\/www.duboischemicals.com\/water-treatment\/fr\/industries\/healthcare\/","title":{"rendered":"Soins de sant\u00e9"},"content":{"rendered":"<h2>Soins de sant\u00e9<\/h2>\n<p>Les h\u00f4pitaux et autres \u00e9tablissements de sant\u00e9 sont soumis \u00e0 une pression croissante quant \u00e0 la fourniture d&rsquo;eau propre pour leurs installations. Que l&rsquo;eau soit utilis\u00e9e pour le refroidissement, le chauffage ou \u00e0 d&rsquo;autres fins, elle doit non seulement \u00eatre exempte de toute croissance biologique importante, mais aussi de tartre, de corrosion et d&rsquo;autres facteurs qui peuvent permettre aux bact\u00e9ries (et aux l\u00e9gionelles) de se d\u00e9velopper. Les r\u00e9centes exigences des organisations gouvernementales et de l&rsquo;industrie (ASHRAE, par exemple) ont encore renforc\u00e9 la n\u00e9cessit\u00e9 pour les \u00e9tablissements de soins de sant\u00e9 d&rsquo;\u00e9laborer des plans de r\u00e9duction des l\u00e9gionelles.<\/p>\n<p>DuBois peut permettre non seulement d&rsquo;\u00e9laborer des plans de lutte contre les l\u00e9gionelles, mais aussi de les mettre en \u0153uvre et d&rsquo;en assurer le service en permanence. Nos experts en services travailleront de concert avec vous pour \u00e9tudier les syst\u00e8mes d&rsquo;eau de votre b\u00e2timent, puis ils \u00e9laboreront un plan de contr\u00f4le et de surveillance qui conviendra le mieux \u00e0 la conception de l&rsquo;installation d&rsquo;eau dans votre \u00e9tablissement.<\/p>\n<p>La chimie innovante de DuBois est con\u00e7ue pour pr\u00e9venir le tartre, la corrosion et la croissance microbiologique. Le <a href=\"http:\/\/www.duboischemicals.com\/\/water-treatment\/equipment\/automation-control\/monitrol\/\">programme Monitrol<\/a> de DuBois fournit des donn\u00e9es en temps r\u00e9el sur le syst\u00e8me afin que les dysfonctionnements soient rapidement d\u00e9tect\u00e9s et corrig\u00e9s, ce qui vous donne la certitude que votre programme de traitement se d\u00e9roule comme pr\u00e9vu. La plateforme PSB de DuBois est parfaite pour la livraison de produits chimiques dans les endroits difficiles d&rsquo;acc\u00e8s des tours et des chaudi\u00e8res, ce qui semble \u00eatre un probl\u00e8me courant dans les grandes installations hospitali\u00e8res plus anciennes.<\/p>\n<p>DuBoisService est l&rsquo;outil ultime \u00e0 utiliser pour la gestion des donn\u00e9es et la communication des cl\u00e9s, qui sont toutes deux requises dans les plans de gestion de l&rsquo;eau conformes \u00e0 l&rsquo;ASHRAE. DuBoisService est un programme bas\u00e9 sur le cloud qui permet de stocker toutes les donn\u00e9es du programme, y compris les journaux des op\u00e9rateurs, les rapports de service et les donn\u00e9es des contr\u00f4leurs. Tout le personnel cl\u00e9 peut acc\u00e9der aux donn\u00e9es et recevoir une copie de tous les rapports et mises \u00e0 jour du programme. Les donn\u00e9es historiques sont conserv\u00e9es ind\u00e9finiment et peuvent \u00eatre consult\u00e9es en cas d&rsquo;audit.<\/p>\n<p>En plus des programmes chimiques classiques de traitement de l&rsquo;eau, DuBois propose \u00e9galement les innovations suivantes pour le contr\u00f4le des l\u00e9gionelles et des bact\u00e9ries dans les \u00e9tablissements de sant\u00e9\u00a0:<\/p>\n<p><strong>G\u00e9n\u00e9ration de monochloramine de Sanipur<\/strong> \u2013 La d\u00e9sinfection secondaire devient rapidement la norme dans tous les \u00e9tablissements de sant\u00e9. L&rsquo;utilisation de la d\u00e9sinfection secondaire permet de lutter contre les l\u00e9gionelles et autres bact\u00e9ries nocives dans le r\u00e9seau d&rsquo;eau qui n&rsquo;ont pas \u00e9t\u00e9 contr\u00f4l\u00e9es par les processus de d\u00e9sinfection avant l&rsquo;arriv\u00e9e dans l&rsquo;\u00e9tablissement de soins. La monochloramine est sans danger pour les mat\u00e9riaux de construction courants et a une dur\u00e9e de vie plus longue que les autres d\u00e9sinfectants oxydants courants, ce qui lui permet de persister plus longtemps dans le syst\u00e8me et de tuer les organismes dans les biofilms et les jambes mortes, o\u00f9 la l\u00e9gionelle et d&rsquo;autres bact\u00e9ries se d\u00e9veloppent.<\/p>\n<p><strong>Filtration Nephros<\/strong> \u2013 Nephros est une gamme de filtres \u00e0 point d&rsquo;utilisation con\u00e7us pour \u00eatre install\u00e9s sur les \u00e9viers et les douches, ainsi que sur les machines \u00e0 glace et autres \u00e9quipements m\u00e9dicaux o\u00f9 l&rsquo;eau est utilis\u00e9e. Les filtres Nephros sont non seulement plus efficaces que leurs concurrents pour \u00e9liminer les bact\u00e9ries nocives, mais ils sont \u00e9galement plus rentables.<\/p>\n<p><strong>Produits et technologies\u00a0:<\/strong><\/p>\n<ul>\n<li><a href=\"http:\/\/www.duboischemicals.com\/\/water-treatment\/products\/legionella-control\/\">Lutte contre les l\u00e9gionelles<\/a><\/li>\n<li><a href=\"http:\/\/www.duboischemicals.com\/\/water-treatment\/products\/cooling-water-treatment\/\">Traitement de l&rsquo;eau de refroidissement<\/a><\/li>\n<li><a href=\"http:\/\/www.duboischemicals.com\/\/water-treatment\/equipment\/sanipur-monochloramine-generation\/\">G\u00e9n\u00e9ration de monochloramine de Sanipur<\/a><\/li>\n<li><a href=\"http:\/\/www.duboischemicals.com\/\/water-treatment\/equipment\/nephros-filtration\/\">Filtration Nephros<\/a><\/li>\n<li><a href=\"http:\/\/www.duboischemicals.com\/\/water-treatment\/products\/closed-loop-treatment\/\">Traitement en syst\u00e8me ferm\u00e9<\/a><\/li>\n<li><a href=\"http:\/\/www.duboischemicals.com\/\/water-treatment\/products\/boiler-water-treatment\/\">Traitement de l&rsquo;eau de chaudi\u00e8re<\/a><\/li>\n<li><a href=\"http:\/\/www.duboischemicals.com\/\/water-treatment\/products\/wastewater-treatment\/\">Traitement des eaux us\u00e9es<\/a><\/li>\n<li><a href=\"http:\/\/www.duboischemicals.com\/\/water-treatment\/service-support\/water-management-programs\/\">Programmes de traitement des eaux<\/a><\/li>\n<li><a href=\"http:\/\/www.duboischemicals.com\/\/water-treatment\/equipment\/automation-control\/\">Automatisation et contr\u00f4le<\/a><\/li>\n<li><a href=\"http:\/\/www.duboischemicals.com\/\/water-treatment\/service-support\/data-management\/\">Gestion des donn\u00e9es DuBois<\/a><\/li>\n<li><a href=\"http:\/\/www.duboischemicals.com\/\/water-treatment\/equipment\/pbb\/\">Poudre emball\u00e9e en format \u00ab\u00a0Bag in a Box\u00a0\u00bb <\/a><\/li>\n<\/ul>\n","protected":false},"excerpt":{"rendered":"<p>Soins de sant\u00e9 Les h\u00f4pitaux et autres \u00e9tablissements de sant\u00e9 sont soumis \u00e0 une pression croissante quant \u00e0 la fourniture d&rsquo;eau propre pour leurs installations. Que l&rsquo;eau soit utilis\u00e9e pour le refroidissement, le chauffage ou&#8230;<\/p>\n","protected":false},"author":220,"featured_media":0,"parent":10909,"menu_order":5,"comment_status":"closed","ping_status":"closed","template":"","meta":{"_acf_changed":false,"footnotes":""},"class_list":["post-10955","page","type-page","status-publish","hentry"],"acf":[],"yoast_head":"<!-- This site is optimized with the Yoast SEO plugin v26.8 - https:\/\/yoast.com\/product\/yoast-seo-wordpress\/ -->\n<title>Soins de sant\u00e9 - Traitement des eaux<\/title>\n<meta name=\"robots\" content=\"index, follow, max-snippet:-1, max-image-preview:large, max-video-preview:-1\" \/>\n<link rel=\"canonical\" href=\"https:\/\/www.duboischemicals.com\/water-treatment\/fr\/industries\/healthcare\/\" \/>\n<meta property=\"og:locale\" content=\"fr_FR\" \/>\n<meta property=\"og:type\" content=\"article\" \/>\n<meta property=\"og:title\" content=\"Soins de sant\u00e9 - Traitement des eaux\" \/>\n<meta property=\"og:description\" content=\"Soins de sant\u00e9 Les h\u00f4pitaux et autres \u00e9tablissements de sant\u00e9 sont soumis \u00e0 une pression croissante quant \u00e0 la fourniture d&rsquo;eau propre pour leurs installations. Que l&rsquo;eau soit utilis\u00e9e pour le refroidissement, le chauffage ou...\" \/>\n<meta property=\"og:url\" content=\"https:\/\/www.duboischemicals.com\/water-treatment\/fr\/industries\/healthcare\/\" \/>\n<meta property=\"og:site_name\" content=\"Traitement des eaux\" \/>\n<meta property=\"article:modified_time\" content=\"2021-02-03T13:36:28+00:00\" \/>\n<meta name=\"twitter:card\" content=\"summary_large_image\" \/>\n<meta name=\"twitter:label1\" content=\"Dur\u00e9e de lecture estim\u00e9e\" \/>\n\t<meta name=\"twitter:data1\" content=\"3 minutes\" \/>\n<script type=\"application\/ld+json\" class=\"yoast-schema-graph\">{\"@context\":\"https:\/\/schema.org\",\"@graph\":[{\"@type\":\"WebPage\",\"@id\":\"https:\/\/www.duboischemicals.com\/water-treatment\/fr\/industries\/healthcare\/\",\"url\":\"https:\/\/www.duboischemicals.com\/water-treatment\/fr\/industries\/healthcare\/\",\"name\":\"Soins de sant\u00e9 - Traitement des eaux\",\"isPartOf\":{\"@id\":\"https:\/\/www.duboischemicals.com\/water-treatment\/fr\/#website\"},\"datePublished\":\"2020-11-30T12:36:40+00:00\",\"dateModified\":\"2021-02-03T13:36:28+00:00\",\"breadcrumb\":{\"@id\":\"https:\/\/www.duboischemicals.com\/water-treatment\/fr\/industries\/healthcare\/#breadcrumb\"},\"inLanguage\":\"fr-FR\",\"potentialAction\":[{\"@type\":\"ReadAction\",\"target\":[\"https:\/\/www.duboischemicals.com\/water-treatment\/fr\/industries\/healthcare\/\"]}]},{\"@type\":\"BreadcrumbList\",\"@id\":\"https:\/\/www.duboischemicals.com\/water-treatment\/fr\/industries\/healthcare\/#breadcrumb\",\"itemListElement\":[{\"@type\":\"ListItem\",\"position\":1,\"name\":\"Accueil\",\"item\":\"https:\/\/www.duboischemicals.com\/water-treatment\/fr\/\"},{\"@type\":\"ListItem\",\"position\":2,\"name\":\"Industries\",\"item\":\"https:\/\/www.duboischemicals.com\/water-treatment\/fr\/industries\/\"},{\"@type\":\"ListItem\",\"position\":3,\"name\":\"Soins de sant\u00e9\"}]},{\"@type\":\"WebSite\",\"@id\":\"https:\/\/www.duboischemicals.com\/water-treatment\/fr\/#website\",\"url\":\"https:\/\/www.duboischemicals.com\/water-treatment\/fr\/\",\"name\":\"Traitement des eaux\",\"description\":\"\",\"potentialAction\":[{\"@type\":\"SearchAction\",\"target\":{\"@type\":\"EntryPoint\",\"urlTemplate\":\"https:\/\/www.duboischemicals.com\/water-treatment\/fr\/?s={search_term_string}\"},\"query-input\":{\"@type\":\"PropertyValueSpecification\",\"valueRequired\":true,\"valueName\":\"search_term_string\"}}],\"inLanguage\":\"fr-FR\"}]}<\/script>\n<!-- \/ Yoast SEO plugin. -->","yoast_head_json":{"title":"Soins de sant\u00e9 - Traitement des eaux","robots":{"index":"index","follow":"follow","max-snippet":"max-snippet:-1","max-image-preview":"max-image-preview:large","max-video-preview":"max-video-preview:-1"},"canonical":"https:\/\/www.duboischemicals.com\/water-treatment\/fr\/industries\/healthcare\/","og_locale":"fr_FR","og_type":"article","og_title":"Soins de sant\u00e9 - Traitement des eaux","og_description":"Soins de sant\u00e9 Les h\u00f4pitaux et autres \u00e9tablissements de sant\u00e9 sont soumis \u00e0 une pression croissante quant \u00e0 la fourniture d&rsquo;eau propre pour leurs installations. Que l&rsquo;eau soit utilis\u00e9e pour le refroidissement, le chauffage ou...","og_url":"https:\/\/www.duboischemicals.com\/water-treatment\/fr\/industries\/healthcare\/","og_site_name":"Traitement des eaux","article_modified_time":"2021-02-03T13:36:28+00:00","twitter_card":"summary_large_image","twitter_misc":{"Dur\u00e9e de lecture estim\u00e9e":"3 minutes"},"schema":{"@context":"https:\/\/schema.org","@graph":[{"@type":"WebPage","@id":"https:\/\/www.duboischemicals.com\/water-treatment\/fr\/industries\/healthcare\/","url":"https:\/\/www.duboischemicals.com\/water-treatment\/fr\/industries\/healthcare\/","name":"Soins de sant\u00e9 - Traitement des eaux","isPartOf":{"@id":"https:\/\/www.duboischemicals.com\/water-treatment\/fr\/#website"},"datePublished":"2020-11-30T12:36:40+00:00","dateModified":"2021-02-03T13:36:28+00:00","breadcrumb":{"@id":"https:\/\/www.duboischemicals.com\/water-treatment\/fr\/industries\/healthcare\/#breadcrumb"},"inLanguage":"fr-FR","potentialAction":[{"@type":"ReadAction","target":["https:\/\/www.duboischemicals.com\/water-treatment\/fr\/industries\/healthcare\/"]}]},{"@type":"BreadcrumbList","@id":"https:\/\/www.duboischemicals.com\/water-treatment\/fr\/industries\/healthcare\/#breadcrumb","itemListElement":[{"@type":"ListItem","position":1,"name":"Accueil","item":"https:\/\/www.duboischemicals.com\/water-treatment\/fr\/"},{"@type":"ListItem","position":2,"name":"Industries","item":"https:\/\/www.duboischemicals.com\/water-treatment\/fr\/industries\/"},{"@type":"ListItem","position":3,"name":"Soins de sant\u00e9"}]},{"@type":"WebSite","@id":"https:\/\/www.duboischemicals.com\/water-treatment\/fr\/#website","url":"https:\/\/www.duboischemicals.com\/water-treatment\/fr\/","name":"Traitement des eaux","description":"","potentialAction":[{"@type":"SearchAction","target":{"@type":"EntryPoint","urlTemplate":"https:\/\/www.duboischemicals.com\/water-treatment\/fr\/?s={search_term_string}"},"query-input":{"@type":"PropertyValueSpecification","valueRequired":true,"valueName":"search_term_string"}}],"inLanguage":"fr-FR"}]}},"_links":{"self":[{"href":"https:\/\/www.duboischemicals.com\/water-treatment\/fr\/wp-json\/wp\/v2\/pages\/10955","targetHints":{"allow":["GET"]}}],"collection":[{"href":"https:\/\/www.duboischemicals.com\/water-treatment\/fr\/wp-json\/wp\/v2\/pages"}],"about":[{"href":"https:\/\/www.duboischemicals.com\/water-treatment\/fr\/wp-json\/wp\/v2\/types\/page"}],"author":[{"embeddable":true,"href":"https:\/\/www.duboischemicals.com\/water-treatment\/fr\/wp-json\/wp\/v2\/users\/220"}],"replies":[{"embeddable":true,"href":"https:\/\/www.duboischemicals.com\/water-treatment\/fr\/wp-json\/wp\/v2\/comments?post=10955"}],"version-history":[{"count":3,"href":"https:\/\/www.duboischemicals.com\/water-treatment\/fr\/wp-json\/wp\/v2\/pages\/10955\/revisions"}],"predecessor-version":[{"id":11526,"href":"https:\/\/www.duboischemicals.com\/water-treatment\/fr\/wp-json\/wp\/v2\/pages\/10955\/revisions\/11526"}],"up":[{"embeddable":true,"href":"https:\/\/www.duboischemicals.com\/water-treatment\/fr\/wp-json\/wp\/v2\/pages\/10909"}],"wp:attachment":[{"href":"https:\/\/www.duboischemicals.com\/water-treatment\/fr\/wp-json\/wp\/v2\/media?parent=10955"}],"curies":[{"name":"wp","href":"https:\/\/api.w.org\/{rel}","templated":true}]}}